{"id":614,"date":"2016-04-09T11:23:32","date_gmt":"2016-04-09T09:23:32","guid":{"rendered":"https:\/\/www.true-trust.de\/Backup\/?page_id=614"},"modified":"2016-12-03T23:43:45","modified_gmt":"2016-12-03T22:43:45","slug":"pressemitteilungen","status":"publish","type":"page","link":"https:\/\/www.true-trust.de\/Backup\/fraktionsarbeit\/pressemitteilungen\/","title":{"rendered":"Pressemitteilungen der UWG Fraktion"},"content":{"rendered":"<p>Guten Tag,<\/p>\n<p>auf dieser Seite finden Sie, in kompakter Darstellung, alle Pressemitteilungen der UWG Fraktion im Rat der Stadt Radevormwald.<\/p>\n\n<table id=\"tablepress-9\" class=\"tablepress tablepress-id-9\">\n<thead>\n<tr class=\"row-1 odd\">\n\t<th class=\"column-1\">Thema<\/th><th class=\"column-2\">Beschreibung<\/th><th class=\"column-3\">Datum<\/th><th class=\"column-4\">Download<\/th>\n<\/tr>\n<\/thead>\n<tbody class=\"row-hover\">\n<tr class=\"row-2 even\">\n\t<td class=\"column-1\">Darstellung des Stadtverordneten Fritz Ullmann im Stadtnetz<\/td><td class=\"column-2\">Artikel des Stadtverordneten Fritz Ullmann im Stadtnetz <\/td><td class=\"column-3\">18.11.2016<\/td><td class=\"column-4\"><a href=\"https:\/\/www.true-trust.de\/Backup\/wp-content\/uploads\/2016\/12\/161210_Pressemitteilung-LF.pdf\">Link<\/a><\/td>\n<\/tr>\n<tr class=\"row-3 odd\">\n\t<td class=\"column-1\">Stadtentwicklung<\/td><td class=\"column-2\">UWG fordert Erstellung eines ganzheitlichen Stadtentwicklungskonzeptes<\/td><td class=\"column-3\">18.11.2016<\/td><td class=\"column-4\"><a href=\"https:\/\/www.true-trust.de\/Backup\/wp-content\/uploads\/2016\/11\/161118_Pressemitteilung-ganzheitliche-Stadtentwicklung.pdf\">Link<\/a><\/td>\n<\/tr>\n<tr class=\"row-4 even\">\n\t<td class=\"column-1\">Jahnplatz<\/td><td class=\"column-2\">UWG fordert Einstellung der Bebauung des Jahnplatzes<\/td><td class=\"column-3\">9.4.2016<\/td><td class=\"column-4\"><a href=\"https:\/\/www.true-trust.de\/Backup\/wp-content\/uploads\/2016\/11\/160409_Pressemitteilung-Jahnplatz.pdf\">Link<\/a><\/td>\n<\/tr>\n<\/tbody>\n<\/table>\n<!-- #tablepress-9 from cache -->\n<p>Haben Sie Fragen oder Anregungen zu unserer politischen Arbeit?<\/p>\n<p>Sie k\u00f6nnen uns unter <a href=\"https:\/\/www.true-trust.de\/Backup\/kontakt-2\/kontaktformular\/\" target=\"_blank\">Kontakt UWG<\/a> jederzeit erreichen.<\/p>\n<p>Mit unabh\u00e4ngigen Gr\u00fc\u00dfen<\/p>\n<p>ihre UWG Fraktion im Rat der Stadt Radevormwald<\/p>\n<p>&nbsp;<\/p>\n","protected":false},"excerpt":{"rendered":"<p>Guten Tag, auf dieser Seite finden Sie, in kompakter Darstellung, alle Pressemitteilungen der UWG Fraktion im Rat der Stadt Radevormwald. Haben Sie Fragen oder Anregungen zu unserer politischen Arbeit? Sie k\u00f6nnen uns unter Kontakt UWG jederzeit erreichen. Mit unabh\u00e4ngigen Gr\u00fc\u00dfen ihre UWG Fraktion im Rat der Stadt Radevormwald &nbsp;<\/p>\n","protected":false},"author":8,"featured_media":0,"parent":21,"menu_order":2,"comment_status":"closed","ping_status":"closed","template":"","meta":{"ngg_post_thumbnail":0,"_mc_calendar":[],"footnotes":""},"class_list":["post-614","page","type-page","status-publish","hentry"],"yoast_head":"<!-- This site is optimized with the Yoast SEO plugin v21.3 - https:\/\/yoast.com\/wordpress\/plugins\/seo\/ -->\n<title>Pressemitteilungen der UWG Fraktion &#8211; UWG Radevormwald UWG Radevormwald<\/title>\n<meta name=\"description\" content=\"Guten Tag, auf dieser Seite finden Sie, in kompakter Darstellung, alle Pressemitteilungen der UWG Fraktion im Rat der Stadt Radevormwald. Haben Sie Fragen\" \/>\n<meta name=\"robots\" content=\"index, follow, max-snippet:-1, max-image-preview:large, max-video-preview:-1\" \/>\n<link rel=\"canonical\" href=\"https:\/\/www.true-trust.de\/Backup\/fraktionsarbeit\/pressemitteilungen\/\" \/>\n<meta property=\"og:locale\" content=\"de_DE\" \/>\n<meta property=\"og:type\" content=\"article\" \/>\n<meta property=\"og:title\" content=\"Pressemitteilungen der UWG Fraktion &#8211; UWG Radevormwald UWG Radevormwald\" \/>\n<meta property=\"og:description\" content=\"Guten Tag, auf dieser Seite finden Sie, in kompakter Darstellung, alle Pressemitteilungen der UWG Fraktion im Rat der Stadt Radevormwald. Haben Sie Fragen\" \/>\n<meta property=\"og:url\" content=\"https:\/\/www.true-trust.de\/Backup\/fraktionsarbeit\/pressemitteilungen\/\" \/>\n<meta property=\"og:site_name\" content=\"UWG Radevormwald\" \/>\n<meta property=\"article:modified_time\" content=\"2016-12-03T22:43:45+00:00\" \/>\n<meta name=\"twitter:card\" content=\"summary_large_image\" \/>\n<meta name=\"twitter:site\" content=\"@UWGRadevormwald\" \/>\n<script type=\"application\/ld+json\" class=\"yoast-schema-graph\">{\"@context\":\"https:\/\/schema.org\",\"@graph\":[{\"@type\":\"WebPage\",\"@id\":\"https:\/\/www.true-trust.de\/Backup\/fraktionsarbeit\/pressemitteilungen\/\",\"url\":\"https:\/\/www.true-trust.de\/Backup\/fraktionsarbeit\/pressemitteilungen\/\",\"name\":\"Pressemitteilungen der UWG Fraktion &#8211; UWG Radevormwald UWG Radevormwald\",\"isPartOf\":{\"@id\":\"https:\/\/www.true-trust.de\/Backup\/#website\"},\"datePublished\":\"2016-04-09T09:23:32+00:00\",\"dateModified\":\"2016-12-03T22:43:45+00:00\",\"description\":\"Guten Tag, auf dieser Seite finden Sie, in kompakter Darstellung, alle Pressemitteilungen der UWG Fraktion im Rat der Stadt Radevormwald. Haben Sie Fragen\",\"breadcrumb\":{\"@id\":\"https:\/\/www.true-trust.de\/Backup\/fraktionsarbeit\/pressemitteilungen\/#breadcrumb\"},\"inLanguage\":\"de\",\"potentialAction\":[{\"@type\":\"ReadAction\",\"target\":[\"https:\/\/www.true-trust.de\/Backup\/fraktionsarbeit\/pressemitteilungen\/\"]}]},{\"@type\":\"BreadcrumbList\",\"@id\":\"https:\/\/www.true-trust.de\/Backup\/fraktionsarbeit\/pressemitteilungen\/#breadcrumb\",\"itemListElement\":[{\"@type\":\"ListItem\",\"position\":1,\"name\":\"Startseite\",\"item\":\"https:\/\/www.true-trust.de\/Backup\/\"},{\"@type\":\"ListItem\",\"position\":2,\"name\":\"Fraktionsarbeit\",\"item\":\"https:\/\/www.true-trust.de\/Backup\/fraktionsarbeit\/\"},{\"@type\":\"ListItem\",\"position\":3,\"name\":\"Pressemitteilungen der UWG Fraktion\"}]},{\"@type\":\"WebSite\",\"@id\":\"https:\/\/www.true-trust.de\/Backup\/#website\",\"url\":\"https:\/\/www.true-trust.de\/Backup\/\",\"name\":\"UWG Radevormwald\",\"description\":\"Webseite der Unabh\u00e4ngigen W\u00e4hlergemeinschaft Radevormwald\",\"publisher\":{\"@id\":\"https:\/\/www.true-trust.de\/Backup\/#organization\"},\"potentialAction\":[{\"@type\":\"SearchAction\",\"target\":{\"@type\":\"EntryPoint\",\"urlTemplate\":\"https:\/\/www.true-trust.de\/Backup\/?s={search_term_string}\"},\"query-input\":\"required name=search_term_string\"}],\"inLanguage\":\"de\"},{\"@type\":\"Organization\",\"@id\":\"https:\/\/www.true-trust.de\/Backup\/#organization\",\"name\":\"UWG Radevormwald e. V.\",\"url\":\"https:\/\/www.true-trust.de\/Backup\/\",\"logo\":{\"@type\":\"ImageObject\",\"inLanguage\":\"de\",\"@id\":\"https:\/\/www.true-trust.de\/Backup\/#\/schema\/logo\/image\/\",\"url\":\"https:\/\/www.true-trust.de\/Backup\/wp-content\/uploads\/2012\/01\/uwg.jpg\",\"contentUrl\":\"https:\/\/www.true-trust.de\/Backup\/wp-content\/uploads\/2012\/01\/uwg.jpg\",\"width\":\"300\",\"height\":\"217\",\"caption\":\"UWG Radevormwald e. V.\"},\"image\":{\"@id\":\"https:\/\/www.true-trust.de\/Backup\/#\/schema\/logo\/image\/\"},\"sameAs\":[\"https:\/\/twitter.com\/UWGRadevormwald\"]}]}<\/script>\n<!-- \/ Yoast SEO plugin. -->","yoast_head_json":{"title":"Pressemitteilungen der UWG Fraktion &#8211; UWG Radevormwald UWG Radevormwald","description":"Guten Tag, auf dieser Seite finden Sie, in kompakter Darstellung, alle Pressemitteilungen der UWG Fraktion im Rat der Stadt Radevormwald. Haben Sie Fragen","robots":{"index":"index","follow":"follow","max-snippet":"max-snippet:-1","max-image-preview":"max-image-preview:large","max-video-preview":"max-video-preview:-1"},"canonical":"https:\/\/www.true-trust.de\/Backup\/fraktionsarbeit\/pressemitteilungen\/","og_locale":"de_DE","og_type":"article","og_title":"Pressemitteilungen der UWG Fraktion &#8211; UWG Radevormwald UWG Radevormwald","og_description":"Guten Tag, auf dieser Seite finden Sie, in kompakter Darstellung, alle Pressemitteilungen der UWG Fraktion im Rat der Stadt Radevormwald. Haben Sie Fragen","og_url":"https:\/\/www.true-trust.de\/Backup\/fraktionsarbeit\/pressemitteilungen\/","og_site_name":"UWG Radevormwald","article_modified_time":"2016-12-03T22:43:45+00:00","twitter_card":"summary_large_image","twitter_site":"@UWGRadevormwald","schema":{"@context":"https:\/\/schema.org","@graph":[{"@type":"WebPage","@id":"https:\/\/www.true-trust.de\/Backup\/fraktionsarbeit\/pressemitteilungen\/","url":"https:\/\/www.true-trust.de\/Backup\/fraktionsarbeit\/pressemitteilungen\/","name":"Pressemitteilungen der UWG Fraktion &#8211; UWG Radevormwald UWG Radevormwald","isPartOf":{"@id":"https:\/\/www.true-trust.de\/Backup\/#website"},"datePublished":"2016-04-09T09:23:32+00:00","dateModified":"2016-12-03T22:43:45+00:00","description":"Guten Tag, auf dieser Seite finden Sie, in kompakter Darstellung, alle Pressemitteilungen der UWG Fraktion im Rat der Stadt Radevormwald. Haben Sie Fragen","breadcrumb":{"@id":"https:\/\/www.true-trust.de\/Backup\/fraktionsarbeit\/pressemitteilungen\/#breadcrumb"},"inLanguage":"de","potentialAction":[{"@type":"ReadAction","target":["https:\/\/www.true-trust.de\/Backup\/fraktionsarbeit\/pressemitteilungen\/"]}]},{"@type":"BreadcrumbList","@id":"https:\/\/www.true-trust.de\/Backup\/fraktionsarbeit\/pressemitteilungen\/#breadcrumb","itemListElement":[{"@type":"ListItem","position":1,"name":"Startseite","item":"https:\/\/www.true-trust.de\/Backup\/"},{"@type":"ListItem","position":2,"name":"Fraktionsarbeit","item":"https:\/\/www.true-trust.de\/Backup\/fraktionsarbeit\/"},{"@type":"ListItem","position":3,"name":"Pressemitteilungen der UWG Fraktion"}]},{"@type":"WebSite","@id":"https:\/\/www.true-trust.de\/Backup\/#website","url":"https:\/\/www.true-trust.de\/Backup\/","name":"UWG Radevormwald","description":"Webseite der Unabh\u00e4ngigen W\u00e4hlergemeinschaft Radevormwald","publisher":{"@id":"https:\/\/www.true-trust.de\/Backup\/#organization"},"potentialAction":[{"@type":"SearchAction","target":{"@type":"EntryPoint","urlTemplate":"https:\/\/www.true-trust.de\/Backup\/?s={search_term_string}"},"query-input":"required name=search_term_string"}],"inLanguage":"de"},{"@type":"Organization","@id":"https:\/\/www.true-trust.de\/Backup\/#organization","name":"UWG Radevormwald e. V.","url":"https:\/\/www.true-trust.de\/Backup\/","logo":{"@type":"ImageObject","inLanguage":"de","@id":"https:\/\/www.true-trust.de\/Backup\/#\/schema\/logo\/image\/","url":"https:\/\/www.true-trust.de\/Backup\/wp-content\/uploads\/2012\/01\/uwg.jpg","contentUrl":"https:\/\/www.true-trust.de\/Backup\/wp-content\/uploads\/2012\/01\/uwg.jpg","width":"300","height":"217","caption":"UWG Radevormwald e. V."},"image":{"@id":"https:\/\/www.true-trust.de\/Backup\/#\/schema\/logo\/image\/"},"sameAs":["https:\/\/twitter.com\/UWGRadevormwald"]}]}},"_links":{"self":[{"href":"https:\/\/www.true-trust.de\/Backup\/wp-json\/wp\/v2\/pages\/614","targetHints":{"allow":["GET"]}}],"collection":[{"href":"https:\/\/www.true-trust.de\/Backup\/wp-json\/wp\/v2\/pages"}],"about":[{"href":"https:\/\/www.true-trust.de\/Backup\/wp-json\/wp\/v2\/types\/page"}],"author":[{"embeddable":true,"href":"https:\/\/www.true-trust.de\/Backup\/wp-json\/wp\/v2\/users\/8"}],"replies":[{"embeddable":true,"href":"https:\/\/www.true-trust.de\/Backup\/wp-json\/wp\/v2\/comments?post=614"}],"version-history":[{"count":13,"href":"https:\/\/www.true-trust.de\/Backup\/wp-json\/wp\/v2\/pages\/614\/revisions"}],"predecessor-version":[{"id":2168,"href":"https:\/\/www.true-trust.de\/Backup\/wp-json\/wp\/v2\/pages\/614\/revisions\/2168"}],"up":[{"embeddable":true,"href":"https:\/\/www.true-trust.de\/Backup\/wp-json\/wp\/v2\/pages\/21"}],"wp:attachment":[{"href":"https:\/\/www.true-trust.de\/Backup\/wp-json\/wp\/v2\/media?parent=614"}],"curies":[{"name":"wp","href":"https:\/\/api.w.org\/{rel}","templated":true}]}}