{"id":612,"date":"2016-04-09T11:23:13","date_gmt":"2016-04-09T09:23:13","guid":{"rendered":"https:\/\/www.true-trust.de\/Backup\/?page_id=612"},"modified":"2021-05-23T20:27:37","modified_gmt":"2021-05-23T18:27:37","slug":"der-fraktionsvorsitzende","status":"publish","type":"page","link":"https:\/\/www.true-trust.de\/Backup\/fraktionsarbeit\/der-fraktionsvorsitzende\/","title":{"rendered":"Der Fraktionsvorsitzende"},"content":{"rendered":"<h4 style=\"text-align: center;\"><strong>Herzlich Willkommen auf der Seite des Fraktionsvorsitzenden der UWG Fraktion<\/strong><\/h4>\n<p><a class=\"shutterset_\" title=\"Bernd-Eric Hoffmann\" href=\"https:\/\/www.true-trust.de\/Backup\/wp-content\/gallery\/bilder_fraktion_neu\/eric-hoffmann.jpg\" data-description=\"Bernd-Eric Hoffmann\" data-title=\"Hoffmann, Bernd-Eric\" data-image-id=\"75\" data-thumbnail=\"https:\/\/www.true-trust.de\/Backup\/wp-content\/gallery\/bilder_fraktion_neu\/thumbs\/thumbs_eric-hoffmann.jpg\" data-src=\"https:\/\/www.true-trust.de\/Backup\/wp-content\/gallery\/bilder_fraktion_neu\/eric-hoffmann.jpg\"><img decoding=\"async\" class=\"ngg-singlepic ngg-none aligncenter\" src=\"https:\/\/www.true-trust.de\/Backup\/wp-content\/gallery\/bilder_fraktion_neu\/thumbs\/thumbs_eric-hoffmann.jpg\" alt=\"Hoffmann, Bernd-Eric\"><\/a><\/p>\n<p>Hier m\u00f6chte ich in unregelm\u00e4\u00dfigen Abst\u00e4nden aus der Arbeit eines Fraktionsvorsitzenden berichten und hoffe damit auch f\u00fcr die Arbeit in der drittgr\u00f6\u00dften Ratsfraktion des Rates der Stadt Radevormwald werben zu k\u00f6nnen.&nbsp;&nbsp;<\/p>\n<p><strong>Was sind die Aufgaben eines Fraktionsvorsitzenden?<\/strong><\/p>\n<ol>\n<li>Grunds\u00e4tzlich vertritt der Fraktionsvorsitzende die Fraktion nach au\u00dfen und&nbsp;legt die politische Richtung der Fraktion fest.<\/li>\n<li>Er ist&nbsp;Ansprechpartner f\u00fcr Presse, Verwaltung, etc.&nbsp;in allen Fragen der politischen Arbeit.&nbsp;<\/li>\n<li>Er organisiert und leitet die Fraktionssitzungen.<\/li>\n<li>Er k\u00fcmmert sich um den organisatorischen &#8220;Kram&#8221; der f\u00fcr das Funktionieren einer Fraktion notwendig ist.<\/li>\n<\/ol>\n<p>und am Ende versucht er daf\u00fcr zu sorgen das sich alle Mitglieder der Fraktion sich in der Fraktion und bei der politischen Arbeit wohl f\u00fchlen.&nbsp;<\/p>\n<p><strong>Was sollte \/ muss ein Fraktionsvorsitzender daf\u00fcr tun?<\/strong><\/p>\n<p>Grunds\u00e4tzlich sollte ein Fraktionsvorsitzender \u00fcber&nbsp;die gesamte politische Arbeit der in Fraktion&nbsp;zu mindestens ansatzweise Bescheid wissen. Sie k\u00f6nnen sich vorstellen das das bei ca. 20 Gremien&nbsp;(Aussch\u00fcsse,&nbsp;Rat, Aufsichtsr\u00e4te, etc.) sehr schwierig wenn nicht sogar unm\u00f6glich ist.&nbsp;Deswegen&nbsp;versuche&nbsp;ich, so oft es m\u00f6glich ist,&nbsp;in Aussch\u00fcssen in denen&nbsp;ich nicht ordentliches Mitglied&nbsp;als Zuh\u00f6rer dabei&nbsp;zu sein.&nbsp;Weiterhin&nbsp;formuliert der Fraktionsvorsitzende, nat\u00fcrlich in Zusammenarbeit mit den Ausschussmitgliedern,&nbsp;Antr\u00e4ge zur Vorlage in den Gremien aus. Dazu kommt die &#8220;Beobachtung&#8221; des&nbsp;politischen Umfeldes und Positionierung der Fraktion in allen Sachfragen.&nbsp;&nbsp;&nbsp;&nbsp;<\/p>\n<p>Generell ist es&nbsp;so das man als Fraktionsvorsitzender immer ansprechbar sein muss.<\/p>\n<p><strong>Wieviel Zeit muss man f\u00fcr das &#8220;Amt&#8221; aufwenden?<\/strong><\/p>\n<p>Pauschal kann man keine Zeitangabe machen. Wie im&nbsp;&#8220;normalen&#8221; Leben gibt Zeiten&nbsp;in denen man t\u00e4glich mehrere Stunden mit der Fraktionsarbeit verbringt. Genauso gibt es&nbsp;Phasen in denen die Fraktionsarbeit&nbsp;in wenigen Wochenstunden erledigt ist.&nbsp;&nbsp;&nbsp;&nbsp;&nbsp;&nbsp;<\/p>\n<p>So das sollte es vorerst mal als erste Meldung des Fraktionsvorsitzenden sein.<\/p>\n<p>Wenn Sie Kontakt mit mir aufnehmen wollen k\u00f6nnen Sie das gerne per Mail (<a href=\"mailto:bernd-eric.hoffmann@uwg-radevormwald.de\">bernd-eric.hoffmann@uwg-radevormwald.de<\/a>) oder telefonisch (0151-52411744)&nbsp; tun.<\/p>\n<p>Ich freue mich auf&nbsp;ihre Kontaktaufnahme und angeregte Gespr\u00e4che zum Wohle unsere Stadt.<\/p>\n<p>Mit unabh\u00e4ngigen Gr\u00fcssen<\/p>\n<p>Bernd-Eric Hoffmann&nbsp;&nbsp;<\/p>\n<p>&nbsp;<\/p>\n","protected":false},"excerpt":{"rendered":"<p>Herzlich Willkommen auf der Seite des Fraktionsvorsitzenden der UWG Fraktion Hier m\u00f6chte ich in unregelm\u00e4\u00dfigen Abst\u00e4nden aus der Arbeit eines Fraktionsvorsitzenden berichten und hoffe damit auch f\u00fcr die Arbeit in der drittgr\u00f6\u00dften Ratsfraktion des Rates der Stadt Radevormwald werben zu k\u00f6nnen.&nbsp;&nbsp; Was sind die Aufgaben eines Fraktionsvorsitzenden? Grunds\u00e4tzlich vertritt der Fraktionsvorsitzende die Fraktion nach au\u00dfen [&hellip;]<\/p>\n","protected":false},"author":8,"featured_media":1827,"parent":21,"menu_order":1,"comment_status":"closed","ping_status":"closed","template":"","meta":{"ngg_post_thumbnail":0,"_mc_calendar":[],"footnotes":""},"class_list":["post-612","page","type-page","status-publish","has-post-thumbnail","hentry"],"yoast_head":"<!-- This site is optimized with the Yoast SEO plugin v21.3 - https:\/\/yoast.com\/wordpress\/plugins\/seo\/ -->\n<title>Der Fraktionsvorsitzende &#8211; UWG Radevormwald UWG Radevormwald<\/title>\n<meta name=\"description\" content=\"Herzlich Willkommen auf der Seite des Fraktionsvorsitzenden der UWG Fraktion Hier m\u00f6chte ich in unregelm\u00e4\u00dfigen Abst\u00e4nden aus der Arbeit eines\" \/>\n<meta name=\"robots\" content=\"index, follow, max-snippet:-1, max-image-preview:large, max-video-preview:-1\" \/>\n<link rel=\"canonical\" href=\"https:\/\/www.true-trust.de\/Backup\/fraktionsarbeit\/der-fraktionsvorsitzende\/\" \/>\n<meta property=\"og:locale\" content=\"de_DE\" \/>\n<meta property=\"og:type\" content=\"article\" \/>\n<meta property=\"og:title\" content=\"Der Fraktionsvorsitzende &#8211; UWG Radevormwald UWG Radevormwald\" \/>\n<meta property=\"og:description\" content=\"Herzlich Willkommen auf der Seite des Fraktionsvorsitzenden der UWG Fraktion Hier m\u00f6chte ich in unregelm\u00e4\u00dfigen Abst\u00e4nden aus der Arbeit eines\" \/>\n<meta property=\"og:url\" content=\"https:\/\/www.true-trust.de\/Backup\/fraktionsarbeit\/der-fraktionsvorsitzende\/\" \/>\n<meta property=\"og:site_name\" content=\"UWG Radevormwald\" \/>\n<meta property=\"article:modified_time\" content=\"2021-05-23T18:27:37+00:00\" \/>\n<meta property=\"og:image\" content=\"https:\/\/www.true-trust.de\/Backup\/wp-content\/uploads\/ngg_featured\/eric-hoffmann.jpg\" \/>\n\t<meta property=\"og:image:width\" content=\"400\" \/>\n\t<meta property=\"og:image:height\" content=\"478\" \/>\n\t<meta property=\"og:image:type\" content=\"image\/jpeg\" \/>\n<meta name=\"twitter:card\" content=\"summary_large_image\" \/>\n<meta name=\"twitter:site\" content=\"@UWGRadevormwald\" \/>\n<meta name=\"twitter:label1\" content=\"Gesch\u00e4tzte Lesezeit\" \/>\n\t<meta name=\"twitter:data1\" content=\"2\u00a0Minuten\" \/>\n<script type=\"application\/ld+json\" class=\"yoast-schema-graph\">{\"@context\":\"https:\/\/schema.org\",\"@graph\":[{\"@type\":\"WebPage\",\"@id\":\"https:\/\/www.true-trust.de\/Backup\/fraktionsarbeit\/der-fraktionsvorsitzende\/\",\"url\":\"https:\/\/www.true-trust.de\/Backup\/fraktionsarbeit\/der-fraktionsvorsitzende\/\",\"name\":\"Der Fraktionsvorsitzende &#8211; UWG Radevormwald UWG Radevormwald\",\"isPartOf\":{\"@id\":\"https:\/\/www.true-trust.de\/Backup\/#website\"},\"datePublished\":\"2016-04-09T09:23:13+00:00\",\"dateModified\":\"2021-05-23T18:27:37+00:00\",\"description\":\"Herzlich Willkommen auf der Seite des Fraktionsvorsitzenden der UWG Fraktion Hier m\u00f6chte ich in unregelm\u00e4\u00dfigen Abst\u00e4nden aus der Arbeit eines\",\"breadcrumb\":{\"@id\":\"https:\/\/www.true-trust.de\/Backup\/fraktionsarbeit\/der-fraktionsvorsitzende\/#breadcrumb\"},\"inLanguage\":\"de\",\"potentialAction\":[{\"@type\":\"ReadAction\",\"target\":[\"https:\/\/www.true-trust.de\/Backup\/fraktionsarbeit\/der-fraktionsvorsitzende\/\"]}]},{\"@type\":\"BreadcrumbList\",\"@id\":\"https:\/\/www.true-trust.de\/Backup\/fraktionsarbeit\/der-fraktionsvorsitzende\/#breadcrumb\",\"itemListElement\":[{\"@type\":\"ListItem\",\"position\":1,\"name\":\"Startseite\",\"item\":\"https:\/\/www.true-trust.de\/Backup\/\"},{\"@type\":\"ListItem\",\"position\":2,\"name\":\"Fraktionsarbeit\",\"item\":\"https:\/\/www.true-trust.de\/Backup\/fraktionsarbeit\/\"},{\"@type\":\"ListItem\",\"position\":3,\"name\":\"Der Fraktionsvorsitzende\"}]},{\"@type\":\"WebSite\",\"@id\":\"https:\/\/www.true-trust.de\/Backup\/#website\",\"url\":\"https:\/\/www.true-trust.de\/Backup\/\",\"name\":\"UWG Radevormwald\",\"description\":\"Webseite der Unabh\u00e4ngigen W\u00e4hlergemeinschaft Radevormwald\",\"publisher\":{\"@id\":\"https:\/\/www.true-trust.de\/Backup\/#organization\"},\"potentialAction\":[{\"@type\":\"SearchAction\",\"target\":{\"@type\":\"EntryPoint\",\"urlTemplate\":\"https:\/\/www.true-trust.de\/Backup\/?s={search_term_string}\"},\"query-input\":\"required name=search_term_string\"}],\"inLanguage\":\"de\"},{\"@type\":\"Organization\",\"@id\":\"https:\/\/www.true-trust.de\/Backup\/#organization\",\"name\":\"UWG Radevormwald e. V.\",\"url\":\"https:\/\/www.true-trust.de\/Backup\/\",\"logo\":{\"@type\":\"ImageObject\",\"inLanguage\":\"de\",\"@id\":\"https:\/\/www.true-trust.de\/Backup\/#\/schema\/logo\/image\/\",\"url\":\"https:\/\/www.true-trust.de\/Backup\/wp-content\/uploads\/2012\/01\/uwg.jpg\",\"contentUrl\":\"https:\/\/www.true-trust.de\/Backup\/wp-content\/uploads\/2012\/01\/uwg.jpg\",\"width\":\"300\",\"height\":\"217\",\"caption\":\"UWG Radevormwald e. V.\"},\"image\":{\"@id\":\"https:\/\/www.true-trust.de\/Backup\/#\/schema\/logo\/image\/\"},\"sameAs\":[\"https:\/\/twitter.com\/UWGRadevormwald\"]}]}<\/script>\n<!-- \/ Yoast SEO plugin. -->","yoast_head_json":{"title":"Der Fraktionsvorsitzende &#8211; UWG Radevormwald UWG Radevormwald","description":"Herzlich Willkommen auf der Seite des Fraktionsvorsitzenden der UWG Fraktion Hier m\u00f6chte ich in unregelm\u00e4\u00dfigen Abst\u00e4nden aus der Arbeit eines","robots":{"index":"index","follow":"follow","max-snippet":"max-snippet:-1","max-image-preview":"max-image-preview:large","max-video-preview":"max-video-preview:-1"},"canonical":"https:\/\/www.true-trust.de\/Backup\/fraktionsarbeit\/der-fraktionsvorsitzende\/","og_locale":"de_DE","og_type":"article","og_title":"Der Fraktionsvorsitzende &#8211; UWG Radevormwald UWG Radevormwald","og_description":"Herzlich Willkommen auf der Seite des Fraktionsvorsitzenden der UWG Fraktion Hier m\u00f6chte ich in unregelm\u00e4\u00dfigen Abst\u00e4nden aus der Arbeit eines","og_url":"https:\/\/www.true-trust.de\/Backup\/fraktionsarbeit\/der-fraktionsvorsitzende\/","og_site_name":"UWG Radevormwald","article_modified_time":"2021-05-23T18:27:37+00:00","og_image":[{"width":400,"height":478,"url":"https:\/\/www.true-trust.de\/Backup\/wp-content\/uploads\/ngg_featured\/eric-hoffmann.jpg","type":"image\/jpeg"}],"twitter_card":"summary_large_image","twitter_site":"@UWGRadevormwald","twitter_misc":{"Gesch\u00e4tzte Lesezeit":"2\u00a0Minuten"},"schema":{"@context":"https:\/\/schema.org","@graph":[{"@type":"WebPage","@id":"https:\/\/www.true-trust.de\/Backup\/fraktionsarbeit\/der-fraktionsvorsitzende\/","url":"https:\/\/www.true-trust.de\/Backup\/fraktionsarbeit\/der-fraktionsvorsitzende\/","name":"Der Fraktionsvorsitzende &#8211; UWG Radevormwald UWG Radevormwald","isPartOf":{"@id":"https:\/\/www.true-trust.de\/Backup\/#website"},"datePublished":"2016-04-09T09:23:13+00:00","dateModified":"2021-05-23T18:27:37+00:00","description":"Herzlich Willkommen auf der Seite des Fraktionsvorsitzenden der UWG Fraktion Hier m\u00f6chte ich in unregelm\u00e4\u00dfigen Abst\u00e4nden aus der Arbeit eines","breadcrumb":{"@id":"https:\/\/www.true-trust.de\/Backup\/fraktionsarbeit\/der-fraktionsvorsitzende\/#breadcrumb"},"inLanguage":"de","potentialAction":[{"@type":"ReadAction","target":["https:\/\/www.true-trust.de\/Backup\/fraktionsarbeit\/der-fraktionsvorsitzende\/"]}]},{"@type":"BreadcrumbList","@id":"https:\/\/www.true-trust.de\/Backup\/fraktionsarbeit\/der-fraktionsvorsitzende\/#breadcrumb","itemListElement":[{"@type":"ListItem","position":1,"name":"Startseite","item":"https:\/\/www.true-trust.de\/Backup\/"},{"@type":"ListItem","position":2,"name":"Fraktionsarbeit","item":"https:\/\/www.true-trust.de\/Backup\/fraktionsarbeit\/"},{"@type":"ListItem","position":3,"name":"Der Fraktionsvorsitzende"}]},{"@type":"WebSite","@id":"https:\/\/www.true-trust.de\/Backup\/#website","url":"https:\/\/www.true-trust.de\/Backup\/","name":"UWG Radevormwald","description":"Webseite der Unabh\u00e4ngigen W\u00e4hlergemeinschaft Radevormwald","publisher":{"@id":"https:\/\/www.true-trust.de\/Backup\/#organization"},"potentialAction":[{"@type":"SearchAction","target":{"@type":"EntryPoint","urlTemplate":"https:\/\/www.true-trust.de\/Backup\/?s={search_term_string}"},"query-input":"required name=search_term_string"}],"inLanguage":"de"},{"@type":"Organization","@id":"https:\/\/www.true-trust.de\/Backup\/#organization","name":"UWG Radevormwald e. V.","url":"https:\/\/www.true-trust.de\/Backup\/","logo":{"@type":"ImageObject","inLanguage":"de","@id":"https:\/\/www.true-trust.de\/Backup\/#\/schema\/logo\/image\/","url":"https:\/\/www.true-trust.de\/Backup\/wp-content\/uploads\/2012\/01\/uwg.jpg","contentUrl":"https:\/\/www.true-trust.de\/Backup\/wp-content\/uploads\/2012\/01\/uwg.jpg","width":"300","height":"217","caption":"UWG Radevormwald e. V."},"image":{"@id":"https:\/\/www.true-trust.de\/Backup\/#\/schema\/logo\/image\/"},"sameAs":["https:\/\/twitter.com\/UWGRadevormwald"]}]}},"_links":{"self":[{"href":"https:\/\/www.true-trust.de\/Backup\/wp-json\/wp\/v2\/pages\/612","targetHints":{"allow":["GET"]}}],"collection":[{"href":"https:\/\/www.true-trust.de\/Backup\/wp-json\/wp\/v2\/pages"}],"about":[{"href":"https:\/\/www.true-trust.de\/Backup\/wp-json\/wp\/v2\/types\/page"}],"author":[{"embeddable":true,"href":"https:\/\/www.true-trust.de\/Backup\/wp-json\/wp\/v2\/users\/8"}],"replies":[{"embeddable":true,"href":"https:\/\/www.true-trust.de\/Backup\/wp-json\/wp\/v2\/comments?post=612"}],"version-history":[{"count":11,"href":"https:\/\/www.true-trust.de\/Backup\/wp-json\/wp\/v2\/pages\/612\/revisions"}],"predecessor-version":[{"id":21785,"href":"https:\/\/www.true-trust.de\/Backup\/wp-json\/wp\/v2\/pages\/612\/revisions\/21785"}],"up":[{"embeddable":true,"href":"https:\/\/www.true-trust.de\/Backup\/wp-json\/wp\/v2\/pages\/21"}],"wp:featuredmedia":[{"embeddable":true,"href":"https:\/\/www.true-trust.de\/Backup\/wp-json\/wp\/v2\/media\/1827"}],"wp:attachment":[{"href":"https:\/\/www.true-trust.de\/Backup\/wp-json\/wp\/v2\/media?parent=612"}],"curies":[{"name":"wp","href":"https:\/\/api.w.org\/{rel}","templated":true}]}}