{"id":5,"date":"2011-03-25T03:09:30","date_gmt":"2011-03-25T02:09:30","guid":{"rendered":"https:\/\/www.true-trust.de\/Backup\/?page_id=5"},"modified":"2016-12-04T16:33:30","modified_gmt":"2016-12-04T15:33:30","slug":"uwg-in-rade","status":"publish","type":"page","link":"https:\/\/www.true-trust.de\/Backup\/uwg-in-rade\/","title":{"rendered":"UWG in Rade"},"content":{"rendered":"<p>Guten Tag,<\/p>\n<p><span style=\"font-family: arial,helvetica,sans-serif;\">die unabh\u00e4ngige W\u00e4hlergemeinschaft in Radevormwald wurde als Alternative zu den traditionellen Parteien im Jahre 1998 von Menschen gegr\u00fcndet, die au\u00dferhalb der &#8220;\u00fcblichen&#8221; Parteien, die Entwicklung der Stadt Radevormwald gestalten wollten. <\/span><\/p>\n<p><span style=\"font-family: arial,helvetica,sans-serif;\">Wichtig f\u00fcr die Gr\u00fcnder war der Gedanke dass, unabh\u00e4ngig der Weisungen einer gro\u00dfen politischen Partei im Hintergrund, f\u00fcr die Stadt Radevormwald &#8220;das Beste&#8221; erreicht werden sollte. Darin erkennen wir den Begriff &#8220;Unabh\u00e4ngigkeit&#8221; und deswegen engagiert sich die UWG auch nur innerhalb von Radevormwald und nimmt an \u00fcbergeordneten Wahlen (Kreistag, Landtag, etc.) nicht teil. <\/span><\/p>\n<p><span style=\"font-family: arial,helvetica,sans-serif;\">Feste Koalitionen geht die UWG nicht ein. <\/span><\/p>\n<p><span style=\"font-family: arial,helvetica,sans-serif;\">Zusammenarbeit geschieht nur in Sachthemen nach dem Grundgedanken: <\/span><\/p>\n<p><strong><span style=\"font-family: arial,helvetica,sans-serif;\">&#8220;Wenn eine sinnvolle Idee zum Wohle von Radevormwald entsteht, wird die UWG diese Idee unterst\u00fctzen.&#8221;<\/span><\/strong><\/p>\n<p><span style=\"font-family: arial,helvetica,sans-serif;\">Dabei f\u00fchlen sich alle Mitglieder der Fraktion (Ratsmitglieder und sachkundige B\u00fcrger) alleine ihrem Gewissen verantwortlich. Eine Meinung &#8220;der Fraktion&#8221; oder eines einzelnen Mitglieds, der sogenannte &#8220;Fraktionszwang&#8221;, existiert bei der UWG nicht.<\/span><\/p>\n<p>\u00dcber allen Sachthemen steht f\u00fcr uns die feste \u00dcberzeugung das Extremismus, egal in welcher Auspr\u00e4gung, kein Weg f\u00fcr ein friedliches und soziales Leben sein kann.<\/p>\n<p>Das macht die Entscheidungsfindung bei vielen Themen aufw\u00e4ndiger als bei anderen Fraktionen. Dort kann man \u00f6fters den Eindruck haben das viele Entscheidung von einigen wenigen Verantwortlichen getroffen werden und der Rest der Fraktion einfach nur &#8220;mitzieht&#8221;.<\/p>\n<p>Die UWG Fraktion diskutiert die Themen gerne l\u00e4nger und intensiver bevor ein Antrag aus diesen Diskussionen entsteht. Daf\u00fcr sind unsere Vorschl\u00e4ge und Antr\u00e4ge oft zukunftsweisend und werden vielfach von den &#8220;grossen&#8221; Fraktionen Jahre sp\u00e4ter kopiert.<\/p>\n<p>Beispiele hierf\u00fcr sind dasEinkaufzentrum in Bergerhof, unsere Bem\u00fchungen zur Etablierung eines Controlling im Rathaus und die Aktivit\u00e4ten zur Erstellung eines ganzheitlichen Stadtentwicklungskonzeptes.<\/p>\n<p>mit unabh\u00e4ngigen Gr\u00fcssen<\/p>\n<p>ihre UWG Fraktion<\/p>\n<p>&nbsp;<\/p>\n","protected":false},"excerpt":{"rendered":"<p>Guten Tag, die unabh\u00e4ngige W\u00e4hlergemeinschaft in Radevormwald wurde als Alternative zu den traditionellen Parteien im Jahre 1998 von Menschen gegr\u00fcndet, die au\u00dferhalb der &#8220;\u00fcblichen&#8221; Parteien, die Entwicklung der Stadt Radevormwald gestalten wollten. Wichtig f\u00fcr die Gr\u00fcnder war der Gedanke dass, unabh\u00e4ngig der Weisungen einer gro\u00dfen politischen Partei im Hintergrund, f\u00fcr die Stadt Radevormwald &#8220;das Beste&#8221; [&hellip;]<\/p>\n","protected":false},"author":8,"featured_media":0,"parent":0,"menu_order":2,"comment_status":"closed","ping_status":"closed","template":"","meta":{"ngg_post_thumbnail":0,"_mc_calendar":[],"footnotes":""},"class_list":["post-5","page","type-page","status-publish","hentry"],"yoast_head":"<!-- This site is optimized with the Yoast SEO plugin v21.3 - https:\/\/yoast.com\/wordpress\/plugins\/seo\/ -->\n<title>UWG in Rade &#8211; UWG Radevormwald UWG Radevormwald<\/title>\n<meta name=\"description\" content=\"Guten Tag, die unabh\u00e4ngige W\u00e4hlergemeinschaft in Radevormwald wurde als Alternative zu den traditionellen Parteien im Jahre 1998 von Menschen gegr\u00fcndet,\" \/>\n<meta name=\"robots\" content=\"index, follow, max-snippet:-1, max-image-preview:large, max-video-preview:-1\" \/>\n<link rel=\"canonical\" href=\"https:\/\/www.true-trust.de\/Backup\/uwg-in-rade\/\" \/>\n<meta property=\"og:locale\" content=\"de_DE\" \/>\n<meta property=\"og:type\" content=\"article\" \/>\n<meta property=\"og:title\" content=\"UWG in Rade &#8211; UWG Radevormwald UWG Radevormwald\" \/>\n<meta property=\"og:description\" content=\"Guten Tag, die unabh\u00e4ngige W\u00e4hlergemeinschaft in Radevormwald wurde als Alternative zu den traditionellen Parteien im Jahre 1998 von Menschen gegr\u00fcndet,\" \/>\n<meta property=\"og:url\" content=\"https:\/\/www.true-trust.de\/Backup\/uwg-in-rade\/\" \/>\n<meta property=\"og:site_name\" content=\"UWG Radevormwald\" \/>\n<meta property=\"article:modified_time\" content=\"2016-12-04T15:33:30+00:00\" \/>\n<meta name=\"twitter:card\" content=\"summary_large_image\" \/>\n<meta name=\"twitter:site\" content=\"@UWGRadevormwald\" \/>\n<meta name=\"twitter:label1\" content=\"Gesch\u00e4tzte Lesezeit\" \/>\n\t<meta name=\"twitter:data1\" content=\"1\u00a0Minute\" \/>\n<script type=\"application\/ld+json\" class=\"yoast-schema-graph\">{\"@context\":\"https:\/\/schema.org\",\"@graph\":[{\"@type\":\"WebPage\",\"@id\":\"https:\/\/www.true-trust.de\/Backup\/uwg-in-rade\/\",\"url\":\"https:\/\/www.true-trust.de\/Backup\/uwg-in-rade\/\",\"name\":\"UWG in Rade &#8211; UWG Radevormwald UWG Radevormwald\",\"isPartOf\":{\"@id\":\"https:\/\/www.true-trust.de\/Backup\/#website\"},\"datePublished\":\"2011-03-25T02:09:30+00:00\",\"dateModified\":\"2016-12-04T15:33:30+00:00\",\"description\":\"Guten Tag, die unabh\u00e4ngige W\u00e4hlergemeinschaft in Radevormwald wurde als Alternative zu den traditionellen Parteien im Jahre 1998 von Menschen gegr\u00fcndet,\",\"breadcrumb\":{\"@id\":\"https:\/\/www.true-trust.de\/Backup\/uwg-in-rade\/#breadcrumb\"},\"inLanguage\":\"de\",\"potentialAction\":[{\"@type\":\"ReadAction\",\"target\":[\"https:\/\/www.true-trust.de\/Backup\/uwg-in-rade\/\"]}]},{\"@type\":\"BreadcrumbList\",\"@id\":\"https:\/\/www.true-trust.de\/Backup\/uwg-in-rade\/#breadcrumb\",\"itemListElement\":[{\"@type\":\"ListItem\",\"position\":1,\"name\":\"Startseite\",\"item\":\"https:\/\/www.true-trust.de\/Backup\/\"},{\"@type\":\"ListItem\",\"position\":2,\"name\":\"UWG in Rade\"}]},{\"@type\":\"WebSite\",\"@id\":\"https:\/\/www.true-trust.de\/Backup\/#website\",\"url\":\"https:\/\/www.true-trust.de\/Backup\/\",\"name\":\"UWG Radevormwald\",\"description\":\"Webseite der Unabh\u00e4ngigen W\u00e4hlergemeinschaft Radevormwald\",\"publisher\":{\"@id\":\"https:\/\/www.true-trust.de\/Backup\/#organization\"},\"potentialAction\":[{\"@type\":\"SearchAction\",\"target\":{\"@type\":\"EntryPoint\",\"urlTemplate\":\"https:\/\/www.true-trust.de\/Backup\/?s={search_term_string}\"},\"query-input\":\"required name=search_term_string\"}],\"inLanguage\":\"de\"},{\"@type\":\"Organization\",\"@id\":\"https:\/\/www.true-trust.de\/Backup\/#organization\",\"name\":\"UWG Radevormwald e. V.\",\"url\":\"https:\/\/www.true-trust.de\/Backup\/\",\"logo\":{\"@type\":\"ImageObject\",\"inLanguage\":\"de\",\"@id\":\"https:\/\/www.true-trust.de\/Backup\/#\/schema\/logo\/image\/\",\"url\":\"https:\/\/www.true-trust.de\/Backup\/wp-content\/uploads\/2012\/01\/uwg.jpg\",\"contentUrl\":\"https:\/\/www.true-trust.de\/Backup\/wp-content\/uploads\/2012\/01\/uwg.jpg\",\"width\":\"300\",\"height\":\"217\",\"caption\":\"UWG Radevormwald e. V.\"},\"image\":{\"@id\":\"https:\/\/www.true-trust.de\/Backup\/#\/schema\/logo\/image\/\"},\"sameAs\":[\"https:\/\/twitter.com\/UWGRadevormwald\"]}]}<\/script>\n<!-- \/ Yoast SEO plugin. -->","yoast_head_json":{"title":"UWG in Rade &#8211; UWG Radevormwald UWG Radevormwald","description":"Guten Tag, die unabh\u00e4ngige W\u00e4hlergemeinschaft in Radevormwald wurde als Alternative zu den traditionellen Parteien im Jahre 1998 von Menschen gegr\u00fcndet,","robots":{"index":"index","follow":"follow","max-snippet":"max-snippet:-1","max-image-preview":"max-image-preview:large","max-video-preview":"max-video-preview:-1"},"canonical":"https:\/\/www.true-trust.de\/Backup\/uwg-in-rade\/","og_locale":"de_DE","og_type":"article","og_title":"UWG in Rade &#8211; UWG Radevormwald UWG Radevormwald","og_description":"Guten Tag, die unabh\u00e4ngige W\u00e4hlergemeinschaft in Radevormwald wurde als Alternative zu den traditionellen Parteien im Jahre 1998 von Menschen gegr\u00fcndet,","og_url":"https:\/\/www.true-trust.de\/Backup\/uwg-in-rade\/","og_site_name":"UWG Radevormwald","article_modified_time":"2016-12-04T15:33:30+00:00","twitter_card":"summary_large_image","twitter_site":"@UWGRadevormwald","twitter_misc":{"Gesch\u00e4tzte Lesezeit":"1\u00a0Minute"},"schema":{"@context":"https:\/\/schema.org","@graph":[{"@type":"WebPage","@id":"https:\/\/www.true-trust.de\/Backup\/uwg-in-rade\/","url":"https:\/\/www.true-trust.de\/Backup\/uwg-in-rade\/","name":"UWG in Rade &#8211; UWG Radevormwald UWG Radevormwald","isPartOf":{"@id":"https:\/\/www.true-trust.de\/Backup\/#website"},"datePublished":"2011-03-25T02:09:30+00:00","dateModified":"2016-12-04T15:33:30+00:00","description":"Guten Tag, die unabh\u00e4ngige W\u00e4hlergemeinschaft in Radevormwald wurde als Alternative zu den traditionellen Parteien im Jahre 1998 von Menschen gegr\u00fcndet,","breadcrumb":{"@id":"https:\/\/www.true-trust.de\/Backup\/uwg-in-rade\/#breadcrumb"},"inLanguage":"de","potentialAction":[{"@type":"ReadAction","target":["https:\/\/www.true-trust.de\/Backup\/uwg-in-rade\/"]}]},{"@type":"BreadcrumbList","@id":"https:\/\/www.true-trust.de\/Backup\/uwg-in-rade\/#breadcrumb","itemListElement":[{"@type":"ListItem","position":1,"name":"Startseite","item":"https:\/\/www.true-trust.de\/Backup\/"},{"@type":"ListItem","position":2,"name":"UWG in Rade"}]},{"@type":"WebSite","@id":"https:\/\/www.true-trust.de\/Backup\/#website","url":"https:\/\/www.true-trust.de\/Backup\/","name":"UWG Radevormwald","description":"Webseite der Unabh\u00e4ngigen W\u00e4hlergemeinschaft Radevormwald","publisher":{"@id":"https:\/\/www.true-trust.de\/Backup\/#organization"},"potentialAction":[{"@type":"SearchAction","target":{"@type":"EntryPoint","urlTemplate":"https:\/\/www.true-trust.de\/Backup\/?s={search_term_string}"},"query-input":"required name=search_term_string"}],"inLanguage":"de"},{"@type":"Organization","@id":"https:\/\/www.true-trust.de\/Backup\/#organization","name":"UWG Radevormwald e. V.","url":"https:\/\/www.true-trust.de\/Backup\/","logo":{"@type":"ImageObject","inLanguage":"de","@id":"https:\/\/www.true-trust.de\/Backup\/#\/schema\/logo\/image\/","url":"https:\/\/www.true-trust.de\/Backup\/wp-content\/uploads\/2012\/01\/uwg.jpg","contentUrl":"https:\/\/www.true-trust.de\/Backup\/wp-content\/uploads\/2012\/01\/uwg.jpg","width":"300","height":"217","caption":"UWG Radevormwald e. V."},"image":{"@id":"https:\/\/www.true-trust.de\/Backup\/#\/schema\/logo\/image\/"},"sameAs":["https:\/\/twitter.com\/UWGRadevormwald"]}]}},"_links":{"self":[{"href":"https:\/\/www.true-trust.de\/Backup\/wp-json\/wp\/v2\/pages\/5","targetHints":{"allow":["GET"]}}],"collection":[{"href":"https:\/\/www.true-trust.de\/Backup\/wp-json\/wp\/v2\/pages"}],"about":[{"href":"https:\/\/www.true-trust.de\/Backup\/wp-json\/wp\/v2\/types\/page"}],"author":[{"embeddable":true,"href":"https:\/\/www.true-trust.de\/Backup\/wp-json\/wp\/v2\/users\/8"}],"replies":[{"embeddable":true,"href":"https:\/\/www.true-trust.de\/Backup\/wp-json\/wp\/v2\/comments?post=5"}],"version-history":[{"count":6,"href":"https:\/\/www.true-trust.de\/Backup\/wp-json\/wp\/v2\/pages\/5\/revisions"}],"predecessor-version":[{"id":2429,"href":"https:\/\/www.true-trust.de\/Backup\/wp-json\/wp\/v2\/pages\/5\/revisions\/2429"}],"wp:attachment":[{"href":"https:\/\/www.true-trust.de\/Backup\/wp-json\/wp\/v2\/media?parent=5"}],"curies":[{"name":"wp","href":"https:\/\/api.w.org\/{rel}","templated":true}]}}