{"id":3133,"date":"2018-04-04T22:42:34","date_gmt":"2018-04-04T20:42:34","guid":{"rendered":"https:\/\/www.true-trust.de\/Backup\/?page_id=3133"},"modified":"2019-07-12T18:14:41","modified_gmt":"2019-07-12T16:14:41","slug":"maengelmelder","status":"publish","type":"page","link":"https:\/\/www.true-trust.de\/Backup\/maengelmelder\/","title":{"rendered":""},"content":{"rendered":"<p>Inzwischen hat die Verwaltung einen eigenen M\u00e4ngelmelder unter <a href=\"https:\/\/egov-radevormwald.ssl.civitec.de\/intelliform\/assistants\/intelliForm-Mandanten\/pool\/Assistants-Dialoge\/blaupause_maengelmelder\/dialog;jsessionid=62D40915C5C74E65405F14A17139C29E.IF0?state=71cab915c4c1652c&amp;cc=6E921D47C186A634F1EA719C0D706BBB.IF0-0\">M\u00e4ngelmelder der Stadt Radevormwald<\/a> zur Verf\u00fcgung gestellt. <strong>Dies geschah nur wenige Wochen nachdem die UWG den M\u00e4ngelmelder zur Verf\u00fcgung gestellt hat.<\/strong> Obwohl wir den B\u00fcrgermeister um Unterst\u00fctzung f\u00fcr die Weiterleitung der Meldungen gebeten haben ist gerade das leider nicht geschehen. Bitte benutzen Sie deshalb den <a href=\"https:\/\/egov-radevormwald.ssl.civitec.de\/intelliform\/assistants\/intelliForm-Mandanten\/pool\/Assistants-Dialoge\/blaupause_maengelmelder\/dialog;jsessionid=62D40915C5C74E65405F14A17139C29E.IF0?state=71cab915c4c1652c&amp;cc=6E921D47C186A634F1EA719C0D706BBB.IF0-0\" target=\"_blank\" rel=\"noopener noreferrer\">M\u00e4ngelmelder der Stadt Radevormwald<\/a> f\u00fcr ihre M\u00e4ngelmeldung. Unser M\u00e4ngelmelder bleibt allerdings weiterhin sichtbar um zu zeigen das ein solcher Service auch einfacher als das Angebot der Stadt zur Verf\u00fcgung gestellt werden kann.<\/p>\n<p>Mit dem unten stehende Kontaktformular k\u00f6nnen Sie M\u00e4ngel melden. Eine Eingabe von personenbezogenen Daten ist nicht erforderlich. Sie k\u00f6nnen die M\u00e4ngelmeldung v\u00f6llig anonym absenden.<\/p>\n\n<div class=\"wpcf7 no-js\" id=\"wpcf7-f3207-o1\" lang=\"de-DE\" dir=\"ltr\">\n<div class=\"screen-reader-response\"><p role=\"status\" aria-live=\"polite\" aria-atomic=\"true\"><\/p> <ul><\/ul><\/div>\n<form action=\"\/Backup\/wp-json\/wp\/v2\/pages\/3133#wpcf7-f3207-o1\" method=\"post\" class=\"wpcf7-form init\" aria-label=\"Kontaktformular\" novalidate=\"novalidate\" data-status=\"init\">\n<div style=\"display: none;\">\n<input type=\"hidden\" name=\"_wpcf7\" value=\"3207\" \/>\n<input type=\"hidden\" name=\"_wpcf7_version\" value=\"5.8.1\" \/>\n<input type=\"hidden\" name=\"_wpcf7_locale\" value=\"de_DE\" \/>\n<input type=\"hidden\" name=\"_wpcf7_unit_tag\" value=\"wpcf7-f3207-o1\" \/>\n<input type=\"hidden\" name=\"_wpcf7_container_post\" value=\"0\" \/>\n<input type=\"hidden\" name=\"_wpcf7_posted_data_hash\" value=\"\" \/>\n<\/div>\n<div class=\"wpcf7-response-output\" aria-hidden=\"true\"><\/div>\n<p><label> Ihr Name (optional):<br \/>\n<span class=\"wpcf7-form-control-wrap\" data-name=\"meldername\"><input size=\"40\" class=\"wpcf7-form-control wpcf7-text\" aria-invalid=\"false\" value=\"\" type=\"text\" name=\"meldername\" \/><\/span><br \/>\n<\/label><br \/>\n<label> Ihre Adresse (optional):<br \/>\n<span class=\"wpcf7-form-control-wrap\" data-name=\"Adresse\"><input size=\"40\" class=\"wpcf7-form-control wpcf7-text\" aria-invalid=\"false\" value=\"\" type=\"text\" name=\"Adresse\" \/><\/span><br \/>\n<\/label><br \/>\n<label> Ihre E-Mail-Adresse (optional):<br \/>\n<span class=\"wpcf7-form-control-wrap\" data-name=\"email\"><input size=\"40\" class=\"wpcf7-form-control wpcf7-email wpcf7-text wpcf7-validates-as-email\" aria-invalid=\"false\" value=\"\" type=\"email\" name=\"email\" \/><\/span><br \/>\n<\/label><br \/>\n<label> Bitte w\u00e4hlen Sie das Thema ihrer M\u00e4ngelmeldung (Pflichtfeld):<br \/>\n<span class=\"wpcf7-form-control-wrap\" data-name=\"Themen\"><select class=\"wpcf7-form-control wpcf7-select wpcf7-validates-as-required\" aria-required=\"true\" aria-invalid=\"false\" name=\"Themen\"><option value=\"\">Thema w\u00e4hlen<\/option><option value=\"Abfallwirtschaft\">Abfallwirtschaft<\/option><option value=\"Ausl\u00e4nderangelegenheiten\">Ausl\u00e4nderangelegenheiten<\/option><option value=\"Betriebshof\">Betriebshof<\/option><option value=\"Bauen + Wohnen\">Bauen + Wohnen<\/option><option value=\"Umweltschutz\">Umweltschutz<\/option><option value=\"B\u00fcrgerb\u00fcro\">B\u00fcrgerb\u00fcro<\/option><option value=\"Webseite der Stadt Radevormwald\">Webseite der Stadt Radevormwald<\/option><option value=\"Immobilien\">Immobilien<\/option><option value=\"Wirtschaftsf\u00f6rderung\">Wirtschaftsf\u00f6rderung<\/option><option value=\"Jugend und Familie\">Jugend und Familie<\/option><option value=\"Ordnungsangelegenheiten\">Ordnungsangelegenheiten<\/option><option value=\"\u00d6ffentlichkeitsarbeit\">\u00d6ffentlichkeitsarbeit<\/option><option value=\"Feuer- und Katastrophenschutz\">Feuer- und Katastrophenschutz<\/option><option value=\"Schule\">Schule<\/option><option value=\"Stadtplanung\">Stadtplanung<\/option><option value=\"Kassenangelegenheiten\">Kassenangelegenheiten<\/option><option value=\"Steuern und Abgaben\">Steuern und Abgaben<\/option><option value=\"Soziales\">Soziales<\/option><option value=\"Stra\u00dfen- und Verkehrswesen\">Stra\u00dfen- und Verkehrswesen<\/option><option value=\"Tourismus\">Tourismus<\/option><option value=\"Sonstiges\">Sonstiges<\/option><\/select><\/span><br \/>\n<\/label><br \/>\n<label> Geben Sie ihre M\u00e4ngelmeldung ein:<br \/>\n<span class=\"wpcf7-form-control-wrap\" data-name=\"your-message\"><textarea cols=\"40\" rows=\"10\" maxlength=\"500\" class=\"wpcf7-form-control wpcf7-textarea\" aria-invalid=\"false\" name=\"your-message\"><\/textarea><\/span><br \/>\nAnzahl der noch eingebbaren Zeichen: <span class=\"wpcf7-character-count down\" data-target-name=\"your-message\" data-starting-value=\"500\" data-current-value=\"500\" data-maximum-value=\"500\">500<\/span><br \/>\n<\/label><br \/>\n<span class=\"wpcf7-form-control-wrap\" data-name=\"random-quiz\"><label><span class=\"wpcf7-quiz-label\">Sind Sie ein Roboter? Bitte l\u00f6sen Sie die Aufgabe: 11+5=<\/span> <input size=\"5\" maxlength=\"90\" minlength=\"1\" class=\"wpcf7-form-control wpcf7-quiz\" autocomplete=\"off\" aria-required=\"true\" aria-invalid=\"false\" type=\"text\" name=\"random-quiz\" \/><\/label><input type=\"hidden\" name=\"_wpcf7_quiz_answer_random-quiz\" value=\"a3753d4d4629e46f400e676113ddbe64\" \/><\/span><br \/>\n<span class=\"wpcf7-form-control-wrap\" data-name=\"zustimmung\"><span class=\"wpcf7-form-control wpcf7-acceptance\"><span class=\"wpcf7-list-item\"><label><input type=\"checkbox\" name=\"zustimmung\" value=\"1\" aria-invalid=\"false\" \/><span class=\"wpcf7-list-item-label\">Ich habe die <a href=\"https:\/\/www.true-trust.de\/Backup\/datenschutzerklaerung\/\"> Datenschutzerkl\u00e4rung <\/a> zur Kenntnis genommen und akzeptiert.<\/span><\/label><\/span><\/span><\/span><br \/>\n<input class=\"wpcf7-form-control wpcf7-submit has-spinner\" type=\"submit\" value=\"M\u00e4ngelmeldung senden\" \/><br \/>\n<div class=\"wpcf7-response-output\" aria-hidden=\"true\"><\/div>\n<\/p>\n<\/form>\n<\/div>\n\n<p>Von der UWG werden die eingegebenen Daten nur verwendet um eine Benachrichtigung per E-Mail zu versenden. Es findet keine weitere Verarbeitung und insbesondere keine Weitergabe ihrer Informationen dar\u00fcber hinaus statt.<\/p>\n","protected":false},"excerpt":{"rendered":"<p>Inzwischen hat die Verwaltung einen eigenen M\u00e4ngelmelder unter M\u00e4ngelmelder der Stadt Radevormwald zur Verf\u00fcgung gestellt. Dies geschah nur wenige Wochen nachdem die UWG den M\u00e4ngelmelder zur Verf\u00fcgung gestellt hat. Obwohl wir den B\u00fcrgermeister um Unterst\u00fctzung f\u00fcr die Weiterleitung der Meldungen gebeten haben ist gerade das leider nicht geschehen. Bitte benutzen Sie deshalb den M\u00e4ngelmelder der [&hellip;]<\/p>\n","protected":false},"author":8,"featured_media":0,"parent":0,"menu_order":0,"comment_status":"closed","ping_status":"closed","template":"","meta":{"ngg_post_thumbnail":0,"_mc_calendar":[],"footnotes":""},"class_list":["post-3133","page","type-page","status-publish","hentry"],"yoast_head":"<!-- This site is optimized with the Yoast SEO plugin v21.3 - https:\/\/yoast.com\/wordpress\/plugins\/seo\/ -->\n<title>&#8211; UWG Radevormwald UWG Radevormwald<\/title>\n<meta name=\"description\" content=\"Inzwischen hat die Verwaltung einen eigenen M\u00e4ngelmelder unter M\u00e4ngelmelder der Stadt Radevormwald zur Verf\u00fcgung gestellt. Dies geschah nur wenige Wochen\" \/>\n<meta name=\"robots\" content=\"index, follow, max-snippet:-1, max-image-preview:large, max-video-preview:-1\" \/>\n<link rel=\"canonical\" href=\"https:\/\/www.true-trust.de\/Backup\/maengelmelder\/\" \/>\n<meta property=\"og:locale\" content=\"de_DE\" \/>\n<meta property=\"og:type\" content=\"article\" \/>\n<meta property=\"og:title\" content=\"&#8211; UWG Radevormwald UWG Radevormwald\" \/>\n<meta property=\"og:description\" content=\"Inzwischen hat die Verwaltung einen eigenen M\u00e4ngelmelder unter M\u00e4ngelmelder der Stadt Radevormwald zur Verf\u00fcgung gestellt. Dies geschah nur wenige Wochen\" \/>\n<meta property=\"og:url\" content=\"https:\/\/www.true-trust.de\/Backup\/maengelmelder\/\" \/>\n<meta property=\"og:site_name\" content=\"UWG Radevormwald\" \/>\n<meta property=\"article:modified_time\" content=\"2019-07-12T16:14:41+00:00\" \/>\n<meta name=\"twitter:card\" content=\"summary_large_image\" \/>\n<meta name=\"twitter:site\" content=\"@UWGRadevormwald\" \/>\n<meta name=\"twitter:label1\" content=\"Gesch\u00e4tzte Lesezeit\" \/>\n\t<meta name=\"twitter:data1\" content=\"1\u00a0Minute\" \/>\n<script type=\"application\/ld+json\" class=\"yoast-schema-graph\">{\"@context\":\"https:\/\/schema.org\",\"@graph\":[{\"@type\":\"WebPage\",\"@id\":\"https:\/\/www.true-trust.de\/Backup\/maengelmelder\/\",\"url\":\"https:\/\/www.true-trust.de\/Backup\/maengelmelder\/\",\"name\":\"&#8211; UWG Radevormwald UWG Radevormwald\",\"isPartOf\":{\"@id\":\"https:\/\/www.true-trust.de\/Backup\/#website\"},\"datePublished\":\"2018-04-04T20:42:34+00:00\",\"dateModified\":\"2019-07-12T16:14:41+00:00\",\"description\":\"Inzwischen hat die Verwaltung einen eigenen M\u00e4ngelmelder unter M\u00e4ngelmelder der Stadt Radevormwald zur Verf\u00fcgung gestellt. Dies geschah nur wenige Wochen\",\"inLanguage\":\"de\",\"potentialAction\":[{\"@type\":\"ReadAction\",\"target\":[\"https:\/\/www.true-trust.de\/Backup\/maengelmelder\/\"]}]},{\"@type\":\"WebSite\",\"@id\":\"https:\/\/www.true-trust.de\/Backup\/#website\",\"url\":\"https:\/\/www.true-trust.de\/Backup\/\",\"name\":\"UWG Radevormwald\",\"description\":\"Webseite der Unabh\u00e4ngigen W\u00e4hlergemeinschaft Radevormwald\",\"publisher\":{\"@id\":\"https:\/\/www.true-trust.de\/Backup\/#organization\"},\"potentialAction\":[{\"@type\":\"SearchAction\",\"target\":{\"@type\":\"EntryPoint\",\"urlTemplate\":\"https:\/\/www.true-trust.de\/Backup\/?s={search_term_string}\"},\"query-input\":\"required name=search_term_string\"}],\"inLanguage\":\"de\"},{\"@type\":\"Organization\",\"@id\":\"https:\/\/www.true-trust.de\/Backup\/#organization\",\"name\":\"UWG Radevormwald e. V.\",\"url\":\"https:\/\/www.true-trust.de\/Backup\/\",\"logo\":{\"@type\":\"ImageObject\",\"inLanguage\":\"de\",\"@id\":\"https:\/\/www.true-trust.de\/Backup\/#\/schema\/logo\/image\/\",\"url\":\"https:\/\/www.true-trust.de\/Backup\/wp-content\/uploads\/2012\/01\/uwg.jpg\",\"contentUrl\":\"https:\/\/www.true-trust.de\/Backup\/wp-content\/uploads\/2012\/01\/uwg.jpg\",\"width\":\"300\",\"height\":\"217\",\"caption\":\"UWG Radevormwald e. V.\"},\"image\":{\"@id\":\"https:\/\/www.true-trust.de\/Backup\/#\/schema\/logo\/image\/\"},\"sameAs\":[\"https:\/\/twitter.com\/UWGRadevormwald\"]}]}<\/script>\n<!-- \/ Yoast SEO plugin. -->","yoast_head_json":{"title":"&#8211; UWG Radevormwald UWG Radevormwald","description":"Inzwischen hat die Verwaltung einen eigenen M\u00e4ngelmelder unter M\u00e4ngelmelder der Stadt Radevormwald zur Verf\u00fcgung gestellt. Dies geschah nur wenige Wochen","robots":{"index":"index","follow":"follow","max-snippet":"max-snippet:-1","max-image-preview":"max-image-preview:large","max-video-preview":"max-video-preview:-1"},"canonical":"https:\/\/www.true-trust.de\/Backup\/maengelmelder\/","og_locale":"de_DE","og_type":"article","og_title":"&#8211; UWG Radevormwald UWG Radevormwald","og_description":"Inzwischen hat die Verwaltung einen eigenen M\u00e4ngelmelder unter M\u00e4ngelmelder der Stadt Radevormwald zur Verf\u00fcgung gestellt. Dies geschah nur wenige Wochen","og_url":"https:\/\/www.true-trust.de\/Backup\/maengelmelder\/","og_site_name":"UWG Radevormwald","article_modified_time":"2019-07-12T16:14:41+00:00","twitter_card":"summary_large_image","twitter_site":"@UWGRadevormwald","twitter_misc":{"Gesch\u00e4tzte Lesezeit":"1\u00a0Minute"},"schema":{"@context":"https:\/\/schema.org","@graph":[{"@type":"WebPage","@id":"https:\/\/www.true-trust.de\/Backup\/maengelmelder\/","url":"https:\/\/www.true-trust.de\/Backup\/maengelmelder\/","name":"&#8211; UWG Radevormwald UWG Radevormwald","isPartOf":{"@id":"https:\/\/www.true-trust.de\/Backup\/#website"},"datePublished":"2018-04-04T20:42:34+00:00","dateModified":"2019-07-12T16:14:41+00:00","description":"Inzwischen hat die Verwaltung einen eigenen M\u00e4ngelmelder unter M\u00e4ngelmelder der Stadt Radevormwald zur Verf\u00fcgung gestellt. Dies geschah nur wenige Wochen","inLanguage":"de","potentialAction":[{"@type":"ReadAction","target":["https:\/\/www.true-trust.de\/Backup\/maengelmelder\/"]}]},{"@type":"WebSite","@id":"https:\/\/www.true-trust.de\/Backup\/#website","url":"https:\/\/www.true-trust.de\/Backup\/","name":"UWG Radevormwald","description":"Webseite der Unabh\u00e4ngigen W\u00e4hlergemeinschaft Radevormwald","publisher":{"@id":"https:\/\/www.true-trust.de\/Backup\/#organization"},"potentialAction":[{"@type":"SearchAction","target":{"@type":"EntryPoint","urlTemplate":"https:\/\/www.true-trust.de\/Backup\/?s={search_term_string}"},"query-input":"required name=search_term_string"}],"inLanguage":"de"},{"@type":"Organization","@id":"https:\/\/www.true-trust.de\/Backup\/#organization","name":"UWG Radevormwald e. V.","url":"https:\/\/www.true-trust.de\/Backup\/","logo":{"@type":"ImageObject","inLanguage":"de","@id":"https:\/\/www.true-trust.de\/Backup\/#\/schema\/logo\/image\/","url":"https:\/\/www.true-trust.de\/Backup\/wp-content\/uploads\/2012\/01\/uwg.jpg","contentUrl":"https:\/\/www.true-trust.de\/Backup\/wp-content\/uploads\/2012\/01\/uwg.jpg","width":"300","height":"217","caption":"UWG Radevormwald e. V."},"image":{"@id":"https:\/\/www.true-trust.de\/Backup\/#\/schema\/logo\/image\/"},"sameAs":["https:\/\/twitter.com\/UWGRadevormwald"]}]}},"_links":{"self":[{"href":"https:\/\/www.true-trust.de\/Backup\/wp-json\/wp\/v2\/pages\/3133","targetHints":{"allow":["GET"]}}],"collection":[{"href":"https:\/\/www.true-trust.de\/Backup\/wp-json\/wp\/v2\/pages"}],"about":[{"href":"https:\/\/www.true-trust.de\/Backup\/wp-json\/wp\/v2\/types\/page"}],"author":[{"embeddable":true,"href":"https:\/\/www.true-trust.de\/Backup\/wp-json\/wp\/v2\/users\/8"}],"replies":[{"embeddable":true,"href":"https:\/\/www.true-trust.de\/Backup\/wp-json\/wp\/v2\/comments?post=3133"}],"version-history":[{"count":18,"href":"https:\/\/www.true-trust.de\/Backup\/wp-json\/wp\/v2\/pages\/3133\/revisions"}],"predecessor-version":[{"id":3621,"href":"https:\/\/www.true-trust.de\/Backup\/wp-json\/wp\/v2\/pages\/3133\/revisions\/3621"}],"wp:attachment":[{"href":"https:\/\/www.true-trust.de\/Backup\/wp-json\/wp\/v2\/media?parent=3133"}],"curies":[{"name":"wp","href":"https:\/\/api.w.org\/{rel}","templated":true}]}}