{"id":28,"date":"2011-03-25T05:33:44","date_gmt":"2011-03-25T04:33:44","guid":{"rendered":"https:\/\/www.true-trust.de\/Backup\/?page_id=28"},"modified":"2016-11-30T11:46:11","modified_gmt":"2016-11-30T10:46:11","slug":"kontakt-2","status":"publish","type":"page","link":"https:\/\/www.true-trust.de\/Backup\/kontakt-2\/","title":{"rendered":"Kontakt mit der UWG"},"content":{"rendered":"<p><span style=\"font-family: arial, helvetica, sans-serif;\">Sie haben vielf\u00e4ltige M\u00f6glichkeiten, mit Ihrer UWG zu kommunizieren.<\/span><\/p>\n<p><span style=\"font-family: arial, helvetica, sans-serif;\">Sie m\u00f6chten uns Ihre Meinung sagen, haben Anregungen f\u00fcr unsere Arbeit oder Anla\u00df Kritik zu \u00fcben, wollen Probleme schildern&nbsp;oder einfach mit uns reden, dann&nbsp;freuen wir uns, wenn&nbsp;Sie mit uns Verbindung aufnehmen:<\/span><\/p>\n<ul>\n<li><span style=\"font-family: arial, helvetica, sans-serif;\">Per Post:<br \/>\nUWG Radevormwald<br \/>\nBurgstra\u00dfe 8<br \/>\n42477 Radevormwald<\/span><\/li>\n<\/ul>\n<ul>\n<li><span style=\"font-family: arial, helvetica, sans-serif;\">Per Telefon : 02195 &#8211; 93 29 24 (Anrufbeantworter mit Weiterleitung)<br \/>\n<\/span><\/li>\n<li><span style=\"font-family: arial, helvetica, sans-serif;\">Per Telefax : 02195 &#8211; 92 69 94<\/span><\/li>\n<li><span style=\"font-family: arial, helvetica, sans-serif;\">Per Email : <a href=\"mailto:info@uwg-radevormwald.de\">info@uwg-radevormwald.de<\/a><br \/>\noder ganz einfach indem<\/span><\/li>\n<li><span style=\"font-family: arial, helvetica, sans-serif;\">\u00fcber unser&nbsp;<a href=\"https:\/\/www.true-trust.de\/Backup\/kontakt-2\/kontaktformular\/\" target=\"_blank\">Kontaktformular<\/a> eine Nachricht an uns \u00fcbermitteln. Wir werden uns umgehend bei Ihnen melden.<\/span><\/li>\n<\/ul>\n<p><span style=\"font-family: arial, helvetica, sans-serif;\"><span style=\"color: #000000;\">Sie k\u00f6nnen&nbsp;Ihren Ansprechpartner der UWG&nbsp;auch ganz einfach&nbsp;direkt per Email anschreiben. Nutzen Sie dazu unsere&nbsp;Seite der <a title=\"Fraktion\" href=\"https:\/\/www.true-trust.de\/Backup\/uwg-in-rade\/fraktion\/\" target=\"_blank\">Fraktionsmitglieder<\/a> und&nbsp; klicken auf&nbsp;<\/span><span style=\"color: #0066ff; text-decoration: underline;\">E-Mail<\/span><span style=\"color: #000000;\"> Ihres gew\u00fcnschten Anprechpartners.<\/span><\/span><\/p>\n<p>Grunds\u00e4tzlich freuen wir uns wenn Sie als Gast an unseren Fraktionssitzungen teilnehmen m\u00f6chten. Die Termine unserer Fraktionssitzungen sind unter Termine\/Kalender (<a href=\"https:\/\/www.true-trust.de\/Backup\/termin-veranstaltungen\/\" target=\"_blank\">Termine\/Kalender)<\/a> aufgelistet. Wir bitten um kurze telefonische Anmeldung unter 02195-932924.<\/p>\n<p>mit unabh\u00e4ngigen Gr\u00fcssen<\/p>\n<p>ihre UWG Fraktion<\/p>\n","protected":false},"excerpt":{"rendered":"<p>Sie haben vielf\u00e4ltige M\u00f6glichkeiten, mit Ihrer UWG zu kommunizieren. Sie m\u00f6chten uns Ihre Meinung sagen, haben Anregungen f\u00fcr unsere Arbeit oder Anla\u00df Kritik zu \u00fcben, wollen Probleme schildern&nbsp;oder einfach mit uns reden, dann&nbsp;freuen wir uns, wenn&nbsp;Sie mit uns Verbindung aufnehmen: Per Post: UWG Radevormwald Burgstra\u00dfe 8 42477 Radevormwald Per Telefon : 02195 &#8211; 93 29 [&hellip;]<\/p>\n","protected":false},"author":8,"featured_media":0,"parent":0,"menu_order":3,"comment_status":"closed","ping_status":"closed","template":"","meta":{"ngg_post_thumbnail":0,"_mc_calendar":[],"footnotes":""},"class_list":["post-28","page","type-page","status-publish","hentry"],"yoast_head":"<!-- This site is optimized with the Yoast SEO plugin v21.3 - https:\/\/yoast.com\/wordpress\/plugins\/seo\/ -->\n<title>Kontakt mit der UWG &#8211; UWG Radevormwald UWG Radevormwald<\/title>\n<meta name=\"description\" content=\"Sie haben vielf\u00e4ltige M\u00f6glichkeiten, mit Ihrer UWG zu kommunizieren. Sie m\u00f6chten uns Ihre Meinung sagen, haben Anregungen f\u00fcr unsere Arbeit oder Anla\u00df\" \/>\n<meta name=\"robots\" content=\"index, follow, max-snippet:-1, max-image-preview:large, max-video-preview:-1\" \/>\n<link rel=\"canonical\" href=\"https:\/\/www.true-trust.de\/Backup\/kontakt-2\/\" \/>\n<meta property=\"og:locale\" content=\"de_DE\" \/>\n<meta property=\"og:type\" content=\"article\" \/>\n<meta property=\"og:title\" content=\"Kontakt mit der UWG &#8211; UWG Radevormwald UWG Radevormwald\" \/>\n<meta property=\"og:description\" content=\"Sie haben vielf\u00e4ltige M\u00f6glichkeiten, mit Ihrer UWG zu kommunizieren. Sie m\u00f6chten uns Ihre Meinung sagen, haben Anregungen f\u00fcr unsere Arbeit oder Anla\u00df\" \/>\n<meta property=\"og:url\" content=\"https:\/\/www.true-trust.de\/Backup\/kontakt-2\/\" \/>\n<meta property=\"og:site_name\" content=\"UWG Radevormwald\" \/>\n<meta property=\"article:modified_time\" content=\"2016-11-30T10:46:11+00:00\" \/>\n<meta name=\"twitter:card\" content=\"summary_large_image\" \/>\n<meta name=\"twitter:site\" content=\"@UWGRadevormwald\" \/>\n<meta name=\"twitter:label1\" content=\"Gesch\u00e4tzte Lesezeit\" \/>\n\t<meta name=\"twitter:data1\" content=\"1\u00a0Minute\" \/>\n<script type=\"application\/ld+json\" class=\"yoast-schema-graph\">{\"@context\":\"https:\/\/schema.org\",\"@graph\":[{\"@type\":\"WebPage\",\"@id\":\"https:\/\/www.true-trust.de\/Backup\/kontakt-2\/\",\"url\":\"https:\/\/www.true-trust.de\/Backup\/kontakt-2\/\",\"name\":\"Kontakt mit der UWG &#8211; UWG Radevormwald UWG Radevormwald\",\"isPartOf\":{\"@id\":\"https:\/\/www.true-trust.de\/Backup\/#website\"},\"datePublished\":\"2011-03-25T04:33:44+00:00\",\"dateModified\":\"2016-11-30T10:46:11+00:00\",\"description\":\"Sie haben vielf\u00e4ltige M\u00f6glichkeiten, mit Ihrer UWG zu kommunizieren. Sie m\u00f6chten uns Ihre Meinung sagen, haben Anregungen f\u00fcr unsere Arbeit oder Anla\u00df\",\"breadcrumb\":{\"@id\":\"https:\/\/www.true-trust.de\/Backup\/kontakt-2\/#breadcrumb\"},\"inLanguage\":\"de\",\"potentialAction\":[{\"@type\":\"ReadAction\",\"target\":[\"https:\/\/www.true-trust.de\/Backup\/kontakt-2\/\"]}]},{\"@type\":\"BreadcrumbList\",\"@id\":\"https:\/\/www.true-trust.de\/Backup\/kontakt-2\/#breadcrumb\",\"itemListElement\":[{\"@type\":\"ListItem\",\"position\":1,\"name\":\"Startseite\",\"item\":\"https:\/\/www.true-trust.de\/Backup\/\"},{\"@type\":\"ListItem\",\"position\":2,\"name\":\"Kontakt mit der UWG\"}]},{\"@type\":\"WebSite\",\"@id\":\"https:\/\/www.true-trust.de\/Backup\/#website\",\"url\":\"https:\/\/www.true-trust.de\/Backup\/\",\"name\":\"UWG Radevormwald\",\"description\":\"Webseite der Unabh\u00e4ngigen W\u00e4hlergemeinschaft Radevormwald\",\"publisher\":{\"@id\":\"https:\/\/www.true-trust.de\/Backup\/#organization\"},\"potentialAction\":[{\"@type\":\"SearchAction\",\"target\":{\"@type\":\"EntryPoint\",\"urlTemplate\":\"https:\/\/www.true-trust.de\/Backup\/?s={search_term_string}\"},\"query-input\":\"required name=search_term_string\"}],\"inLanguage\":\"de\"},{\"@type\":\"Organization\",\"@id\":\"https:\/\/www.true-trust.de\/Backup\/#organization\",\"name\":\"UWG Radevormwald e. V.\",\"url\":\"https:\/\/www.true-trust.de\/Backup\/\",\"logo\":{\"@type\":\"ImageObject\",\"inLanguage\":\"de\",\"@id\":\"https:\/\/www.true-trust.de\/Backup\/#\/schema\/logo\/image\/\",\"url\":\"https:\/\/www.true-trust.de\/Backup\/wp-content\/uploads\/2012\/01\/uwg.jpg\",\"contentUrl\":\"https:\/\/www.true-trust.de\/Backup\/wp-content\/uploads\/2012\/01\/uwg.jpg\",\"width\":\"300\",\"height\":\"217\",\"caption\":\"UWG Radevormwald e. V.\"},\"image\":{\"@id\":\"https:\/\/www.true-trust.de\/Backup\/#\/schema\/logo\/image\/\"},\"sameAs\":[\"https:\/\/twitter.com\/UWGRadevormwald\"]}]}<\/script>\n<!-- \/ Yoast SEO plugin. -->","yoast_head_json":{"title":"Kontakt mit der UWG &#8211; UWG Radevormwald UWG Radevormwald","description":"Sie haben vielf\u00e4ltige M\u00f6glichkeiten, mit Ihrer UWG zu kommunizieren. Sie m\u00f6chten uns Ihre Meinung sagen, haben Anregungen f\u00fcr unsere Arbeit oder Anla\u00df","robots":{"index":"index","follow":"follow","max-snippet":"max-snippet:-1","max-image-preview":"max-image-preview:large","max-video-preview":"max-video-preview:-1"},"canonical":"https:\/\/www.true-trust.de\/Backup\/kontakt-2\/","og_locale":"de_DE","og_type":"article","og_title":"Kontakt mit der UWG &#8211; UWG Radevormwald UWG Radevormwald","og_description":"Sie haben vielf\u00e4ltige M\u00f6glichkeiten, mit Ihrer UWG zu kommunizieren. Sie m\u00f6chten uns Ihre Meinung sagen, haben Anregungen f\u00fcr unsere Arbeit oder Anla\u00df","og_url":"https:\/\/www.true-trust.de\/Backup\/kontakt-2\/","og_site_name":"UWG Radevormwald","article_modified_time":"2016-11-30T10:46:11+00:00","twitter_card":"summary_large_image","twitter_site":"@UWGRadevormwald","twitter_misc":{"Gesch\u00e4tzte Lesezeit":"1\u00a0Minute"},"schema":{"@context":"https:\/\/schema.org","@graph":[{"@type":"WebPage","@id":"https:\/\/www.true-trust.de\/Backup\/kontakt-2\/","url":"https:\/\/www.true-trust.de\/Backup\/kontakt-2\/","name":"Kontakt mit der UWG &#8211; UWG Radevormwald UWG Radevormwald","isPartOf":{"@id":"https:\/\/www.true-trust.de\/Backup\/#website"},"datePublished":"2011-03-25T04:33:44+00:00","dateModified":"2016-11-30T10:46:11+00:00","description":"Sie haben vielf\u00e4ltige M\u00f6glichkeiten, mit Ihrer UWG zu kommunizieren. Sie m\u00f6chten uns Ihre Meinung sagen, haben Anregungen f\u00fcr unsere Arbeit oder Anla\u00df","breadcrumb":{"@id":"https:\/\/www.true-trust.de\/Backup\/kontakt-2\/#breadcrumb"},"inLanguage":"de","potentialAction":[{"@type":"ReadAction","target":["https:\/\/www.true-trust.de\/Backup\/kontakt-2\/"]}]},{"@type":"BreadcrumbList","@id":"https:\/\/www.true-trust.de\/Backup\/kontakt-2\/#breadcrumb","itemListElement":[{"@type":"ListItem","position":1,"name":"Startseite","item":"https:\/\/www.true-trust.de\/Backup\/"},{"@type":"ListItem","position":2,"name":"Kontakt mit der UWG"}]},{"@type":"WebSite","@id":"https:\/\/www.true-trust.de\/Backup\/#website","url":"https:\/\/www.true-trust.de\/Backup\/","name":"UWG Radevormwald","description":"Webseite der Unabh\u00e4ngigen W\u00e4hlergemeinschaft Radevormwald","publisher":{"@id":"https:\/\/www.true-trust.de\/Backup\/#organization"},"potentialAction":[{"@type":"SearchAction","target":{"@type":"EntryPoint","urlTemplate":"https:\/\/www.true-trust.de\/Backup\/?s={search_term_string}"},"query-input":"required name=search_term_string"}],"inLanguage":"de"},{"@type":"Organization","@id":"https:\/\/www.true-trust.de\/Backup\/#organization","name":"UWG Radevormwald e. V.","url":"https:\/\/www.true-trust.de\/Backup\/","logo":{"@type":"ImageObject","inLanguage":"de","@id":"https:\/\/www.true-trust.de\/Backup\/#\/schema\/logo\/image\/","url":"https:\/\/www.true-trust.de\/Backup\/wp-content\/uploads\/2012\/01\/uwg.jpg","contentUrl":"https:\/\/www.true-trust.de\/Backup\/wp-content\/uploads\/2012\/01\/uwg.jpg","width":"300","height":"217","caption":"UWG Radevormwald e. V."},"image":{"@id":"https:\/\/www.true-trust.de\/Backup\/#\/schema\/logo\/image\/"},"sameAs":["https:\/\/twitter.com\/UWGRadevormwald"]}]}},"_links":{"self":[{"href":"https:\/\/www.true-trust.de\/Backup\/wp-json\/wp\/v2\/pages\/28","targetHints":{"allow":["GET"]}}],"collection":[{"href":"https:\/\/www.true-trust.de\/Backup\/wp-json\/wp\/v2\/pages"}],"about":[{"href":"https:\/\/www.true-trust.de\/Backup\/wp-json\/wp\/v2\/types\/page"}],"author":[{"embeddable":true,"href":"https:\/\/www.true-trust.de\/Backup\/wp-json\/wp\/v2\/users\/8"}],"replies":[{"embeddable":true,"href":"https:\/\/www.true-trust.de\/Backup\/wp-json\/wp\/v2\/comments?post=28"}],"version-history":[{"count":14,"href":"https:\/\/www.true-trust.de\/Backup\/wp-json\/wp\/v2\/pages\/28\/revisions"}],"predecessor-version":[{"id":1953,"href":"https:\/\/www.true-trust.de\/Backup\/wp-json\/wp\/v2\/pages\/28\/revisions\/1953"}],"wp:attachment":[{"href":"https:\/\/www.true-trust.de\/Backup\/wp-json\/wp\/v2\/media?parent=28"}],"curies":[{"name":"wp","href":"https:\/\/api.w.org\/{rel}","templated":true}]}}