{"id":2758,"date":"2017-10-31T21:40:38","date_gmt":"2017-10-31T20:40:38","guid":{"rendered":"https:\/\/www.true-trust.de\/Backup\/?page_id=2758"},"modified":"2019-03-19T18:21:44","modified_gmt":"2019-03-19T17:21:44","slug":"defi-map-2","status":"publish","type":"page","link":"https:\/\/www.true-trust.de\/Backup\/defi-map-2\/","title":{"rendered":""},"content":{"rendered":"<p style=\"text-align: center;\"><span style=\"text-decoration: underline;\"><strong><span style=\"font-size: 14pt;\">Defibrillatoren retten Leben!<\/span><\/strong><\/span><\/p>\n<p>Deswegen sind wir auch schon seit langer Zeit bem\u00fcht die Situation in Radevormwald in Bezug auf die Versorgung \u00f6ffentlicher Einrichtung mit Defibrillatoren zu verbessen.<\/p>\n<p>Einen grossen Schritt zu einer verbesserten Versorgung wurde am 14.3.2018 in der Sitzung des Ausschusses f\u00fcr Soziales, Sport und Integration gemacht. Es werden in 2018 insgesamt 10 Ger\u00e4te angeschafft und in Sporthallen und \u00f6ffentlichen zug\u00e4nglichen Geb\u00e4uden installiert. Eine fl\u00e4chendeckenden Anschaffung von Ger\u00e4ten, wie vom Fachbereich mit 16 Ger\u00e4ten vorgeschlagen, wurde vom K\u00e4mmerer mit dem Hinweis auf die Haushaltssituation (Mehrkosten von ca. 14.000,- \u20ac) verweigert. Wir werden uns daf\u00fcr einsetzen das die noch fehlenden Ger\u00e4te in 2019 angeschafft werden.<\/p>\n<p>Der B\u00fcrger muss aber auch wissen an welchen Orten diese Ger\u00e4te zu erreichen sind. Dazu gibt es auf der Webseite der Stadt Radevormwald eine <a href=\"http:\/\/www.radevormwald.de\/cms222a\/familie_gesundheit\/laiendefibrillatoren\/\" target=\"_blank\" rel=\"noopener noreferrer\">Liste<\/a>. Diese Liste ist aber schwer zu finden und schlecht zu handhaben.<\/p>\n<p>Wir haben die Informationen aufbereitet und stellen die Standorte der Defibrillatoren in einer Landkarte zur Verf\u00fcgung.<\/p>\n<p><span style=\"font: 400 12pt\/18px Georgia,'Bitstream Charter',serif; text-align: left; color: #444444; text-transform: none; text-indent: 0px; letter-spacing: normal; text-decoration: none; word-spacing: 0px; display: inline !important; white-space: normal; cursor: text; orphans: 2; float: none; -webkit-text-stroke-width: 0px; background-color: transparent;\">\r\n            <style>.wpgmza_table_category { display: none !important; }<\/style><style>.wpgmza_table_address { display: none; }<\/style>\r\n            \r\n            \r\n            <a name='map1'><\/a>\r\n            \r\n            \r\n            \r\n            \r\n\r\n            <div class=\"wpgmza_map\" id=\"wpgmza_map_1\" style=\"display:block; overflow:auto; width:100%; height:600px; margin-left:auto !important; margin-right:auto !important; align:center;\"> <\/div>\r\n            \r\n            <div id=\"wpgmza_marker_holder_1\" class='wpgmza_marker_holder' style=\"width:100%;\"><table id=\"wpgmza_table_1\" class=\"wpgmza_table responsive\" cellspacing=\"0\" cellpadding=\"0\" style=\"width:100%;\"><thead><tr><th class='wpgmza_table_marker'><strong><\/strong><\/th><th class='wpgmza_table_title all'><strong>Bezeichnung<\/strong><\/th><th class='wpgmza_table_description'><strong>Beschreibung<\/strong><\/th><\/tr><\/thead><tbody><tr id=\"wpgmza_marker_19\" mid=\"19\" mapid=\"1\" class=\"wpgmaps_mlist_row\">   <td class='wpgmza_table_marker' height=\"40\"><img decoding=\"async\" class=\"wpgmza_marker_icon \" src=\"https:\/\/www.true-trust.de\/Backup\/wp-content\/uploads\/2018\/03\/aed-2_1.png\" style=\"margin: 5px auto;\" \/><\/td>   <td class='wpgmza_table_title all'>Stadtwerke GmbH<\/td>   <td class='wpgmza_table_description'><p><span style=\"font-family: arial,helvetica,sans-serif;font-size: 10pt\">AED befindet sich im Kundencenter, B\u00fcro 0.05 Vertrieb, <\/span><br \/><span style=\"font-family: arial,helvetica,sans-serif;font-size: 10pt\">zug\u00e4nglich w\u00e4hrend der \u00d6ffnungszeiten<\/span><br \/><span style=\"font-family: arial,helvetica,sans-serif;font-size: 10pt\">Mo. - Do.\u00a0\u00a0\u00a0\u00a0 7.30 Uhr - 16:00 Uhr\u00a0<\/span><br \/><span style=\"font-family: arial,helvetica,sans-serif;font-size: 10pt\">Fr.\u00a0\u00a0\u00a0\u00a0\u00a0\u00a0\u00a0\u00a0\u00a0\u00a0\u00a0\u00a0\u00a0\u00a0\u00a0 7.30 Uhr - 12:00 Uhr<\/span><\/p><\/td><\/tr><tr id=\"wpgmza_marker_18\" mid=\"18\" mapid=\"1\" class=\"wpgmaps_mlist_row\">   <td class='wpgmza_table_marker' height=\"40\"><img decoding=\"async\" class=\"wpgmza_marker_icon \" src=\"https:\/\/www.true-trust.de\/Backup\/wp-content\/uploads\/2018\/03\/aed-2_1.png\" style=\"margin: 5px auto;\" \/><\/td>   <td class='wpgmza_table_title all'>Sporthalle Hermannstra\u00dfe<\/td>   <td class='wpgmza_table_description'><p><span style=\"font-family: arial,helvetica,sans-serif;font-size: 10pt\">Zug\u00e4nglich : <br \/>Mo - Fr von 8:00 Uhr - (ca.) 21:30 Uhr<br \/>Sa und So je nach Veranstaltung<br \/><\/span><\/p><\/td><\/tr><tr id=\"wpgmza_marker_17\" mid=\"17\" mapid=\"1\" class=\"wpgmaps_mlist_row\">   <td class='wpgmza_table_marker' height=\"40\"><img decoding=\"async\" class=\"wpgmza_marker_icon \" src=\"https:\/\/www.true-trust.de\/Backup\/wp-content\/uploads\/2018\/03\/aed-2_1.png\" style=\"margin: 5px auto;\" \/><\/td>   <td class='wpgmza_table_title all'>Sparkasse Hauptstelle<\/td>   <td class='wpgmza_table_description'><pre><span style=\"font-family: arial,helvetica,sans-serif;font-size: 10pt\">AED befindet sich am Informationsschalter in der gro\u00dfen Halle,\nzug\u00e4nglich w\u00e4hrend der \u00d6ffnungszeiten der Sparkasse<br \/>\nMontag, Donnerstag         9.00 Uhr \u2013 18.00 Uhr \n<\/span><span style=\"font-family: arial,helvetica,sans-serif;font-size: 10pt\">Mittwoch \u00a0 \u00a0 \u00a0 \u00a0 \u00a0 \u00a0 \u00a0 \u00a0 \u00a0 \u00a0 \u00a0 \u00a09.00 Uhr \u2013 13.00 Uhr\nDienstag, Freitag \u00a0 \u00a0 \u00a0 \u00a0 \u00a0\u00a09.00 Uhr \u2013 16.00 Uhr<\/span><\/pre><p><!--more--><\/p><\/td><\/tr><tr id=\"wpgmza_marker_13\" mid=\"13\" mapid=\"1\" class=\"wpgmaps_mlist_row\">   <td class='wpgmza_table_marker' height=\"40\"><img decoding=\"async\" class=\"wpgmza_marker_icon \" src=\"https:\/\/www.true-trust.de\/Backup\/wp-content\/uploads\/2018\/03\/aed-2_1.png\" style=\"margin: 5px auto;\" \/><\/td>   <td class='wpgmza_table_title all'>Gira Giersiepen<\/td>   <td class='wpgmza_table_description'><p><span style=\"font-family: arial,helvetica,sans-serif;font-size: 10pt\">AED befindet sich am Empfang,<br \/>zug\u00e4nglich t\u00e4glich 24 Stunden<\/span><\/p><\/td><\/tr><tr id=\"wpgmza_marker_12\" mid=\"12\" mapid=\"1\" class=\"wpgmaps_mlist_row\">   <td class='wpgmza_table_marker' height=\"40\"><img decoding=\"async\" class=\"wpgmza_marker_icon \" src=\"https:\/\/www.true-trust.de\/Backup\/wp-content\/uploads\/2018\/03\/aed-2_1.png\" style=\"margin: 5px auto;\" \/><\/td>   <td class='wpgmza_table_title all'>B\u00fcrgerhaus<\/td>   <td class='wpgmza_table_description'><p><span style=\"font-family: arial,helvetica,sans-serif;font-size: 10pt\">Zug\u00e4nglich w\u00e4hrend der \u00d6ffnungszeiten der B\u00fccherei:<br \/>Mo, Di, Fr.: 10.00 - 13.00 Uhr , 15.00 - 18.00 Uhr<br \/>Do: 10.00-13.00, 15.00 - 19.00 Uhr<br \/>Sa: 10.00 - 13.00 Uhr<br \/>Mittwochs geschlossen<\/span><\/p><\/td><\/tr><tr id=\"wpgmza_marker_11\" mid=\"11\" mapid=\"1\" class=\"wpgmaps_mlist_row\">   <td class='wpgmza_table_marker' height=\"40\"><img decoding=\"async\" class=\"wpgmza_marker_icon \" src=\"https:\/\/www.true-trust.de\/Backup\/wp-content\/uploads\/2018\/03\/aed-2_1.png\" style=\"margin: 5px auto;\" \/><\/td>   <td class='wpgmza_table_title all'>B\u00e4der Radevormwald GmbH - life-ness<\/td>   <td class='wpgmza_table_description'><p><span style=\"font-family: arial,helvetica,sans-serif;font-size: 10pt\">AED ist im Schwimmbad, bei Bedarf an der Kasse melden,<br \/>damit das Ger\u00e4t ausgeh\u00e4ndigt werden kann.<br \/>Zug\u00e4nglich:<br \/>Montag \u00a0 \u00a0 \u00a0 \u00a0 \u00a0 \u00a0 \u00a0 \u00a0 \u00a0 \u00a0 \u00a0 \u00a0\u00a0 8.00 Uhr \u2013 22.00 Uhr<br \/>Dienstag \u2013 Donnerstag 6.30 Uhr \u2013 22.00 Uhr<br \/>Freitag \u00a0 \u00a0 \u00a0 \u00a0 \u00a0 \u00a0 \u00a0 \u00a0 \u00a0 \u00a0 \u00a0 \u00a0 \u00a0 8.00 Uhr \u2013 23.00 Uhr<br \/>Samstag \u2013 Sonntag \u00a0 \u00a0\u00a0 9.00 Uhr \u2013 19.00 Uhr<br \/><\/span><\/p><\/td><\/tr><\/tbody><\/table><\/div><!-- end of marker list -->\r\n            \r\n\r\n<div style=\"display:block; width:100%;\">\r\n\t\r\n\t\r\n\t\r\n\t<div id=\"wpgmaps_directions_notification_1\" style=\"display:none;\">Wegbeschreibungen abrufen...<\/div>\r\n\t\r\n\t<div id=\"wpgmaps_directions_reset_1\" style=\"display:none;\">\r\n\t\t<a href='javascript:void(0)' onclick='wpgmza_reset_directions(1);' id='wpgmaps_reset_directions' title='Routen'>Routen<\/a>\r\n\t\t<br \/>\r\n\t\t<a href='' id='wpgmaps_print_directions_1' title='Routen'>Routen<\/a>\r\n\t<\/div>\r\n\t\r\n\t<div id=\"directions_panel_1\"><\/div>\r\n\r\n<\/div>\r\n\r\n        <\/span><\/p>\n<p>Zus\u00e4tzlich hier noch Informationen der <a href=\"https:\/\/www.steiger-stiftung.de\/\" target=\"_blank\" rel=\"noopener noreferrer\">Bj\u00f6rn Steiger Stiftung<\/a> zu Erstma\u00dfnahmen und \u00fcber die Handhabung der Ger\u00e4te in einem Youtube Video.<\/p>\n<figure class=\"wp-block-embed wp-block-embed-youtube is-type-video is-provider-youtube epyt-figure\"><div class=\"wp-block-embed__wrapper\"><iframe loading=\"lazy\"  id=\"_ytid_47654\"  width=\"900\" height=\"500\"  data-origwidth=\"900\" data-origheight=\"500\"  data-relstop=\"1\" src=\"https:\/\/www.youtube.com\/embed\/5SpidP-lLlU?enablejsapi=1&autoplay=0&cc_load_policy=0&cc_lang_pref=&iv_load_policy=1&loop=0&modestbranding=0&rel=0&fs=1&playsinline=0&autohide=2&theme=dark&color=red&controls=1&\" class=\"__youtube_prefs__  no-lazyload\" title=\"YouTube player\"  allow=\"accelerometer; autoplay; clipboard-write; encrypted-media; gyroscope; picture-in-picture\" allowfullscreen data-no-lazy=\"1\" data-skipgform_ajax_framebjll=\"\"><\/iframe><\/div><\/figure>\n<p>Die neuen Ger\u00e4te werden eingepflegt sobald die Beschaffung und Installation durchgef\u00fchrt wurde.<\/p>\n<p>Die Auflistung der Ger\u00e4te erfolgt auf Basis der von der Verwaltung zur Verf\u00fcgung gestellten Liste.<\/p>\n<p>In Bezug auf Vollst\u00e4ndigkeit und Verf\u00fcgbarkeit der Ger\u00e4ten kann die UWG nicht die Richtigkeit der Informationen garantieren.<\/p>\n","protected":false},"excerpt":{"rendered":"<p>Defibrillatoren retten Leben! Deswegen sind wir auch schon seit langer Zeit bem\u00fcht die Situation in Radevormwald in Bezug auf die Versorgung \u00f6ffentlicher Einrichtung mit Defibrillatoren zu verbessen. Einen grossen Schritt zu einer verbesserten Versorgung wurde am 14.3.2018 in der Sitzung des Ausschusses f\u00fcr Soziales, Sport und Integration gemacht. Es werden in 2018 insgesamt 10 Ger\u00e4te [&hellip;]<\/p>\n","protected":false},"author":8,"featured_media":0,"parent":0,"menu_order":0,"comment_status":"closed","ping_status":"closed","template":"","meta":{"ngg_post_thumbnail":0,"_mc_calendar":[],"footnotes":""},"class_list":["post-2758","page","type-page","status-publish","hentry"],"yoast_head":"<!-- This site is optimized with the Yoast SEO plugin v21.3 - https:\/\/yoast.com\/wordpress\/plugins\/seo\/ -->\n<title>&#8211; UWG Radevormwald UWG Radevormwald<\/title>\n<meta name=\"description\" content=\"UWG ver\u00f6ffentlicht Standorte der Defibrillatoren in Radevormwald\" \/>\n<meta name=\"robots\" content=\"index, follow, max-snippet:-1, max-image-preview:large, max-video-preview:-1\" \/>\n<link rel=\"canonical\" href=\"https:\/\/www.true-trust.de\/Backup\/defi-map-2\/\" \/>\n<meta property=\"og:locale\" content=\"de_DE\" \/>\n<meta property=\"og:type\" content=\"article\" \/>\n<meta property=\"og:title\" content=\"&#8211; UWG Radevormwald UWG Radevormwald\" \/>\n<meta property=\"og:description\" content=\"UWG ver\u00f6ffentlicht Standorte der Defibrillatoren in Radevormwald\" \/>\n<meta property=\"og:url\" content=\"https:\/\/www.true-trust.de\/Backup\/defi-map-2\/\" \/>\n<meta property=\"og:site_name\" content=\"UWG Radevormwald\" \/>\n<meta property=\"article:modified_time\" content=\"2019-03-19T17:21:44+00:00\" \/>\n<meta name=\"twitter:card\" content=\"summary_large_image\" \/>\n<meta name=\"twitter:site\" content=\"@UWGRadevormwald\" \/>\n<meta name=\"twitter:label1\" content=\"Gesch\u00e4tzte Lesezeit\" \/>\n\t<meta name=\"twitter:data1\" content=\"1\u00a0Minute\" \/>\n<script type=\"application\/ld+json\" class=\"yoast-schema-graph\">{\"@context\":\"https:\/\/schema.org\",\"@graph\":[{\"@type\":\"WebPage\",\"@id\":\"https:\/\/www.true-trust.de\/Backup\/defi-map-2\/\",\"url\":\"https:\/\/www.true-trust.de\/Backup\/defi-map-2\/\",\"name\":\"&#8211; UWG Radevormwald UWG Radevormwald\",\"isPartOf\":{\"@id\":\"https:\/\/www.true-trust.de\/Backup\/#website\"},\"datePublished\":\"2017-10-31T20:40:38+00:00\",\"dateModified\":\"2019-03-19T17:21:44+00:00\",\"description\":\"UWG ver\u00f6ffentlicht Standorte der Defibrillatoren in Radevormwald\",\"inLanguage\":\"de\",\"potentialAction\":[{\"@type\":\"ReadAction\",\"target\":[\"https:\/\/www.true-trust.de\/Backup\/defi-map-2\/\"]}]},{\"@type\":\"WebSite\",\"@id\":\"https:\/\/www.true-trust.de\/Backup\/#website\",\"url\":\"https:\/\/www.true-trust.de\/Backup\/\",\"name\":\"UWG Radevormwald\",\"description\":\"Webseite der Unabh\u00e4ngigen W\u00e4hlergemeinschaft Radevormwald\",\"publisher\":{\"@id\":\"https:\/\/www.true-trust.de\/Backup\/#organization\"},\"potentialAction\":[{\"@type\":\"SearchAction\",\"target\":{\"@type\":\"EntryPoint\",\"urlTemplate\":\"https:\/\/www.true-trust.de\/Backup\/?s={search_term_string}\"},\"query-input\":\"required name=search_term_string\"}],\"inLanguage\":\"de\"},{\"@type\":\"Organization\",\"@id\":\"https:\/\/www.true-trust.de\/Backup\/#organization\",\"name\":\"UWG Radevormwald e. V.\",\"url\":\"https:\/\/www.true-trust.de\/Backup\/\",\"logo\":{\"@type\":\"ImageObject\",\"inLanguage\":\"de\",\"@id\":\"https:\/\/www.true-trust.de\/Backup\/#\/schema\/logo\/image\/\",\"url\":\"https:\/\/www.true-trust.de\/Backup\/wp-content\/uploads\/2012\/01\/uwg.jpg\",\"contentUrl\":\"https:\/\/www.true-trust.de\/Backup\/wp-content\/uploads\/2012\/01\/uwg.jpg\",\"width\":\"300\",\"height\":\"217\",\"caption\":\"UWG Radevormwald e. V.\"},\"image\":{\"@id\":\"https:\/\/www.true-trust.de\/Backup\/#\/schema\/logo\/image\/\"},\"sameAs\":[\"https:\/\/twitter.com\/UWGRadevormwald\"]}]}<\/script>\n<!-- \/ Yoast SEO plugin. -->","yoast_head_json":{"title":"&#8211; UWG Radevormwald UWG Radevormwald","description":"UWG ver\u00f6ffentlicht Standorte der Defibrillatoren in Radevormwald","robots":{"index":"index","follow":"follow","max-snippet":"max-snippet:-1","max-image-preview":"max-image-preview:large","max-video-preview":"max-video-preview:-1"},"canonical":"https:\/\/www.true-trust.de\/Backup\/defi-map-2\/","og_locale":"de_DE","og_type":"article","og_title":"&#8211; UWG Radevormwald UWG Radevormwald","og_description":"UWG ver\u00f6ffentlicht Standorte der Defibrillatoren in Radevormwald","og_url":"https:\/\/www.true-trust.de\/Backup\/defi-map-2\/","og_site_name":"UWG Radevormwald","article_modified_time":"2019-03-19T17:21:44+00:00","twitter_card":"summary_large_image","twitter_site":"@UWGRadevormwald","twitter_misc":{"Gesch\u00e4tzte Lesezeit":"1\u00a0Minute"},"schema":{"@context":"https:\/\/schema.org","@graph":[{"@type":"WebPage","@id":"https:\/\/www.true-trust.de\/Backup\/defi-map-2\/","url":"https:\/\/www.true-trust.de\/Backup\/defi-map-2\/","name":"&#8211; UWG Radevormwald UWG Radevormwald","isPartOf":{"@id":"https:\/\/www.true-trust.de\/Backup\/#website"},"datePublished":"2017-10-31T20:40:38+00:00","dateModified":"2019-03-19T17:21:44+00:00","description":"UWG ver\u00f6ffentlicht Standorte der Defibrillatoren in Radevormwald","inLanguage":"de","potentialAction":[{"@type":"ReadAction","target":["https:\/\/www.true-trust.de\/Backup\/defi-map-2\/"]}]},{"@type":"WebSite","@id":"https:\/\/www.true-trust.de\/Backup\/#website","url":"https:\/\/www.true-trust.de\/Backup\/","name":"UWG Radevormwald","description":"Webseite der Unabh\u00e4ngigen W\u00e4hlergemeinschaft Radevormwald","publisher":{"@id":"https:\/\/www.true-trust.de\/Backup\/#organization"},"potentialAction":[{"@type":"SearchAction","target":{"@type":"EntryPoint","urlTemplate":"https:\/\/www.true-trust.de\/Backup\/?s={search_term_string}"},"query-input":"required name=search_term_string"}],"inLanguage":"de"},{"@type":"Organization","@id":"https:\/\/www.true-trust.de\/Backup\/#organization","name":"UWG Radevormwald e. V.","url":"https:\/\/www.true-trust.de\/Backup\/","logo":{"@type":"ImageObject","inLanguage":"de","@id":"https:\/\/www.true-trust.de\/Backup\/#\/schema\/logo\/image\/","url":"https:\/\/www.true-trust.de\/Backup\/wp-content\/uploads\/2012\/01\/uwg.jpg","contentUrl":"https:\/\/www.true-trust.de\/Backup\/wp-content\/uploads\/2012\/01\/uwg.jpg","width":"300","height":"217","caption":"UWG Radevormwald e. V."},"image":{"@id":"https:\/\/www.true-trust.de\/Backup\/#\/schema\/logo\/image\/"},"sameAs":["https:\/\/twitter.com\/UWGRadevormwald"]}]}},"_links":{"self":[{"href":"https:\/\/www.true-trust.de\/Backup\/wp-json\/wp\/v2\/pages\/2758","targetHints":{"allow":["GET"]}}],"collection":[{"href":"https:\/\/www.true-trust.de\/Backup\/wp-json\/wp\/v2\/pages"}],"about":[{"href":"https:\/\/www.true-trust.de\/Backup\/wp-json\/wp\/v2\/types\/page"}],"author":[{"embeddable":true,"href":"https:\/\/www.true-trust.de\/Backup\/wp-json\/wp\/v2\/users\/8"}],"replies":[{"embeddable":true,"href":"https:\/\/www.true-trust.de\/Backup\/wp-json\/wp\/v2\/comments?post=2758"}],"version-history":[{"count":25,"href":"https:\/\/www.true-trust.de\/Backup\/wp-json\/wp\/v2\/pages\/2758\/revisions"}],"predecessor-version":[{"id":3566,"href":"https:\/\/www.true-trust.de\/Backup\/wp-json\/wp\/v2\/pages\/2758\/revisions\/3566"}],"wp:attachment":[{"href":"https:\/\/www.true-trust.de\/Backup\/wp-json\/wp\/v2\/media?parent=2758"}],"curies":[{"name":"wp","href":"https:\/\/api.w.org\/{rel}","templated":true}]}}