{"id":21,"date":"2011-03-25T03:48:58","date_gmt":"2011-03-25T02:48:58","guid":{"rendered":"https:\/\/www.true-trust.de\/Backup\/?page_id=21"},"modified":"2016-12-03T22:56:34","modified_gmt":"2016-12-03T21:56:34","slug":"fraktionsarbeit","status":"publish","type":"page","link":"https:\/\/www.true-trust.de\/Backup\/fraktionsarbeit\/","title":{"rendered":"Fraktionsarbeit"},"content":{"rendered":"<p>Guten Tag,<\/p>\n<p>unter dieser \u00dcberschrift dokumentieren wir die Arbeit ihrer UWG Fraktion in den Gremien der Stadt Radevormwald und in der Fraktion.<\/p>\n<p>Fraktionsarbeit bedeutet unter Anderem:<\/p>\n<ul>\n<li>Ausarbeiten der Themen in den Fachaussch\u00fcssen<\/li>\n<li>Diskussion innerhalb der Fraktion zu den Verwaltungsvorlagen<\/li>\n<li>Ausarbeiten von Antr\u00e4gen<\/li>\n<li>Pressearbeit<\/li>\n<li>Organisation von Informationsveranstaltungen (Marktst\u00e4nde, etc.)<\/li>\n<li>und vieles mehr&#8230;&#8230;<\/li>\n<\/ul>\n<p>Informieren Sie sich \u00fcber die Arbeit in der drittgr\u00f6ssten Fraktion im Rat der Stadt Radevormwald.<\/p>\n","protected":false},"excerpt":{"rendered":"<p>Guten Tag, unter dieser \u00dcberschrift dokumentieren wir die Arbeit ihrer UWG Fraktion in den Gremien der Stadt Radevormwald und in der Fraktion. Fraktionsarbeit bedeutet unter Anderem: Ausarbeiten der Themen in den Fachaussch\u00fcssen Diskussion innerhalb der Fraktion zu den Verwaltungsvorlagen Ausarbeiten von Antr\u00e4gen Pressearbeit Organisation von Informationsveranstaltungen (Marktst\u00e4nde, etc.) und vieles mehr&#8230;&#8230; Informieren Sie sich \u00fcber [&hellip;]<\/p>\n","protected":false},"author":8,"featured_media":0,"parent":0,"menu_order":1,"comment_status":"closed","ping_status":"closed","template":"","meta":{"ngg_post_thumbnail":0,"_mc_calendar":[],"footnotes":""},"class_list":["post-21","page","type-page","status-publish","hentry"],"yoast_head":"<!-- This site is optimized with the Yoast SEO plugin v21.3 - https:\/\/yoast.com\/wordpress\/plugins\/seo\/ -->\n<title>Fraktionsarbeit &#8211; UWG Radevormwald UWG Radevormwald<\/title>\n<meta name=\"description\" content=\"Guten Tag, unter dieser \u00dcberschrift dokumentieren wir die Arbeit ihrer UWG Fraktion in den Gremien der Stadt Radevormwald und in der Fraktion.\" \/>\n<meta name=\"robots\" content=\"index, follow, max-snippet:-1, max-image-preview:large, max-video-preview:-1\" \/>\n<link rel=\"canonical\" href=\"https:\/\/www.true-trust.de\/Backup\/fraktionsarbeit\/\" \/>\n<meta property=\"og:locale\" content=\"de_DE\" \/>\n<meta property=\"og:type\" content=\"article\" \/>\n<meta property=\"og:title\" content=\"Fraktionsarbeit &#8211; UWG Radevormwald UWG Radevormwald\" \/>\n<meta property=\"og:description\" content=\"Guten Tag, unter dieser \u00dcberschrift dokumentieren wir die Arbeit ihrer UWG Fraktion in den Gremien der Stadt Radevormwald und in der Fraktion.\" \/>\n<meta property=\"og:url\" content=\"https:\/\/www.true-trust.de\/Backup\/fraktionsarbeit\/\" \/>\n<meta property=\"og:site_name\" content=\"UWG Radevormwald\" \/>\n<meta property=\"article:modified_time\" content=\"2016-12-03T21:56:34+00:00\" \/>\n<meta name=\"twitter:card\" content=\"summary_large_image\" \/>\n<meta name=\"twitter:site\" content=\"@UWGRadevormwald\" \/>\n<script type=\"application\/ld+json\" class=\"yoast-schema-graph\">{\"@context\":\"https:\/\/schema.org\",\"@graph\":[{\"@type\":\"WebPage\",\"@id\":\"https:\/\/www.true-trust.de\/Backup\/fraktionsarbeit\/\",\"url\":\"https:\/\/www.true-trust.de\/Backup\/fraktionsarbeit\/\",\"name\":\"Fraktionsarbeit &#8211; UWG Radevormwald UWG Radevormwald\",\"isPartOf\":{\"@id\":\"https:\/\/www.true-trust.de\/Backup\/#website\"},\"datePublished\":\"2011-03-25T02:48:58+00:00\",\"dateModified\":\"2016-12-03T21:56:34+00:00\",\"description\":\"Guten Tag, unter dieser \u00dcberschrift dokumentieren wir die Arbeit ihrer UWG Fraktion in den Gremien der Stadt Radevormwald und in der Fraktion.\",\"breadcrumb\":{\"@id\":\"https:\/\/www.true-trust.de\/Backup\/fraktionsarbeit\/#breadcrumb\"},\"inLanguage\":\"de\",\"potentialAction\":[{\"@type\":\"ReadAction\",\"target\":[\"https:\/\/www.true-trust.de\/Backup\/fraktionsarbeit\/\"]}]},{\"@type\":\"BreadcrumbList\",\"@id\":\"https:\/\/www.true-trust.de\/Backup\/fraktionsarbeit\/#breadcrumb\",\"itemListElement\":[{\"@type\":\"ListItem\",\"position\":1,\"name\":\"Startseite\",\"item\":\"https:\/\/www.true-trust.de\/Backup\/\"},{\"@type\":\"ListItem\",\"position\":2,\"name\":\"Fraktionsarbeit\"}]},{\"@type\":\"WebSite\",\"@id\":\"https:\/\/www.true-trust.de\/Backup\/#website\",\"url\":\"https:\/\/www.true-trust.de\/Backup\/\",\"name\":\"UWG Radevormwald\",\"description\":\"Webseite der Unabh\u00e4ngigen W\u00e4hlergemeinschaft Radevormwald\",\"publisher\":{\"@id\":\"https:\/\/www.true-trust.de\/Backup\/#organization\"},\"potentialAction\":[{\"@type\":\"SearchAction\",\"target\":{\"@type\":\"EntryPoint\",\"urlTemplate\":\"https:\/\/www.true-trust.de\/Backup\/?s={search_term_string}\"},\"query-input\":\"required name=search_term_string\"}],\"inLanguage\":\"de\"},{\"@type\":\"Organization\",\"@id\":\"https:\/\/www.true-trust.de\/Backup\/#organization\",\"name\":\"UWG Radevormwald e. V.\",\"url\":\"https:\/\/www.true-trust.de\/Backup\/\",\"logo\":{\"@type\":\"ImageObject\",\"inLanguage\":\"de\",\"@id\":\"https:\/\/www.true-trust.de\/Backup\/#\/schema\/logo\/image\/\",\"url\":\"https:\/\/www.true-trust.de\/Backup\/wp-content\/uploads\/2012\/01\/uwg.jpg\",\"contentUrl\":\"https:\/\/www.true-trust.de\/Backup\/wp-content\/uploads\/2012\/01\/uwg.jpg\",\"width\":\"300\",\"height\":\"217\",\"caption\":\"UWG Radevormwald e. V.\"},\"image\":{\"@id\":\"https:\/\/www.true-trust.de\/Backup\/#\/schema\/logo\/image\/\"},\"sameAs\":[\"https:\/\/twitter.com\/UWGRadevormwald\"]}]}<\/script>\n<!-- \/ Yoast SEO plugin. -->","yoast_head_json":{"title":"Fraktionsarbeit &#8211; UWG Radevormwald UWG Radevormwald","description":"Guten Tag, unter dieser \u00dcberschrift dokumentieren wir die Arbeit ihrer UWG Fraktion in den Gremien der Stadt Radevormwald und in der Fraktion.","robots":{"index":"index","follow":"follow","max-snippet":"max-snippet:-1","max-image-preview":"max-image-preview:large","max-video-preview":"max-video-preview:-1"},"canonical":"https:\/\/www.true-trust.de\/Backup\/fraktionsarbeit\/","og_locale":"de_DE","og_type":"article","og_title":"Fraktionsarbeit &#8211; UWG Radevormwald UWG Radevormwald","og_description":"Guten Tag, unter dieser \u00dcberschrift dokumentieren wir die Arbeit ihrer UWG Fraktion in den Gremien der Stadt Radevormwald und in der Fraktion.","og_url":"https:\/\/www.true-trust.de\/Backup\/fraktionsarbeit\/","og_site_name":"UWG Radevormwald","article_modified_time":"2016-12-03T21:56:34+00:00","twitter_card":"summary_large_image","twitter_site":"@UWGRadevormwald","schema":{"@context":"https:\/\/schema.org","@graph":[{"@type":"WebPage","@id":"https:\/\/www.true-trust.de\/Backup\/fraktionsarbeit\/","url":"https:\/\/www.true-trust.de\/Backup\/fraktionsarbeit\/","name":"Fraktionsarbeit &#8211; UWG Radevormwald UWG Radevormwald","isPartOf":{"@id":"https:\/\/www.true-trust.de\/Backup\/#website"},"datePublished":"2011-03-25T02:48:58+00:00","dateModified":"2016-12-03T21:56:34+00:00","description":"Guten Tag, unter dieser \u00dcberschrift dokumentieren wir die Arbeit ihrer UWG Fraktion in den Gremien der Stadt Radevormwald und in der Fraktion.","breadcrumb":{"@id":"https:\/\/www.true-trust.de\/Backup\/fraktionsarbeit\/#breadcrumb"},"inLanguage":"de","potentialAction":[{"@type":"ReadAction","target":["https:\/\/www.true-trust.de\/Backup\/fraktionsarbeit\/"]}]},{"@type":"BreadcrumbList","@id":"https:\/\/www.true-trust.de\/Backup\/fraktionsarbeit\/#breadcrumb","itemListElement":[{"@type":"ListItem","position":1,"name":"Startseite","item":"https:\/\/www.true-trust.de\/Backup\/"},{"@type":"ListItem","position":2,"name":"Fraktionsarbeit"}]},{"@type":"WebSite","@id":"https:\/\/www.true-trust.de\/Backup\/#website","url":"https:\/\/www.true-trust.de\/Backup\/","name":"UWG Radevormwald","description":"Webseite der Unabh\u00e4ngigen W\u00e4hlergemeinschaft Radevormwald","publisher":{"@id":"https:\/\/www.true-trust.de\/Backup\/#organization"},"potentialAction":[{"@type":"SearchAction","target":{"@type":"EntryPoint","urlTemplate":"https:\/\/www.true-trust.de\/Backup\/?s={search_term_string}"},"query-input":"required name=search_term_string"}],"inLanguage":"de"},{"@type":"Organization","@id":"https:\/\/www.true-trust.de\/Backup\/#organization","name":"UWG Radevormwald e. V.","url":"https:\/\/www.true-trust.de\/Backup\/","logo":{"@type":"ImageObject","inLanguage":"de","@id":"https:\/\/www.true-trust.de\/Backup\/#\/schema\/logo\/image\/","url":"https:\/\/www.true-trust.de\/Backup\/wp-content\/uploads\/2012\/01\/uwg.jpg","contentUrl":"https:\/\/www.true-trust.de\/Backup\/wp-content\/uploads\/2012\/01\/uwg.jpg","width":"300","height":"217","caption":"UWG Radevormwald e. V."},"image":{"@id":"https:\/\/www.true-trust.de\/Backup\/#\/schema\/logo\/image\/"},"sameAs":["https:\/\/twitter.com\/UWGRadevormwald"]}]}},"_links":{"self":[{"href":"https:\/\/www.true-trust.de\/Backup\/wp-json\/wp\/v2\/pages\/21","targetHints":{"allow":["GET"]}}],"collection":[{"href":"https:\/\/www.true-trust.de\/Backup\/wp-json\/wp\/v2\/pages"}],"about":[{"href":"https:\/\/www.true-trust.de\/Backup\/wp-json\/wp\/v2\/types\/page"}],"author":[{"embeddable":true,"href":"https:\/\/www.true-trust.de\/Backup\/wp-json\/wp\/v2\/users\/8"}],"replies":[{"embeddable":true,"href":"https:\/\/www.true-trust.de\/Backup\/wp-json\/wp\/v2\/comments?post=21"}],"version-history":[{"count":2,"href":"https:\/\/www.true-trust.de\/Backup\/wp-json\/wp\/v2\/pages\/21\/revisions"}],"predecessor-version":[{"id":1939,"href":"https:\/\/www.true-trust.de\/Backup\/wp-json\/wp\/v2\/pages\/21\/revisions\/1939"}],"wp:attachment":[{"href":"https:\/\/www.true-trust.de\/Backup\/wp-json\/wp\/v2\/media?parent=21"}],"curies":[{"name":"wp","href":"https:\/\/api.w.org\/{rel}","templated":true}]}}