{"id":20,"date":"2011-03-25T03:47:19","date_gmt":"2011-03-25T02:47:19","guid":{"rendered":"https:\/\/www.true-trust.de\/Backup\/?page_id=20"},"modified":"2011-03-25T10:23:21","modified_gmt":"2011-03-25T09:23:21","slug":"10-jahre-uwg","status":"publish","type":"page","link":"https:\/\/www.true-trust.de\/Backup\/uwg-in-rade\/historie\/10-jahre-uwg\/","title":{"rendered":"10-Jahre UWG"},"content":{"rendered":"<div style=\"text-align: center;\"><span style=\"font-family: arial,helvetica,sans-serif;\"><strong><span style=\"color: #0066ff;\"><a href=\"http:\/\/localhost\/wordpress\/wp-content\/uploads\/2011\/03\/uwg_blau.gif\"><\/a>1998 &#8211; 2008<br \/>\n<\/span><\/strong><span style=\"color: #000000;\">Eine lose Zusammenfassung einer politischen Idee \u00fcber 10 Jahre<\/span><\/span><\/div>\n<div style=\"text-align: center;\"><span style=\"color: #000000; font-family: arial,helvetica,sans-serif;\">der<\/span><\/div>\n<div style=\"text-align: center;\"><span style=\"color: #000000; font-family: arial,helvetica,sans-serif;\"><strong><span style=\"color: #0066ff;\">U<\/span><\/strong>nabh\u00e4ngigen <strong><span style=\"color: #0066ff;\">W<\/span><\/strong>\u00e4hler<strong><span style=\"color: #0066ff;\">G<\/span><\/strong>emeinschaft Radevormwald<\/span><\/div>\n<div><span style=\"font-family: arial,helvetica,sans-serif; font-size: medium;\"> <\/span><\/div>\n<hr \/>\n<div><span style=\"font-family: arial,helvetica,sans-serif;\">Vorwort<\/span><br \/>\n<span style=\"font-family: arial,helvetica,sans-serif;\"> <span style=\"color: #5f5f5f;\"><strong>Nach  10 Jahren politischer Arbeit <\/strong><\/span> ist es notwendig, einen <em><strong>R\u00fcckblick <\/strong><\/em> zu halten, der dem <em><strong>\u00dcberblick <\/strong><\/em>dienen soll.<\/span><\/div>\n<div><span style=\"font-family: arial,helvetica,sans-serif;\">Bei der Durcharbeitung der vielen Protokolle ( von\u00a0 der Fraktion alleine 293 St\u00fcck ) ist Positives und Negatives<\/span><br \/>\n<span style=\"font-family: arial,helvetica,sans-serif;\"> aufgefallen.<\/span><\/div>\n<div><span style=\"font-family: arial,helvetica,sans-serif;\">Das soll keine kritische Bemerkung oder gar ein\u00a0 Vorwurf sein, eine Feststellung eben!<\/span><\/div>\n<div><span style=\"font-family: arial,helvetica,sans-serif;\">Es\u00a0 zeigt sich, wie man <span style=\"color: #5f5f5f;\"><span style=\"text-decoration: underline;\">die\u00a0 politische Arbeit \u201elernen\u201c <\/span><\/span> muss. Wie man in neudeutsch sagt: <strong>\u201elearning<br \/>\nby doing\u201c<\/strong>,<\/span><\/div>\n<div><span style=\"font-family: arial,helvetica,sans-serif;\">Vieles\u00a0 hat der Chronist bei der 10 Jahres \u2013 Durchsicht erfahren. Diese\u00a0 Erfahrung w\u00fcrde er gerne weitergeben. Das wird aber nur m\u00f6glich\u00a0 sein, wenn man sich gleichfalls in die alten Protokolle vertieft. <\/span><\/div>\n<div><span style=\"font-family: arial,helvetica,sans-serif;\"> <\/span><\/div>\n<div><span style=\"font-family: arial,helvetica,sans-serif;\">Was bei der Durchsicht der politischen Arbeit von\u00a0 10 Jahren, f\u00fcr eine Stadt auff\u00e4llt, ist die unterschiedliche<\/span><br \/>\n<span style=\"font-family: arial,helvetica,sans-serif;\"> Intensit\u00e4t des Einsatzes.<\/span><\/div>\n<div><span style=\"font-family: arial,helvetica,sans-serif;\">Da\u00a0aller Anfang schwer ist, war der Einsatz aller Beteiligten <span style=\"color: #5f5f5f;\"><strong>vor\u00a0 der 1. Wahl im Jahr 1999 <\/strong><\/span> wohl am Gr\u00f6\u00dften. Ohne fachliche Unterst\u00fctzung w\u00e4re es f\u00fcr die\u00a0Hobby \u2013 Politiker wohl noch schwerer geworden. <\/span><\/div>\n<div><span style=\"font-family: arial,helvetica,sans-serif;\">Der\u00a0Start gelang! <span style=\"text-decoration: underline;\"> 4-Personen<\/span> \u00fcbernahmen Verantwortung im Rat der Stadt Radevormwald.<\/span><\/div>\n<div><span style=\"font-family: arial,helvetica,sans-serif;\">Auch <span style=\"color: #5f5f5f;\"><strong>vor\u00a0 der 2. Wahl im Jahre 2004 <\/strong><\/span> hat man sich ordentlich \u201eins Zeug\u201c gelegt, mit Markst\u00e4nden zu\u00a0aktuellen Themen und originellen Wahlgeschenken. Besonders gut kam\u00a0 ein Kochbuch mit regionalen\/bergischen Rezepten mit dem Titel: <em>\u201eWir\u00a0 wollen Ihnen die Politik schmackhaft machen\u201c<\/em>,<br \/>\nan. Jetzt waren es <span style=\"text-decoration: underline;\">5\u00a0Personen<\/span> im\u00a0 Dienste der Radevormwalder Bev\u00f6lkerung.<\/span><\/div>\n<div><span style=\"font-family: arial,helvetica,sans-serif;\"> <\/span><\/div>\n<div><span style=\"font-family: arial,helvetica,sans-serif;\"><span style=\"text-decoration: underline;\">Das Res\u00fcmee:<\/span> Einsatz,\u00a0Kreativit\u00e4t und\u00a0 mit \u201edem Ohr am Volk\u201c sind die Bausteine einer\u00a0erfolgreichen Arbeit.<br \/>\nBleibt\u00a0der Wunsch, dass man nicht nachlassen m\u00f6ge, damit die anf\u00e4nglichen\u00a0Erfolge nicht in Vergessenheit geraten.<\/span><\/div>\n<div><span style=\"font-family: arial,helvetica,sans-serif;\"> <\/span><\/div>\n<div><span style=\"font-family: arial,helvetica,sans-serif;\"><span style=\"text-decoration: underline;\">Neue\u00a0Personen<\/span> m\u00fcssen\u00a0f\u00fcr diese sinnvolle politische und gesellschaftliche Idee gewonnen\u00a0werden. Nicht nur neue M\u00e4nner, auch neue Frauen braucht das Land \u2013die Stadt!<\/span><\/div>\n<div><span style=\"font-family: arial,helvetica,sans-serif;\">Bleibt hier erst mal die Hoffnung auf eine\u00a0positive Entwicklung, damit der Start in die n\u00e4chsten 10 Jahre<\/span><br \/>\n<span style=\"font-family: arial,helvetica,sans-serif;\"> gelingt.<\/span><\/div>\n<div><span style=\"font-family: arial,helvetica,sans-serif;\"> <\/span><\/div>\n<div><span style=\"font-family: arial,helvetica,sans-serif;\"><span style=\"text-decoration: underline;\">Der Gegensatz<\/span> zu den\u00a0etablierten Parteien, die gerne ihre \u201eVerbindungen\u201c spielen\u00a0 lassen, die sich \u201euneigenn\u00fctzig\u201c vor den Wahlen finanziell\u00a0 unterst\u00fctzen lassen, ist <span style=\"color: #5f5f5f;\"><strong>die\u00a0unabh\u00e4ngige Idee <\/strong><\/span> eine ehrliche Alternative.<\/span><\/div>\n<div><span style=\"font-family: arial,helvetica,sans-serif;\"> <\/span><\/div>\n<div><span style=\"font-family: arial,helvetica,sans-serif;\"><span style=\"text-decoration: underline;\">Unabh\u00e4ngigkeit<\/span> bei der politischen Arbeit ist wohl die schwerste aller\u00a0M\u00f6glichkeiten!<br \/>\nAus\u00a0Sicht der UWG aber auch die Aufrichtigste!<\/span><\/div>\n<div><span style=\"font-family: arial,helvetica,sans-serif;\">M\u00f6ge die <span style=\"color: #0000ff;\"><strong>Unabh\u00e4ngige\u00a0W\u00e4hlergemeinschaft <\/strong><\/span>der Stadt Radevormwald weiter f\u00fcr das Wohl der Stadt und seinen Menschen erfolgreich arbeiten.<\/span><\/div>\n<div><span style=\"font-family: arial,helvetica,sans-serif;\"> <\/span><\/div>\n<div><span style=\"font-family: arial,helvetica,sans-serif;\"><span style=\"color: #5f5f5f;\">Karl\u00a0 \u2013 Heinz Fischer\u00a0\u00a0\u00a0\u00a0\u00a0\u00a0\u00a0\u00a0\u00a0\u00a0\u00a0\u00a0\u00a0\u00a0\u00a0\u00a0\u00a0\u00a0\u00a0\u00a0\u00a0\u00a0\u00a0\u00a0\u00a0\u00a0\u00a0\u00a0\u00a0\u00a0\u00a0\u00a0\u00a0\u00a0\u00a0\u00a0\u00a0\u00a0\u00a0\u00a0\u00a0\u00a0\u00a0\u00a0\u00a0\u00a0\u00a0\u00a0\u00a0\u00a0\u00a0\u00a0\u00a0\u00a0\u00a0\u00a0\u00a0\u00a0\u00a0\u00a0\u00a0\u00a0\u00a0\u00a0\u00a0\u00a0\u00a0\u00a0\u00a0\u00a0\u00a0\u00a0\u00a0\u00a0\u00a0\u00a0\u00a0\u00a0\u00a0\u00a0\u00a0\u00a0\u00a0\u00a0\u00a0\u00a0\u00a0\u00a0\u00a0\u00a0\u00a0\u00a0\u00a0\u00a0\u00a0\u00a0\u00a0\u00a0 \u00a0\u00a0\u00a0 Im November 2008<br \/>\n<\/span><span style=\"color: #5f5f5f;\"><span style=\"font-size: x-small;\">(Schriftf\u00fchrer)<\/span><\/span><\/span><\/div>\n","protected":false},"excerpt":{"rendered":"<p>1998 &#8211; 2008 Eine lose Zusammenfassung einer politischen Idee \u00fcber 10 Jahre der Unabh\u00e4ngigen W\u00e4hlerGemeinschaft Radevormwald Vorwort Nach 10 Jahren politischer Arbeit ist es notwendig, einen R\u00fcckblick zu halten, der dem \u00dcberblick dienen soll. Bei der Durcharbeitung der vielen Protokolle ( von\u00a0 der Fraktion alleine 293 St\u00fcck ) ist Positives und Negatives aufgefallen. Das soll [&hellip;]<\/p>\n","protected":false},"author":8,"featured_media":0,"parent":19,"menu_order":0,"comment_status":"closed","ping_status":"closed","template":"","meta":{"ngg_post_thumbnail":0,"_mc_calendar":[],"footnotes":""},"class_list":["post-20","page","type-page","status-publish","hentry"],"yoast_head":"<!-- This site is optimized with the Yoast SEO plugin v21.3 - https:\/\/yoast.com\/wordpress\/plugins\/seo\/ -->\n<title>10-Jahre UWG &#8211; UWG Radevormwald UWG Radevormwald<\/title>\n<meta name=\"description\" content=\"1998 - 2008 Eine lose Zusammenfassung einer politischen Idee \u00fcber 10 Jahre der Unabh\u00e4ngigen W\u00e4hlerGemeinschaft Radevormwald Vorwort Nach 10 Jahren\" \/>\n<meta name=\"robots\" content=\"index, follow, max-snippet:-1, max-image-preview:large, max-video-preview:-1\" \/>\n<link rel=\"canonical\" href=\"https:\/\/www.true-trust.de\/Backup\/uwg-in-rade\/historie\/10-jahre-uwg\/\" \/>\n<meta property=\"og:locale\" content=\"de_DE\" \/>\n<meta property=\"og:type\" content=\"article\" \/>\n<meta property=\"og:title\" content=\"10-Jahre UWG &#8211; UWG Radevormwald UWG Radevormwald\" \/>\n<meta property=\"og:description\" content=\"1998 - 2008 Eine lose Zusammenfassung einer politischen Idee \u00fcber 10 Jahre der Unabh\u00e4ngigen W\u00e4hlerGemeinschaft Radevormwald Vorwort Nach 10 Jahren\" \/>\n<meta property=\"og:url\" content=\"https:\/\/www.true-trust.de\/Backup\/uwg-in-rade\/historie\/10-jahre-uwg\/\" \/>\n<meta property=\"og:site_name\" content=\"UWG Radevormwald\" \/>\n<meta property=\"article:modified_time\" content=\"2011-03-25T09:23:21+00:00\" \/>\n<meta name=\"twitter:card\" content=\"summary_large_image\" \/>\n<meta name=\"twitter:site\" content=\"@UWGRadevormwald\" \/>\n<meta name=\"twitter:label1\" content=\"Gesch\u00e4tzte Lesezeit\" \/>\n\t<meta name=\"twitter:data1\" content=\"2\u00a0Minuten\" \/>\n<script type=\"application\/ld+json\" class=\"yoast-schema-graph\">{\"@context\":\"https:\/\/schema.org\",\"@graph\":[{\"@type\":\"WebPage\",\"@id\":\"https:\/\/www.true-trust.de\/Backup\/uwg-in-rade\/historie\/10-jahre-uwg\/\",\"url\":\"https:\/\/www.true-trust.de\/Backup\/uwg-in-rade\/historie\/10-jahre-uwg\/\",\"name\":\"10-Jahre UWG &#8211; UWG Radevormwald UWG Radevormwald\",\"isPartOf\":{\"@id\":\"https:\/\/www.true-trust.de\/Backup\/#website\"},\"datePublished\":\"2011-03-25T02:47:19+00:00\",\"dateModified\":\"2011-03-25T09:23:21+00:00\",\"description\":\"1998 - 2008 Eine lose Zusammenfassung einer politischen Idee \u00fcber 10 Jahre der Unabh\u00e4ngigen W\u00e4hlerGemeinschaft Radevormwald Vorwort Nach 10 Jahren\",\"breadcrumb\":{\"@id\":\"https:\/\/www.true-trust.de\/Backup\/uwg-in-rade\/historie\/10-jahre-uwg\/#breadcrumb\"},\"inLanguage\":\"de\",\"potentialAction\":[{\"@type\":\"ReadAction\",\"target\":[\"https:\/\/www.true-trust.de\/Backup\/uwg-in-rade\/historie\/10-jahre-uwg\/\"]}]},{\"@type\":\"BreadcrumbList\",\"@id\":\"https:\/\/www.true-trust.de\/Backup\/uwg-in-rade\/historie\/10-jahre-uwg\/#breadcrumb\",\"itemListElement\":[{\"@type\":\"ListItem\",\"position\":1,\"name\":\"Startseite\",\"item\":\"https:\/\/www.true-trust.de\/Backup\/\"},{\"@type\":\"ListItem\",\"position\":2,\"name\":\"UWG in Rade\",\"item\":\"https:\/\/www.true-trust.de\/Backup\/uwg-in-rade\/\"},{\"@type\":\"ListItem\",\"position\":3,\"name\":\"Historie\",\"item\":\"https:\/\/www.true-trust.de\/Backup\/uwg-in-rade\/historie\/\"},{\"@type\":\"ListItem\",\"position\":4,\"name\":\"10-Jahre UWG\"}]},{\"@type\":\"WebSite\",\"@id\":\"https:\/\/www.true-trust.de\/Backup\/#website\",\"url\":\"https:\/\/www.true-trust.de\/Backup\/\",\"name\":\"UWG Radevormwald\",\"description\":\"Webseite der Unabh\u00e4ngigen W\u00e4hlergemeinschaft Radevormwald\",\"publisher\":{\"@id\":\"https:\/\/www.true-trust.de\/Backup\/#organization\"},\"potentialAction\":[{\"@type\":\"SearchAction\",\"target\":{\"@type\":\"EntryPoint\",\"urlTemplate\":\"https:\/\/www.true-trust.de\/Backup\/?s={search_term_string}\"},\"query-input\":\"required name=search_term_string\"}],\"inLanguage\":\"de\"},{\"@type\":\"Organization\",\"@id\":\"https:\/\/www.true-trust.de\/Backup\/#organization\",\"name\":\"UWG Radevormwald e. V.\",\"url\":\"https:\/\/www.true-trust.de\/Backup\/\",\"logo\":{\"@type\":\"ImageObject\",\"inLanguage\":\"de\",\"@id\":\"https:\/\/www.true-trust.de\/Backup\/#\/schema\/logo\/image\/\",\"url\":\"https:\/\/www.true-trust.de\/Backup\/wp-content\/uploads\/2012\/01\/uwg.jpg\",\"contentUrl\":\"https:\/\/www.true-trust.de\/Backup\/wp-content\/uploads\/2012\/01\/uwg.jpg\",\"width\":\"300\",\"height\":\"217\",\"caption\":\"UWG Radevormwald e. V.\"},\"image\":{\"@id\":\"https:\/\/www.true-trust.de\/Backup\/#\/schema\/logo\/image\/\"},\"sameAs\":[\"https:\/\/twitter.com\/UWGRadevormwald\"]}]}<\/script>\n<!-- \/ Yoast SEO plugin. -->","yoast_head_json":{"title":"10-Jahre UWG &#8211; UWG Radevormwald UWG Radevormwald","description":"1998 - 2008 Eine lose Zusammenfassung einer politischen Idee \u00fcber 10 Jahre der Unabh\u00e4ngigen W\u00e4hlerGemeinschaft Radevormwald Vorwort Nach 10 Jahren","robots":{"index":"index","follow":"follow","max-snippet":"max-snippet:-1","max-image-preview":"max-image-preview:large","max-video-preview":"max-video-preview:-1"},"canonical":"https:\/\/www.true-trust.de\/Backup\/uwg-in-rade\/historie\/10-jahre-uwg\/","og_locale":"de_DE","og_type":"article","og_title":"10-Jahre UWG &#8211; UWG Radevormwald UWG Radevormwald","og_description":"1998 - 2008 Eine lose Zusammenfassung einer politischen Idee \u00fcber 10 Jahre der Unabh\u00e4ngigen W\u00e4hlerGemeinschaft Radevormwald Vorwort Nach 10 Jahren","og_url":"https:\/\/www.true-trust.de\/Backup\/uwg-in-rade\/historie\/10-jahre-uwg\/","og_site_name":"UWG Radevormwald","article_modified_time":"2011-03-25T09:23:21+00:00","twitter_card":"summary_large_image","twitter_site":"@UWGRadevormwald","twitter_misc":{"Gesch\u00e4tzte Lesezeit":"2\u00a0Minuten"},"schema":{"@context":"https:\/\/schema.org","@graph":[{"@type":"WebPage","@id":"https:\/\/www.true-trust.de\/Backup\/uwg-in-rade\/historie\/10-jahre-uwg\/","url":"https:\/\/www.true-trust.de\/Backup\/uwg-in-rade\/historie\/10-jahre-uwg\/","name":"10-Jahre UWG &#8211; UWG Radevormwald UWG Radevormwald","isPartOf":{"@id":"https:\/\/www.true-trust.de\/Backup\/#website"},"datePublished":"2011-03-25T02:47:19+00:00","dateModified":"2011-03-25T09:23:21+00:00","description":"1998 - 2008 Eine lose Zusammenfassung einer politischen Idee \u00fcber 10 Jahre der Unabh\u00e4ngigen W\u00e4hlerGemeinschaft Radevormwald Vorwort Nach 10 Jahren","breadcrumb":{"@id":"https:\/\/www.true-trust.de\/Backup\/uwg-in-rade\/historie\/10-jahre-uwg\/#breadcrumb"},"inLanguage":"de","potentialAction":[{"@type":"ReadAction","target":["https:\/\/www.true-trust.de\/Backup\/uwg-in-rade\/historie\/10-jahre-uwg\/"]}]},{"@type":"BreadcrumbList","@id":"https:\/\/www.true-trust.de\/Backup\/uwg-in-rade\/historie\/10-jahre-uwg\/#breadcrumb","itemListElement":[{"@type":"ListItem","position":1,"name":"Startseite","item":"https:\/\/www.true-trust.de\/Backup\/"},{"@type":"ListItem","position":2,"name":"UWG in Rade","item":"https:\/\/www.true-trust.de\/Backup\/uwg-in-rade\/"},{"@type":"ListItem","position":3,"name":"Historie","item":"https:\/\/www.true-trust.de\/Backup\/uwg-in-rade\/historie\/"},{"@type":"ListItem","position":4,"name":"10-Jahre UWG"}]},{"@type":"WebSite","@id":"https:\/\/www.true-trust.de\/Backup\/#website","url":"https:\/\/www.true-trust.de\/Backup\/","name":"UWG Radevormwald","description":"Webseite der Unabh\u00e4ngigen W\u00e4hlergemeinschaft Radevormwald","publisher":{"@id":"https:\/\/www.true-trust.de\/Backup\/#organization"},"potentialAction":[{"@type":"SearchAction","target":{"@type":"EntryPoint","urlTemplate":"https:\/\/www.true-trust.de\/Backup\/?s={search_term_string}"},"query-input":"required name=search_term_string"}],"inLanguage":"de"},{"@type":"Organization","@id":"https:\/\/www.true-trust.de\/Backup\/#organization","name":"UWG Radevormwald e. V.","url":"https:\/\/www.true-trust.de\/Backup\/","logo":{"@type":"ImageObject","inLanguage":"de","@id":"https:\/\/www.true-trust.de\/Backup\/#\/schema\/logo\/image\/","url":"https:\/\/www.true-trust.de\/Backup\/wp-content\/uploads\/2012\/01\/uwg.jpg","contentUrl":"https:\/\/www.true-trust.de\/Backup\/wp-content\/uploads\/2012\/01\/uwg.jpg","width":"300","height":"217","caption":"UWG Radevormwald e. V."},"image":{"@id":"https:\/\/www.true-trust.de\/Backup\/#\/schema\/logo\/image\/"},"sameAs":["https:\/\/twitter.com\/UWGRadevormwald"]}]}},"_links":{"self":[{"href":"https:\/\/www.true-trust.de\/Backup\/wp-json\/wp\/v2\/pages\/20","targetHints":{"allow":["GET"]}}],"collection":[{"href":"https:\/\/www.true-trust.de\/Backup\/wp-json\/wp\/v2\/pages"}],"about":[{"href":"https:\/\/www.true-trust.de\/Backup\/wp-json\/wp\/v2\/types\/page"}],"author":[{"embeddable":true,"href":"https:\/\/www.true-trust.de\/Backup\/wp-json\/wp\/v2\/users\/8"}],"replies":[{"embeddable":true,"href":"https:\/\/www.true-trust.de\/Backup\/wp-json\/wp\/v2\/comments?post=20"}],"version-history":[{"count":0,"href":"https:\/\/www.true-trust.de\/Backup\/wp-json\/wp\/v2\/pages\/20\/revisions"}],"up":[{"embeddable":true,"href":"https:\/\/www.true-trust.de\/Backup\/wp-json\/wp\/v2\/pages\/19"}],"wp:attachment":[{"href":"https:\/\/www.true-trust.de\/Backup\/wp-json\/wp\/v2\/media?parent=20"}],"curies":[{"name":"wp","href":"https:\/\/api.w.org\/{rel}","templated":true}]}}