{"id":1960,"date":"2016-11-30T11:44:24","date_gmt":"2016-11-30T10:44:24","guid":{"rendered":"https:\/\/www.true-trust.de\/Backup\/?page_id=1960"},"modified":"2016-12-05T12:01:31","modified_gmt":"2016-12-05T11:01:31","slug":"wahlen","status":"publish","type":"page","link":"https:\/\/www.true-trust.de\/Backup\/wahlen\/","title":{"rendered":"Wahlen"},"content":{"rendered":"<p>Guten Tag,<\/p>\n<p>Wahlen sind f\u00fcr politisch arbeitende Parteien und Gruppen die Best\u00e4tigung und Erkenntnis das die politische Arbeit von den B\u00fcrgerinnen und B\u00fcrgern der Stadt Radevormwald wahrgenommen und honoriert wird.<\/p>\n<p>Es konzentriert sich die Darstellung der politischen Arbeit in den &#8220;Wahlk\u00e4mpfen&#8221; die in Nordrhein Westfalen alle 5 Jahre stattfinden. Politische Arbeit findet aber nicht nur im letzten halben Jahr (Untersuchungen haben sogar gezeigt das eigentlich nur die letzten 3 Wochen vor einer Wahl entscheidend sind) vor einer Wahl statt. Vielmehr wird \u00fcber die ganze Legislaturperiode intensiv gearbeitet.<\/p>\n<p>Trotzdem werden f\u00fcr die B\u00fcrgerinnen und B\u00fcrger die politisch arbeitenden Gruppen erst kurz vor den Wahlen erst richtig sp\u00fcrbar.<\/p>\n<p>Deswegen auch hier die Darstellung der Aktionen die die UWG zu den Wahlterminen als Pr\u00e4sentation unser politischen Arbeit durchf\u00fchrt.<\/p>\n<p>Ich (pers\u00f6nlich als Fraktionsvorsitzender) w\u00fcrde mich \u00fcber ihre Anregungen und Mitarbeit auch au\u00dferhalb der Wahlkampfzeiten sehr freuen.<\/p>\n<p>mit unabh\u00e4ngigen Gr\u00fcssen<\/p>\n<p>ihre UWG Fraktion und Bernd-Eric Hoffmann<\/p>\n<p>&nbsp;<\/p>\n<p>&nbsp;<\/p>\n","protected":false},"excerpt":{"rendered":"<p>Guten Tag, Wahlen sind f\u00fcr politisch arbeitende Parteien und Gruppen die Best\u00e4tigung und Erkenntnis das die politische Arbeit von den B\u00fcrgerinnen und B\u00fcrgern der Stadt Radevormwald wahrgenommen und honoriert wird. Es konzentriert sich die Darstellung der politischen Arbeit in den &#8220;Wahlk\u00e4mpfen&#8221; die in Nordrhein Westfalen alle 5 Jahre stattfinden. Politische Arbeit findet aber nicht nur [&hellip;]<\/p>\n","protected":false},"author":8,"featured_media":0,"parent":0,"menu_order":5,"comment_status":"closed","ping_status":"closed","template":"","meta":{"ngg_post_thumbnail":0,"_mc_calendar":[],"footnotes":""},"class_list":["post-1960","page","type-page","status-publish","hentry"],"yoast_head":"<!-- This site is optimized with the Yoast SEO plugin v21.3 - https:\/\/yoast.com\/wordpress\/plugins\/seo\/ -->\n<title>Wahlen &#8211; UWG Radevormwald UWG Radevormwald<\/title>\n<meta name=\"description\" content=\"Guten Tag, Wahlen sind f\u00fcr politisch arbeitende Parteien und Gruppen die Best\u00e4tigung und Erkenntnis das die politische Arbeit von den B\u00fcrgerinnen und\" \/>\n<meta name=\"robots\" content=\"index, follow, max-snippet:-1, max-image-preview:large, max-video-preview:-1\" \/>\n<link rel=\"canonical\" href=\"https:\/\/www.true-trust.de\/Backup\/wahlen\/\" \/>\n<meta property=\"og:locale\" content=\"de_DE\" \/>\n<meta property=\"og:type\" content=\"article\" \/>\n<meta property=\"og:title\" content=\"Wahlen &#8211; UWG Radevormwald UWG Radevormwald\" \/>\n<meta property=\"og:description\" content=\"Guten Tag, Wahlen sind f\u00fcr politisch arbeitende Parteien und Gruppen die Best\u00e4tigung und Erkenntnis das die politische Arbeit von den B\u00fcrgerinnen und\" \/>\n<meta property=\"og:url\" content=\"https:\/\/www.true-trust.de\/Backup\/wahlen\/\" \/>\n<meta property=\"og:site_name\" content=\"UWG Radevormwald\" \/>\n<meta property=\"article:modified_time\" content=\"2016-12-05T11:01:31+00:00\" \/>\n<meta name=\"twitter:card\" content=\"summary_large_image\" \/>\n<meta name=\"twitter:site\" content=\"@UWGRadevormwald\" \/>\n<meta name=\"twitter:label1\" content=\"Gesch\u00e4tzte Lesezeit\" \/>\n\t<meta name=\"twitter:data1\" content=\"1\u00a0Minute\" \/>\n<script type=\"application\/ld+json\" class=\"yoast-schema-graph\">{\"@context\":\"https:\/\/schema.org\",\"@graph\":[{\"@type\":\"WebPage\",\"@id\":\"https:\/\/www.true-trust.de\/Backup\/wahlen\/\",\"url\":\"https:\/\/www.true-trust.de\/Backup\/wahlen\/\",\"name\":\"Wahlen &#8211; UWG Radevormwald UWG Radevormwald\",\"isPartOf\":{\"@id\":\"https:\/\/www.true-trust.de\/Backup\/#website\"},\"datePublished\":\"2016-11-30T10:44:24+00:00\",\"dateModified\":\"2016-12-05T11:01:31+00:00\",\"description\":\"Guten Tag, Wahlen sind f\u00fcr politisch arbeitende Parteien und Gruppen die Best\u00e4tigung und Erkenntnis das die politische Arbeit von den B\u00fcrgerinnen und\",\"breadcrumb\":{\"@id\":\"https:\/\/www.true-trust.de\/Backup\/wahlen\/#breadcrumb\"},\"inLanguage\":\"de\",\"potentialAction\":[{\"@type\":\"ReadAction\",\"target\":[\"https:\/\/www.true-trust.de\/Backup\/wahlen\/\"]}]},{\"@type\":\"BreadcrumbList\",\"@id\":\"https:\/\/www.true-trust.de\/Backup\/wahlen\/#breadcrumb\",\"itemListElement\":[{\"@type\":\"ListItem\",\"position\":1,\"name\":\"Startseite\",\"item\":\"https:\/\/www.true-trust.de\/Backup\/\"},{\"@type\":\"ListItem\",\"position\":2,\"name\":\"Wahlen\"}]},{\"@type\":\"WebSite\",\"@id\":\"https:\/\/www.true-trust.de\/Backup\/#website\",\"url\":\"https:\/\/www.true-trust.de\/Backup\/\",\"name\":\"UWG Radevormwald\",\"description\":\"Webseite der Unabh\u00e4ngigen W\u00e4hlergemeinschaft Radevormwald\",\"publisher\":{\"@id\":\"https:\/\/www.true-trust.de\/Backup\/#organization\"},\"potentialAction\":[{\"@type\":\"SearchAction\",\"target\":{\"@type\":\"EntryPoint\",\"urlTemplate\":\"https:\/\/www.true-trust.de\/Backup\/?s={search_term_string}\"},\"query-input\":\"required name=search_term_string\"}],\"inLanguage\":\"de\"},{\"@type\":\"Organization\",\"@id\":\"https:\/\/www.true-trust.de\/Backup\/#organization\",\"name\":\"UWG Radevormwald e. V.\",\"url\":\"https:\/\/www.true-trust.de\/Backup\/\",\"logo\":{\"@type\":\"ImageObject\",\"inLanguage\":\"de\",\"@id\":\"https:\/\/www.true-trust.de\/Backup\/#\/schema\/logo\/image\/\",\"url\":\"https:\/\/www.true-trust.de\/Backup\/wp-content\/uploads\/2012\/01\/uwg.jpg\",\"contentUrl\":\"https:\/\/www.true-trust.de\/Backup\/wp-content\/uploads\/2012\/01\/uwg.jpg\",\"width\":\"300\",\"height\":\"217\",\"caption\":\"UWG Radevormwald e. V.\"},\"image\":{\"@id\":\"https:\/\/www.true-trust.de\/Backup\/#\/schema\/logo\/image\/\"},\"sameAs\":[\"https:\/\/twitter.com\/UWGRadevormwald\"]}]}<\/script>\n<!-- \/ Yoast SEO plugin. -->","yoast_head_json":{"title":"Wahlen &#8211; UWG Radevormwald UWG Radevormwald","description":"Guten Tag, Wahlen sind f\u00fcr politisch arbeitende Parteien und Gruppen die Best\u00e4tigung und Erkenntnis das die politische Arbeit von den B\u00fcrgerinnen und","robots":{"index":"index","follow":"follow","max-snippet":"max-snippet:-1","max-image-preview":"max-image-preview:large","max-video-preview":"max-video-preview:-1"},"canonical":"https:\/\/www.true-trust.de\/Backup\/wahlen\/","og_locale":"de_DE","og_type":"article","og_title":"Wahlen &#8211; UWG Radevormwald UWG Radevormwald","og_description":"Guten Tag, Wahlen sind f\u00fcr politisch arbeitende Parteien und Gruppen die Best\u00e4tigung und Erkenntnis das die politische Arbeit von den B\u00fcrgerinnen und","og_url":"https:\/\/www.true-trust.de\/Backup\/wahlen\/","og_site_name":"UWG Radevormwald","article_modified_time":"2016-12-05T11:01:31+00:00","twitter_card":"summary_large_image","twitter_site":"@UWGRadevormwald","twitter_misc":{"Gesch\u00e4tzte Lesezeit":"1\u00a0Minute"},"schema":{"@context":"https:\/\/schema.org","@graph":[{"@type":"WebPage","@id":"https:\/\/www.true-trust.de\/Backup\/wahlen\/","url":"https:\/\/www.true-trust.de\/Backup\/wahlen\/","name":"Wahlen &#8211; UWG Radevormwald UWG Radevormwald","isPartOf":{"@id":"https:\/\/www.true-trust.de\/Backup\/#website"},"datePublished":"2016-11-30T10:44:24+00:00","dateModified":"2016-12-05T11:01:31+00:00","description":"Guten Tag, Wahlen sind f\u00fcr politisch arbeitende Parteien und Gruppen die Best\u00e4tigung und Erkenntnis das die politische Arbeit von den B\u00fcrgerinnen und","breadcrumb":{"@id":"https:\/\/www.true-trust.de\/Backup\/wahlen\/#breadcrumb"},"inLanguage":"de","potentialAction":[{"@type":"ReadAction","target":["https:\/\/www.true-trust.de\/Backup\/wahlen\/"]}]},{"@type":"BreadcrumbList","@id":"https:\/\/www.true-trust.de\/Backup\/wahlen\/#breadcrumb","itemListElement":[{"@type":"ListItem","position":1,"name":"Startseite","item":"https:\/\/www.true-trust.de\/Backup\/"},{"@type":"ListItem","position":2,"name":"Wahlen"}]},{"@type":"WebSite","@id":"https:\/\/www.true-trust.de\/Backup\/#website","url":"https:\/\/www.true-trust.de\/Backup\/","name":"UWG Radevormwald","description":"Webseite der Unabh\u00e4ngigen W\u00e4hlergemeinschaft Radevormwald","publisher":{"@id":"https:\/\/www.true-trust.de\/Backup\/#organization"},"potentialAction":[{"@type":"SearchAction","target":{"@type":"EntryPoint","urlTemplate":"https:\/\/www.true-trust.de\/Backup\/?s={search_term_string}"},"query-input":"required name=search_term_string"}],"inLanguage":"de"},{"@type":"Organization","@id":"https:\/\/www.true-trust.de\/Backup\/#organization","name":"UWG Radevormwald e. V.","url":"https:\/\/www.true-trust.de\/Backup\/","logo":{"@type":"ImageObject","inLanguage":"de","@id":"https:\/\/www.true-trust.de\/Backup\/#\/schema\/logo\/image\/","url":"https:\/\/www.true-trust.de\/Backup\/wp-content\/uploads\/2012\/01\/uwg.jpg","contentUrl":"https:\/\/www.true-trust.de\/Backup\/wp-content\/uploads\/2012\/01\/uwg.jpg","width":"300","height":"217","caption":"UWG Radevormwald e. V."},"image":{"@id":"https:\/\/www.true-trust.de\/Backup\/#\/schema\/logo\/image\/"},"sameAs":["https:\/\/twitter.com\/UWGRadevormwald"]}]}},"_links":{"self":[{"href":"https:\/\/www.true-trust.de\/Backup\/wp-json\/wp\/v2\/pages\/1960","targetHints":{"allow":["GET"]}}],"collection":[{"href":"https:\/\/www.true-trust.de\/Backup\/wp-json\/wp\/v2\/pages"}],"about":[{"href":"https:\/\/www.true-trust.de\/Backup\/wp-json\/wp\/v2\/types\/page"}],"author":[{"embeddable":true,"href":"https:\/\/www.true-trust.de\/Backup\/wp-json\/wp\/v2\/users\/8"}],"replies":[{"embeddable":true,"href":"https:\/\/www.true-trust.de\/Backup\/wp-json\/wp\/v2\/comments?post=1960"}],"version-history":[{"count":5,"href":"https:\/\/www.true-trust.de\/Backup\/wp-json\/wp\/v2\/pages\/1960\/revisions"}],"predecessor-version":[{"id":2433,"href":"https:\/\/www.true-trust.de\/Backup\/wp-json\/wp\/v2\/pages\/1960\/revisions\/2433"}],"wp:attachment":[{"href":"https:\/\/www.true-trust.de\/Backup\/wp-json\/wp\/v2\/media?parent=1960"}],"curies":[{"name":"wp","href":"https:\/\/api.w.org\/{rel}","templated":true}]}}