{"id":1901,"date":"2016-11-29T12:31:36","date_gmt":"2016-11-29T11:31:36","guid":{"rendered":"https:\/\/www.true-trust.de\/Backup\/?page_id=1901"},"modified":"2018-04-17T15:50:06","modified_gmt":"2018-04-17T13:50:06","slug":"kontaktformular","status":"publish","type":"page","link":"https:\/\/www.true-trust.de\/Backup\/kontakt-2\/kontaktformular\/","title":{"rendered":"UWG Kontaktformular"},"content":{"rendered":"<p style=\"text-align: left;\">\u00dcber das Kontaktformular k\u00f6nnen Sie uns direkt eine Nachricht zukommen lassen.<\/p>\n<p style=\"text-align: left;\">Die Nachricht wird schnellstm\u00f6glich bearbeitet und Sie erhalten nat\u00fcrlich eine R\u00fcckmeldung.<\/p>\n<p style=\"text-align: left;\">Wir bitten um Verst\u00e4ndnis das wir ihren Namen und ihre E-Mail Adresse dazu ben\u00f6tigen.<\/p>\n<p style=\"text-align: left;\">\n<div class=\"wpcf7 no-js\" id=\"wpcf7-f1900-o1\" lang=\"de-DE\" dir=\"ltr\">\n<div class=\"screen-reader-response\"><p role=\"status\" aria-live=\"polite\" aria-atomic=\"true\"><\/p> <ul><\/ul><\/div>\n<form action=\"\/Backup\/wp-json\/wp\/v2\/pages\/1901#wpcf7-f1900-o1\" method=\"post\" class=\"wpcf7-form init\" aria-label=\"Kontaktformular\" novalidate=\"novalidate\" data-status=\"init\">\n<div style=\"display: none;\">\n<input type=\"hidden\" name=\"_wpcf7\" value=\"1900\" \/>\n<input type=\"hidden\" name=\"_wpcf7_version\" value=\"5.8.1\" \/>\n<input type=\"hidden\" name=\"_wpcf7_locale\" value=\"de_DE\" \/>\n<input type=\"hidden\" name=\"_wpcf7_unit_tag\" value=\"wpcf7-f1900-o1\" \/>\n<input type=\"hidden\" name=\"_wpcf7_container_post\" value=\"0\" \/>\n<input type=\"hidden\" name=\"_wpcf7_posted_data_hash\" value=\"\" \/>\n<\/div>\n<div class=\"wpcf7-response-output\" aria-hidden=\"true\"><\/div>\n<p><label> Ihr Name (Pflichtfeld):<br \/>\n<span class=\"wpcf7-form-control-wrap\" data-name=\"your-name\"><input size=\"40\" class=\"wpcf7-form-control wpcf7-text wpcf7-validates-as-required\" aria-required=\"true\" aria-invalid=\"false\" value=\"\" type=\"text\" name=\"your-name\" \/><\/span><br \/>\n<\/label><br \/>\n<label> Ihre E-Mail-Adresse (Pflichtfeld):<br \/>\n<span class=\"wpcf7-form-control-wrap\" data-name=\"your-email\"><input size=\"40\" class=\"wpcf7-form-control wpcf7-email wpcf7-validates-as-required wpcf7-text wpcf7-validates-as-email\" aria-required=\"true\" aria-invalid=\"false\" value=\"\" type=\"email\" name=\"your-email\" \/><\/span><br \/>\n<\/label><br \/>\n<label> Betreff:<br \/>\n<span class=\"wpcf7-form-control-wrap\" data-name=\"your-subject\"><input size=\"40\" class=\"wpcf7-form-control wpcf7-text\" aria-invalid=\"false\" value=\"\" type=\"text\" name=\"your-subject\" \/><\/span><br \/>\n<\/label><br \/>\n<label> Geben Sie ihre Nachricht ein:<br \/>\n<span class=\"wpcf7-form-control-wrap\" data-name=\"your-message\"><textarea cols=\"40\" rows=\"10\" maxlength=\"500\" class=\"wpcf7-form-control wpcf7-textarea\" aria-invalid=\"false\" name=\"your-message\"><\/textarea><\/span><br \/>\nAnzahl der noch eingebbaren Zeichen: <span class=\"wpcf7-character-count down\" data-target-name=\"your-message\" data-starting-value=\"500\" data-current-value=\"500\" data-maximum-value=\"500\">500<\/span><br \/>\n<\/label><br \/>\n<span class=\"wpcf7-form-control-wrap\" data-name=\"random-quiz\"><label><span class=\"wpcf7-quiz-label\">Sind Sie ein Roboter? Bitte l\u00f6sen Sie die Aufgabe: 5+6=<\/span> <input size=\"5\" maxlength=\"90\" minlength=\"1\" class=\"wpcf7-form-control wpcf7-quiz\" autocomplete=\"off\" aria-required=\"true\" aria-invalid=\"false\" type=\"text\" name=\"random-quiz\" \/><\/label><input type=\"hidden\" name=\"_wpcf7_quiz_answer_random-quiz\" value=\"383846c4d7ca402ff48cd34e9307a33c\" \/><\/span><br \/>\n<span class=\"wpcf7-form-control-wrap\" data-name=\"zustimmung\"><span class=\"wpcf7-form-control wpcf7-acceptance\"><span class=\"wpcf7-list-item\"><label><input type=\"checkbox\" name=\"zustimmung\" value=\"1\" aria-invalid=\"false\" \/><span class=\"wpcf7-list-item-label\">Ich habe die <a href=\"https:\/\/www.true-trust.de\/Backup\/datenschutzerklaerung\/\"> Datenschutzerkl\u00e4rung <\/a> zur Kenntnis genommen und akzeptiert.<\/span><\/label><\/span><\/span><\/span><br \/>\n<input class=\"wpcf7-form-control wpcf7-submit has-spinner\" type=\"submit\" value=\"Nachricht absenden\" \/><br \/>\n<div class=\"wpcf7-response-output\" aria-hidden=\"true\"><\/div>\n<\/p>\n<\/form>\n<\/div>\n<\/p>\n","protected":false},"excerpt":{"rendered":"<p>\u00dcber das Kontaktformular k\u00f6nnen Sie uns direkt eine Nachricht zukommen lassen. Die Nachricht wird schnellstm\u00f6glich bearbeitet und Sie erhalten nat\u00fcrlich eine R\u00fcckmeldung. Wir bitten um Verst\u00e4ndnis das wir ihren Namen und ihre E-Mail Adresse dazu ben\u00f6tigen.<\/p>\n","protected":false},"author":8,"featured_media":0,"parent":28,"menu_order":3,"comment_status":"closed","ping_status":"closed","template":"","meta":{"ngg_post_thumbnail":0,"_mc_calendar":[],"footnotes":""},"class_list":["post-1901","page","type-page","status-publish","hentry"],"yoast_head":"<!-- This site is optimized with the Yoast SEO plugin v21.3 - https:\/\/yoast.com\/wordpress\/plugins\/seo\/ -->\n<title>UWG Kontaktformular &#8211; UWG Radevormwald UWG Radevormwald<\/title>\n<meta name=\"description\" content=\"\u00dcber das Kontaktformular k\u00f6nnen Sie uns direkt eine Nachricht zukommen lassen. Die Nachricht wird schnellstm\u00f6glich bearbeitet und Sie erhalten nat\u00fcrlich\" \/>\n<meta name=\"robots\" content=\"index, follow, max-snippet:-1, max-image-preview:large, max-video-preview:-1\" \/>\n<link rel=\"canonical\" href=\"https:\/\/www.true-trust.de\/Backup\/kontakt-2\/kontaktformular\/\" \/>\n<meta property=\"og:locale\" content=\"de_DE\" \/>\n<meta property=\"og:type\" content=\"article\" \/>\n<meta property=\"og:title\" content=\"UWG Kontaktformular &#8211; UWG Radevormwald UWG Radevormwald\" \/>\n<meta property=\"og:description\" content=\"\u00dcber das Kontaktformular k\u00f6nnen Sie uns direkt eine Nachricht zukommen lassen. Die Nachricht wird schnellstm\u00f6glich bearbeitet und Sie erhalten nat\u00fcrlich\" \/>\n<meta property=\"og:url\" content=\"https:\/\/www.true-trust.de\/Backup\/kontakt-2\/kontaktformular\/\" \/>\n<meta property=\"og:site_name\" content=\"UWG Radevormwald\" \/>\n<meta property=\"article:modified_time\" content=\"2018-04-17T13:50:06+00:00\" \/>\n<meta name=\"twitter:card\" content=\"summary_large_image\" \/>\n<meta name=\"twitter:site\" content=\"@UWGRadevormwald\" \/>\n<script type=\"application\/ld+json\" class=\"yoast-schema-graph\">{\"@context\":\"https:\/\/schema.org\",\"@graph\":[{\"@type\":\"WebPage\",\"@id\":\"https:\/\/www.true-trust.de\/Backup\/kontakt-2\/kontaktformular\/\",\"url\":\"https:\/\/www.true-trust.de\/Backup\/kontakt-2\/kontaktformular\/\",\"name\":\"UWG Kontaktformular &#8211; UWG Radevormwald UWG Radevormwald\",\"isPartOf\":{\"@id\":\"https:\/\/www.true-trust.de\/Backup\/#website\"},\"datePublished\":\"2016-11-29T11:31:36+00:00\",\"dateModified\":\"2018-04-17T13:50:06+00:00\",\"description\":\"\u00dcber das Kontaktformular k\u00f6nnen Sie uns direkt eine Nachricht zukommen lassen. Die Nachricht wird schnellstm\u00f6glich bearbeitet und Sie erhalten nat\u00fcrlich\",\"breadcrumb\":{\"@id\":\"https:\/\/www.true-trust.de\/Backup\/kontakt-2\/kontaktformular\/#breadcrumb\"},\"inLanguage\":\"de\",\"potentialAction\":[{\"@type\":\"ReadAction\",\"target\":[\"https:\/\/www.true-trust.de\/Backup\/kontakt-2\/kontaktformular\/\"]}]},{\"@type\":\"BreadcrumbList\",\"@id\":\"https:\/\/www.true-trust.de\/Backup\/kontakt-2\/kontaktformular\/#breadcrumb\",\"itemListElement\":[{\"@type\":\"ListItem\",\"position\":1,\"name\":\"Startseite\",\"item\":\"https:\/\/www.true-trust.de\/Backup\/\"},{\"@type\":\"ListItem\",\"position\":2,\"name\":\"Kontakt mit der UWG\",\"item\":\"https:\/\/www.true-trust.de\/Backup\/kontakt-2\/\"},{\"@type\":\"ListItem\",\"position\":3,\"name\":\"UWG Kontaktformular\"}]},{\"@type\":\"WebSite\",\"@id\":\"https:\/\/www.true-trust.de\/Backup\/#website\",\"url\":\"https:\/\/www.true-trust.de\/Backup\/\",\"name\":\"UWG Radevormwald\",\"description\":\"Webseite der Unabh\u00e4ngigen W\u00e4hlergemeinschaft Radevormwald\",\"publisher\":{\"@id\":\"https:\/\/www.true-trust.de\/Backup\/#organization\"},\"potentialAction\":[{\"@type\":\"SearchAction\",\"target\":{\"@type\":\"EntryPoint\",\"urlTemplate\":\"https:\/\/www.true-trust.de\/Backup\/?s={search_term_string}\"},\"query-input\":\"required name=search_term_string\"}],\"inLanguage\":\"de\"},{\"@type\":\"Organization\",\"@id\":\"https:\/\/www.true-trust.de\/Backup\/#organization\",\"name\":\"UWG Radevormwald e. V.\",\"url\":\"https:\/\/www.true-trust.de\/Backup\/\",\"logo\":{\"@type\":\"ImageObject\",\"inLanguage\":\"de\",\"@id\":\"https:\/\/www.true-trust.de\/Backup\/#\/schema\/logo\/image\/\",\"url\":\"https:\/\/www.true-trust.de\/Backup\/wp-content\/uploads\/2012\/01\/uwg.jpg\",\"contentUrl\":\"https:\/\/www.true-trust.de\/Backup\/wp-content\/uploads\/2012\/01\/uwg.jpg\",\"width\":\"300\",\"height\":\"217\",\"caption\":\"UWG Radevormwald e. V.\"},\"image\":{\"@id\":\"https:\/\/www.true-trust.de\/Backup\/#\/schema\/logo\/image\/\"},\"sameAs\":[\"https:\/\/twitter.com\/UWGRadevormwald\"]}]}<\/script>\n<!-- \/ Yoast SEO plugin. -->","yoast_head_json":{"title":"UWG Kontaktformular &#8211; UWG Radevormwald UWG Radevormwald","description":"\u00dcber das Kontaktformular k\u00f6nnen Sie uns direkt eine Nachricht zukommen lassen. Die Nachricht wird schnellstm\u00f6glich bearbeitet und Sie erhalten nat\u00fcrlich","robots":{"index":"index","follow":"follow","max-snippet":"max-snippet:-1","max-image-preview":"max-image-preview:large","max-video-preview":"max-video-preview:-1"},"canonical":"https:\/\/www.true-trust.de\/Backup\/kontakt-2\/kontaktformular\/","og_locale":"de_DE","og_type":"article","og_title":"UWG Kontaktformular &#8211; UWG Radevormwald UWG Radevormwald","og_description":"\u00dcber das Kontaktformular k\u00f6nnen Sie uns direkt eine Nachricht zukommen lassen. Die Nachricht wird schnellstm\u00f6glich bearbeitet und Sie erhalten nat\u00fcrlich","og_url":"https:\/\/www.true-trust.de\/Backup\/kontakt-2\/kontaktformular\/","og_site_name":"UWG Radevormwald","article_modified_time":"2018-04-17T13:50:06+00:00","twitter_card":"summary_large_image","twitter_site":"@UWGRadevormwald","schema":{"@context":"https:\/\/schema.org","@graph":[{"@type":"WebPage","@id":"https:\/\/www.true-trust.de\/Backup\/kontakt-2\/kontaktformular\/","url":"https:\/\/www.true-trust.de\/Backup\/kontakt-2\/kontaktformular\/","name":"UWG Kontaktformular &#8211; UWG Radevormwald UWG Radevormwald","isPartOf":{"@id":"https:\/\/www.true-trust.de\/Backup\/#website"},"datePublished":"2016-11-29T11:31:36+00:00","dateModified":"2018-04-17T13:50:06+00:00","description":"\u00dcber das Kontaktformular k\u00f6nnen Sie uns direkt eine Nachricht zukommen lassen. Die Nachricht wird schnellstm\u00f6glich bearbeitet und Sie erhalten nat\u00fcrlich","breadcrumb":{"@id":"https:\/\/www.true-trust.de\/Backup\/kontakt-2\/kontaktformular\/#breadcrumb"},"inLanguage":"de","potentialAction":[{"@type":"ReadAction","target":["https:\/\/www.true-trust.de\/Backup\/kontakt-2\/kontaktformular\/"]}]},{"@type":"BreadcrumbList","@id":"https:\/\/www.true-trust.de\/Backup\/kontakt-2\/kontaktformular\/#breadcrumb","itemListElement":[{"@type":"ListItem","position":1,"name":"Startseite","item":"https:\/\/www.true-trust.de\/Backup\/"},{"@type":"ListItem","position":2,"name":"Kontakt mit der UWG","item":"https:\/\/www.true-trust.de\/Backup\/kontakt-2\/"},{"@type":"ListItem","position":3,"name":"UWG Kontaktformular"}]},{"@type":"WebSite","@id":"https:\/\/www.true-trust.de\/Backup\/#website","url":"https:\/\/www.true-trust.de\/Backup\/","name":"UWG Radevormwald","description":"Webseite der Unabh\u00e4ngigen W\u00e4hlergemeinschaft Radevormwald","publisher":{"@id":"https:\/\/www.true-trust.de\/Backup\/#organization"},"potentialAction":[{"@type":"SearchAction","target":{"@type":"EntryPoint","urlTemplate":"https:\/\/www.true-trust.de\/Backup\/?s={search_term_string}"},"query-input":"required name=search_term_string"}],"inLanguage":"de"},{"@type":"Organization","@id":"https:\/\/www.true-trust.de\/Backup\/#organization","name":"UWG Radevormwald e. V.","url":"https:\/\/www.true-trust.de\/Backup\/","logo":{"@type":"ImageObject","inLanguage":"de","@id":"https:\/\/www.true-trust.de\/Backup\/#\/schema\/logo\/image\/","url":"https:\/\/www.true-trust.de\/Backup\/wp-content\/uploads\/2012\/01\/uwg.jpg","contentUrl":"https:\/\/www.true-trust.de\/Backup\/wp-content\/uploads\/2012\/01\/uwg.jpg","width":"300","height":"217","caption":"UWG Radevormwald e. V."},"image":{"@id":"https:\/\/www.true-trust.de\/Backup\/#\/schema\/logo\/image\/"},"sameAs":["https:\/\/twitter.com\/UWGRadevormwald"]}]}},"_links":{"self":[{"href":"https:\/\/www.true-trust.de\/Backup\/wp-json\/wp\/v2\/pages\/1901","targetHints":{"allow":["GET"]}}],"collection":[{"href":"https:\/\/www.true-trust.de\/Backup\/wp-json\/wp\/v2\/pages"}],"about":[{"href":"https:\/\/www.true-trust.de\/Backup\/wp-json\/wp\/v2\/types\/page"}],"author":[{"embeddable":true,"href":"https:\/\/www.true-trust.de\/Backup\/wp-json\/wp\/v2\/users\/8"}],"replies":[{"embeddable":true,"href":"https:\/\/www.true-trust.de\/Backup\/wp-json\/wp\/v2\/comments?post=1901"}],"version-history":[{"count":9,"href":"https:\/\/www.true-trust.de\/Backup\/wp-json\/wp\/v2\/pages\/1901\/revisions"}],"predecessor-version":[{"id":1905,"href":"https:\/\/www.true-trust.de\/Backup\/wp-json\/wp\/v2\/pages\/1901\/revisions\/1905"}],"up":[{"embeddable":true,"href":"https:\/\/www.true-trust.de\/Backup\/wp-json\/wp\/v2\/pages\/28"}],"wp:attachment":[{"href":"https:\/\/www.true-trust.de\/Backup\/wp-json\/wp\/v2\/media?parent=1901"}],"curies":[{"name":"wp","href":"https:\/\/api.w.org\/{rel}","templated":true}]}}