{"id":1883,"date":"2016-11-29T11:58:53","date_gmt":"2016-11-29T10:58:53","guid":{"rendered":"https:\/\/www.true-trust.de\/Backup\/?page_id=1883"},"modified":"2016-12-03T23:42:55","modified_gmt":"2016-12-03T22:42:55","slug":"aentraege-der-uwg-fraktion","status":"publish","type":"page","link":"https:\/\/www.true-trust.de\/Backup\/fraktionsarbeit\/aentraege-der-uwg-fraktion\/","title":{"rendered":"Antr\u00e4ge der UWG Fraktion"},"content":{"rendered":"<p>Guten Tag,<\/p>\n<p>auf dieser Seite finden Sie, in kompakter Darstellung, alle Antr\u00e4ge der UWG Fraktion in den Aussch\u00fcssen und Rat der Stadt Radevormwald.<\/p>\n\n<table id=\"tablepress-11\" class=\"tablepress tablepress-id-11\">\n<thead>\n<tr class=\"row-1 odd\">\n\t<th class=\"column-1\">Gremium<\/th><th class=\"column-2\">Beschreibung<\/th><th class=\"column-3\">Datum<\/th><th class=\"column-4\">Download<\/th>\n<\/tr>\n<\/thead>\n<tbody class=\"row-hover\">\n<tr class=\"row-2 even\">\n\t<td class=\"column-1\">Stadtrat<\/td><td class=\"column-2\">Notausgangstreppe f\u00fcr das B\u00fcrgerhaus<\/td><td class=\"column-3\">07.12.2016<\/td><td class=\"column-4\"><a href=\"https:\/\/www.true-trust.de\/Backup\/wp-content\/uploads\/2016\/12\/161207-Notausgangstreppe-B\u00fcrgerhaus-.pdf\">Link<\/a><\/td>\n<\/tr>\n<tr class=\"row-3 odd\">\n\t<td class=\"column-1\">Stadtrat<\/td><td class=\"column-2\">Kunstrasen f\u00fcr Sportplatz Brede<\/td><td class=\"column-3\">07.12.2016<\/td><td class=\"column-4\"><a href=\"https:\/\/www.true-trust.de\/Backup\/wp-content\/uploads\/2016\/12\/161207-Kunstrasen-Brede-.pdf\">Link<\/a><\/td>\n<\/tr>\n<tr class=\"row-4 even\">\n\t<td class=\"column-1\">Bauausschuss<\/td><td class=\"column-2\">Notausgangstreppe f\u00fcr das B\u00fcrgerhaus<\/td><td class=\"column-3\">30.11.2016<\/td><td class=\"column-4\"><a href=\"https:\/\/www.true-trust.de\/Backup\/wp-content\/uploads\/2016\/11\/161130-Notausgangstreppe-B\u00fcrgerhaus-.pdf\">Link<\/a><\/td>\n<\/tr>\n<tr class=\"row-5 odd\">\n\t<td class=\"column-1\">Bauausschuss<\/td><td class=\"column-2\">Kunstrasen f\u00fcr Sportplatz Brede<\/td><td class=\"column-3\">30.11.2016<\/td><td class=\"column-4\"><a href=\"https:\/\/www.true-trust.de\/Backup\/wp-content\/uploads\/2016\/11\/161130-Kunstrasen-Brede-.pdf\">Link<\/a><\/td>\n<\/tr>\n<tr class=\"row-6 even\">\n\t<td class=\"column-1\">Bauausschuss<\/td><td class=\"column-2\">LED Beleuchtung im B\u00fcrgerhaus<\/td><td class=\"column-3\">30.11.2016<\/td><td class=\"column-4\"><a href=\"https:\/\/www.true-trust.de\/Backup\/wp-content\/uploads\/2016\/11\/161130-Deckenbeleuchtung-B\u00fcrgerhaus-.pdf\">Link<\/a><br \/>\n<\/td>\n<\/tr>\n<tr class=\"row-7 odd\">\n\t<td class=\"column-1\">Stadtentwicklung<\/td><td class=\"column-2\">UWG fordert Mittel f\u00fcr Erstellung eines ganzheitlichen Stadtentwicklungskonzeptes<\/td><td class=\"column-3\">29.11.2016<\/td><td class=\"column-4\"><a href=\"https:\/\/www.true-trust.de\/Backup\/wp-content\/uploads\/2016\/11\/161129-Stadtentwicklungskonzept-.pdf\">Link<\/a><\/td>\n<\/tr>\n<tr class=\"row-8 even\">\n\t<td class=\"column-1\">Stadtentwicklung<\/td><td class=\"column-2\">Einstellung der Bauma\u00dfnahme Jahnplatz<\/td><td class=\"column-3\">19.04.2016<\/td><td class=\"column-4\"><a href=\"https:\/\/www.true-trust.de\/Backup\/wp-content\/uploads\/2016\/11\/160419-Jahnplatz-1-1.pdf\">Link<\/a><\/td>\n<\/tr>\n<tr class=\"row-9 odd\">\n\t<td class=\"column-1\">Stadtentwicklung<\/td><td class=\"column-2\">Aufhebung der Baumschutzsatzung<\/td><td class=\"column-3\">19.04.2016<\/td><td class=\"column-4\"><a href=\"https:\/\/www.true-trust.de\/Backup\/wp-content\/uploads\/2016\/11\/160419-Baumschutzsatzung-1-1.pdf\">Link<\/a><\/td>\n<\/tr>\n<\/tbody>\n<\/table>\n\n<p>Haben Sie Fragen oder Anregungen zu unserer politischen Arbeit?<\/p>\n<p>Bitte nehmen Sie Kontakt zur UWG Fraktion auf.<\/p>\n<p>Sie k\u00f6nnen uns unter <a href=\"https:\/\/www.true-trust.de\/Backup\/kontakt-2\/kontaktformular\/\" target=\"_blank\">Kontakt UWG<\/a> jederzeit erreichen.<\/p>\n<p>Mit unabh\u00e4ngigen Gr\u00fc\u00dfen<\/p>\n<p>ihre UWG Fraktion im Rat der Stadt Radevormwald<\/p>\n","protected":false},"excerpt":{"rendered":"<p>Guten Tag, auf dieser Seite finden Sie, in kompakter Darstellung, alle Antr\u00e4ge der UWG Fraktion in den Aussch\u00fcssen und Rat der Stadt Radevormwald. Haben Sie Fragen oder Anregungen zu unserer politischen Arbeit? Bitte nehmen Sie Kontakt zur UWG Fraktion auf. Sie k\u00f6nnen uns unter Kontakt UWG jederzeit erreichen. Mit unabh\u00e4ngigen Gr\u00fc\u00dfen ihre UWG Fraktion im [&hellip;]<\/p>\n","protected":false},"author":8,"featured_media":0,"parent":21,"menu_order":3,"comment_status":"closed","ping_status":"closed","template":"","meta":{"ngg_post_thumbnail":0,"_mc_calendar":[],"footnotes":""},"class_list":["post-1883","page","type-page","status-publish","hentry"],"yoast_head":"<!-- This site is optimized with the Yoast SEO plugin v21.3 - https:\/\/yoast.com\/wordpress\/plugins\/seo\/ -->\n<title>Antr\u00e4ge der UWG Fraktion &#8211; UWG Radevormwald UWG Radevormwald<\/title>\n<meta name=\"description\" content=\"Guten Tag, auf dieser Seite finden Sie, in kompakter Darstellung, alle Antr\u00e4ge der UWG Fraktion in den Aussch\u00fcssen und Rat der Stadt Radevormwald. Haben\" \/>\n<meta name=\"robots\" content=\"index, follow, max-snippet:-1, max-image-preview:large, max-video-preview:-1\" \/>\n<link rel=\"canonical\" href=\"https:\/\/www.true-trust.de\/Backup\/fraktionsarbeit\/aentraege-der-uwg-fraktion\/\" \/>\n<meta property=\"og:locale\" content=\"de_DE\" \/>\n<meta property=\"og:type\" content=\"article\" \/>\n<meta property=\"og:title\" content=\"Antr\u00e4ge der UWG Fraktion &#8211; UWG Radevormwald UWG Radevormwald\" \/>\n<meta property=\"og:description\" content=\"Guten Tag, auf dieser Seite finden Sie, in kompakter Darstellung, alle Antr\u00e4ge der UWG Fraktion in den Aussch\u00fcssen und Rat der Stadt Radevormwald. Haben\" \/>\n<meta property=\"og:url\" content=\"https:\/\/www.true-trust.de\/Backup\/fraktionsarbeit\/aentraege-der-uwg-fraktion\/\" \/>\n<meta property=\"og:site_name\" content=\"UWG Radevormwald\" \/>\n<meta property=\"article:modified_time\" content=\"2016-12-03T22:42:55+00:00\" \/>\n<meta name=\"twitter:card\" content=\"summary_large_image\" \/>\n<meta name=\"twitter:site\" content=\"@UWGRadevormwald\" \/>\n<script type=\"application\/ld+json\" class=\"yoast-schema-graph\">{\"@context\":\"https:\/\/schema.org\",\"@graph\":[{\"@type\":\"WebPage\",\"@id\":\"https:\/\/www.true-trust.de\/Backup\/fraktionsarbeit\/aentraege-der-uwg-fraktion\/\",\"url\":\"https:\/\/www.true-trust.de\/Backup\/fraktionsarbeit\/aentraege-der-uwg-fraktion\/\",\"name\":\"Antr\u00e4ge der UWG Fraktion &#8211; UWG Radevormwald UWG Radevormwald\",\"isPartOf\":{\"@id\":\"https:\/\/www.true-trust.de\/Backup\/#website\"},\"datePublished\":\"2016-11-29T10:58:53+00:00\",\"dateModified\":\"2016-12-03T22:42:55+00:00\",\"description\":\"Guten Tag, auf dieser Seite finden Sie, in kompakter Darstellung, alle Antr\u00e4ge der UWG Fraktion in den Aussch\u00fcssen und Rat der Stadt Radevormwald. Haben\",\"breadcrumb\":{\"@id\":\"https:\/\/www.true-trust.de\/Backup\/fraktionsarbeit\/aentraege-der-uwg-fraktion\/#breadcrumb\"},\"inLanguage\":\"de\",\"potentialAction\":[{\"@type\":\"ReadAction\",\"target\":[\"https:\/\/www.true-trust.de\/Backup\/fraktionsarbeit\/aentraege-der-uwg-fraktion\/\"]}]},{\"@type\":\"BreadcrumbList\",\"@id\":\"https:\/\/www.true-trust.de\/Backup\/fraktionsarbeit\/aentraege-der-uwg-fraktion\/#breadcrumb\",\"itemListElement\":[{\"@type\":\"ListItem\",\"position\":1,\"name\":\"Startseite\",\"item\":\"https:\/\/www.true-trust.de\/Backup\/\"},{\"@type\":\"ListItem\",\"position\":2,\"name\":\"Fraktionsarbeit\",\"item\":\"https:\/\/www.true-trust.de\/Backup\/fraktionsarbeit\/\"},{\"@type\":\"ListItem\",\"position\":3,\"name\":\"Antr\u00e4ge der UWG Fraktion\"}]},{\"@type\":\"WebSite\",\"@id\":\"https:\/\/www.true-trust.de\/Backup\/#website\",\"url\":\"https:\/\/www.true-trust.de\/Backup\/\",\"name\":\"UWG Radevormwald\",\"description\":\"Webseite der Unabh\u00e4ngigen W\u00e4hlergemeinschaft Radevormwald\",\"publisher\":{\"@id\":\"https:\/\/www.true-trust.de\/Backup\/#organization\"},\"potentialAction\":[{\"@type\":\"SearchAction\",\"target\":{\"@type\":\"EntryPoint\",\"urlTemplate\":\"https:\/\/www.true-trust.de\/Backup\/?s={search_term_string}\"},\"query-input\":\"required name=search_term_string\"}],\"inLanguage\":\"de\"},{\"@type\":\"Organization\",\"@id\":\"https:\/\/www.true-trust.de\/Backup\/#organization\",\"name\":\"UWG Radevormwald e. V.\",\"url\":\"https:\/\/www.true-trust.de\/Backup\/\",\"logo\":{\"@type\":\"ImageObject\",\"inLanguage\":\"de\",\"@id\":\"https:\/\/www.true-trust.de\/Backup\/#\/schema\/logo\/image\/\",\"url\":\"https:\/\/www.true-trust.de\/Backup\/wp-content\/uploads\/2012\/01\/uwg.jpg\",\"contentUrl\":\"https:\/\/www.true-trust.de\/Backup\/wp-content\/uploads\/2012\/01\/uwg.jpg\",\"width\":\"300\",\"height\":\"217\",\"caption\":\"UWG Radevormwald e. V.\"},\"image\":{\"@id\":\"https:\/\/www.true-trust.de\/Backup\/#\/schema\/logo\/image\/\"},\"sameAs\":[\"https:\/\/twitter.com\/UWGRadevormwald\"]}]}<\/script>\n<!-- \/ Yoast SEO plugin. -->","yoast_head_json":{"title":"Antr\u00e4ge der UWG Fraktion &#8211; UWG Radevormwald UWG Radevormwald","description":"Guten Tag, auf dieser Seite finden Sie, in kompakter Darstellung, alle Antr\u00e4ge der UWG Fraktion in den Aussch\u00fcssen und Rat der Stadt Radevormwald. Haben","robots":{"index":"index","follow":"follow","max-snippet":"max-snippet:-1","max-image-preview":"max-image-preview:large","max-video-preview":"max-video-preview:-1"},"canonical":"https:\/\/www.true-trust.de\/Backup\/fraktionsarbeit\/aentraege-der-uwg-fraktion\/","og_locale":"de_DE","og_type":"article","og_title":"Antr\u00e4ge der UWG Fraktion &#8211; UWG Radevormwald UWG Radevormwald","og_description":"Guten Tag, auf dieser Seite finden Sie, in kompakter Darstellung, alle Antr\u00e4ge der UWG Fraktion in den Aussch\u00fcssen und Rat der Stadt Radevormwald. Haben","og_url":"https:\/\/www.true-trust.de\/Backup\/fraktionsarbeit\/aentraege-der-uwg-fraktion\/","og_site_name":"UWG Radevormwald","article_modified_time":"2016-12-03T22:42:55+00:00","twitter_card":"summary_large_image","twitter_site":"@UWGRadevormwald","schema":{"@context":"https:\/\/schema.org","@graph":[{"@type":"WebPage","@id":"https:\/\/www.true-trust.de\/Backup\/fraktionsarbeit\/aentraege-der-uwg-fraktion\/","url":"https:\/\/www.true-trust.de\/Backup\/fraktionsarbeit\/aentraege-der-uwg-fraktion\/","name":"Antr\u00e4ge der UWG Fraktion &#8211; UWG Radevormwald UWG Radevormwald","isPartOf":{"@id":"https:\/\/www.true-trust.de\/Backup\/#website"},"datePublished":"2016-11-29T10:58:53+00:00","dateModified":"2016-12-03T22:42:55+00:00","description":"Guten Tag, auf dieser Seite finden Sie, in kompakter Darstellung, alle Antr\u00e4ge der UWG Fraktion in den Aussch\u00fcssen und Rat der Stadt Radevormwald. Haben","breadcrumb":{"@id":"https:\/\/www.true-trust.de\/Backup\/fraktionsarbeit\/aentraege-der-uwg-fraktion\/#breadcrumb"},"inLanguage":"de","potentialAction":[{"@type":"ReadAction","target":["https:\/\/www.true-trust.de\/Backup\/fraktionsarbeit\/aentraege-der-uwg-fraktion\/"]}]},{"@type":"BreadcrumbList","@id":"https:\/\/www.true-trust.de\/Backup\/fraktionsarbeit\/aentraege-der-uwg-fraktion\/#breadcrumb","itemListElement":[{"@type":"ListItem","position":1,"name":"Startseite","item":"https:\/\/www.true-trust.de\/Backup\/"},{"@type":"ListItem","position":2,"name":"Fraktionsarbeit","item":"https:\/\/www.true-trust.de\/Backup\/fraktionsarbeit\/"},{"@type":"ListItem","position":3,"name":"Antr\u00e4ge der UWG Fraktion"}]},{"@type":"WebSite","@id":"https:\/\/www.true-trust.de\/Backup\/#website","url":"https:\/\/www.true-trust.de\/Backup\/","name":"UWG Radevormwald","description":"Webseite der Unabh\u00e4ngigen W\u00e4hlergemeinschaft Radevormwald","publisher":{"@id":"https:\/\/www.true-trust.de\/Backup\/#organization"},"potentialAction":[{"@type":"SearchAction","target":{"@type":"EntryPoint","urlTemplate":"https:\/\/www.true-trust.de\/Backup\/?s={search_term_string}"},"query-input":"required name=search_term_string"}],"inLanguage":"de"},{"@type":"Organization","@id":"https:\/\/www.true-trust.de\/Backup\/#organization","name":"UWG Radevormwald e. V.","url":"https:\/\/www.true-trust.de\/Backup\/","logo":{"@type":"ImageObject","inLanguage":"de","@id":"https:\/\/www.true-trust.de\/Backup\/#\/schema\/logo\/image\/","url":"https:\/\/www.true-trust.de\/Backup\/wp-content\/uploads\/2012\/01\/uwg.jpg","contentUrl":"https:\/\/www.true-trust.de\/Backup\/wp-content\/uploads\/2012\/01\/uwg.jpg","width":"300","height":"217","caption":"UWG Radevormwald e. V."},"image":{"@id":"https:\/\/www.true-trust.de\/Backup\/#\/schema\/logo\/image\/"},"sameAs":["https:\/\/twitter.com\/UWGRadevormwald"]}]}},"_links":{"self":[{"href":"https:\/\/www.true-trust.de\/Backup\/wp-json\/wp\/v2\/pages\/1883","targetHints":{"allow":["GET"]}}],"collection":[{"href":"https:\/\/www.true-trust.de\/Backup\/wp-json\/wp\/v2\/pages"}],"about":[{"href":"https:\/\/www.true-trust.de\/Backup\/wp-json\/wp\/v2\/types\/page"}],"author":[{"embeddable":true,"href":"https:\/\/www.true-trust.de\/Backup\/wp-json\/wp\/v2\/users\/8"}],"replies":[{"embeddable":true,"href":"https:\/\/www.true-trust.de\/Backup\/wp-json\/wp\/v2\/comments?post=1883"}],"version-history":[{"count":4,"href":"https:\/\/www.true-trust.de\/Backup\/wp-json\/wp\/v2\/pages\/1883\/revisions"}],"predecessor-version":[{"id":2166,"href":"https:\/\/www.true-trust.de\/Backup\/wp-json\/wp\/v2\/pages\/1883\/revisions\/2166"}],"up":[{"embeddable":true,"href":"https:\/\/www.true-trust.de\/Backup\/wp-json\/wp\/v2\/pages\/21"}],"wp:attachment":[{"href":"https:\/\/www.true-trust.de\/Backup\/wp-json\/wp\/v2\/media?parent=1883"}],"curies":[{"name":"wp","href":"https:\/\/api.w.org\/{rel}","templated":true}]}}