{"id":17,"date":"2011-03-25T03:44:20","date_gmt":"2011-03-25T02:44:20","guid":{"rendered":"https:\/\/www.true-trust.de\/Backup\/?page_id=17"},"modified":"2016-12-04T16:48:33","modified_gmt":"2016-12-04T15:48:33","slug":"bilder","status":"publish","type":"page","link":"https:\/\/www.true-trust.de\/Backup\/bilder\/","title":{"rendered":"Galerie"},"content":{"rendered":"<p>Guten Tag,<\/p>\n<p>im Laufe eines Jahres organisiert die UWG auch au\u00dferhalb der politischen Arbeit viele Aktivit\u00e4ten rund um Radevormwald.<\/p>\n<p>So ist es in den letzten Jahren zur Tradition geworden, neben den Aktivit\u00e4ten die Uschi Brand mit ihren Reiterfreizeiten regelm\u00e4\u00dfig organisiert, auch eine Spargelfahrt an zu bieten. Diese Aktionen dienen in erster Linie zur Geselligkeit sollen aber auch zur zwanglosen Kontaktaufnahme mit Ihnen beitragen.<\/p>\n<p>Vielleicht kann ein Gespr\u00e4ch bei einer der angebotenen Aktivit\u00e4ten, einem Spargelschnaps (brrrr) oder einem Bier, der erste Schritt zu einem politischen Engagement sein.<\/p>\n<p><strong>Aber auch hier gilt: Alles kann nix muss!!<\/strong><\/p>\n<p>Die Bilder in diesen Galerien dokumentieren die Aktivit\u00e4ten der UWG auch au\u00dferhalb der politischen Arbeiten.<\/p>\n<p>Viel Vergn\u00fcgen beim Ansehen&#8230;.<\/p>\n<p>ihre UWG Fraktion<\/p>\n","protected":false},"excerpt":{"rendered":"<p>Guten Tag, im Laufe eines Jahres organisiert die UWG auch au\u00dferhalb der politischen Arbeit viele Aktivit\u00e4ten rund um Radevormwald. So ist es in den letzten Jahren zur Tradition geworden, neben den Aktivit\u00e4ten die Uschi Brand mit ihren Reiterfreizeiten regelm\u00e4\u00dfig organisiert, auch eine Spargelfahrt an zu bieten. Diese Aktionen dienen in erster Linie zur Geselligkeit sollen [&hellip;]<\/p>\n","protected":false},"author":8,"featured_media":0,"parent":0,"menu_order":6,"comment_status":"closed","ping_status":"closed","template":"","meta":{"ngg_post_thumbnail":0,"_mc_calendar":[],"footnotes":""},"class_list":["post-17","page","type-page","status-publish","hentry"],"yoast_head":"<!-- This site is optimized with the Yoast SEO plugin v21.3 - https:\/\/yoast.com\/wordpress\/plugins\/seo\/ -->\n<title>Galerie &#8211; UWG Radevormwald UWG Radevormwald<\/title>\n<meta name=\"description\" content=\"Guten Tag, im Laufe eines Jahres organisiert die UWG auch au\u00dferhalb der politischen Arbeit viele Aktivit\u00e4ten rund um Radevormwald. So ist es in den\" \/>\n<meta name=\"robots\" content=\"index, follow, max-snippet:-1, max-image-preview:large, max-video-preview:-1\" \/>\n<link rel=\"canonical\" href=\"https:\/\/www.true-trust.de\/Backup\/bilder\/\" \/>\n<meta property=\"og:locale\" content=\"de_DE\" \/>\n<meta property=\"og:type\" content=\"article\" \/>\n<meta property=\"og:title\" content=\"Galerie &#8211; UWG Radevormwald UWG Radevormwald\" \/>\n<meta property=\"og:description\" content=\"Guten Tag, im Laufe eines Jahres organisiert die UWG auch au\u00dferhalb der politischen Arbeit viele Aktivit\u00e4ten rund um Radevormwald. So ist es in den\" \/>\n<meta property=\"og:url\" content=\"https:\/\/www.true-trust.de\/Backup\/bilder\/\" \/>\n<meta property=\"og:site_name\" content=\"UWG Radevormwald\" \/>\n<meta property=\"article:modified_time\" content=\"2016-12-04T15:48:33+00:00\" \/>\n<meta name=\"twitter:card\" content=\"summary_large_image\" \/>\n<meta name=\"twitter:site\" content=\"@UWGRadevormwald\" \/>\n<meta name=\"twitter:label1\" content=\"Gesch\u00e4tzte Lesezeit\" \/>\n\t<meta name=\"twitter:data1\" content=\"1\u00a0Minute\" \/>\n<script type=\"application\/ld+json\" class=\"yoast-schema-graph\">{\"@context\":\"https:\/\/schema.org\",\"@graph\":[{\"@type\":\"WebPage\",\"@id\":\"https:\/\/www.true-trust.de\/Backup\/bilder\/\",\"url\":\"https:\/\/www.true-trust.de\/Backup\/bilder\/\",\"name\":\"Galerie &#8211; UWG Radevormwald UWG Radevormwald\",\"isPartOf\":{\"@id\":\"https:\/\/www.true-trust.de\/Backup\/#website\"},\"datePublished\":\"2011-03-25T02:44:20+00:00\",\"dateModified\":\"2016-12-04T15:48:33+00:00\",\"description\":\"Guten Tag, im Laufe eines Jahres organisiert die UWG auch au\u00dferhalb der politischen Arbeit viele Aktivit\u00e4ten rund um Radevormwald. So ist es in den\",\"breadcrumb\":{\"@id\":\"https:\/\/www.true-trust.de\/Backup\/bilder\/#breadcrumb\"},\"inLanguage\":\"de\",\"potentialAction\":[{\"@type\":\"ReadAction\",\"target\":[\"https:\/\/www.true-trust.de\/Backup\/bilder\/\"]}]},{\"@type\":\"BreadcrumbList\",\"@id\":\"https:\/\/www.true-trust.de\/Backup\/bilder\/#breadcrumb\",\"itemListElement\":[{\"@type\":\"ListItem\",\"position\":1,\"name\":\"Startseite\",\"item\":\"https:\/\/www.true-trust.de\/Backup\/\"},{\"@type\":\"ListItem\",\"position\":2,\"name\":\"Galerie\"}]},{\"@type\":\"WebSite\",\"@id\":\"https:\/\/www.true-trust.de\/Backup\/#website\",\"url\":\"https:\/\/www.true-trust.de\/Backup\/\",\"name\":\"UWG Radevormwald\",\"description\":\"Webseite der Unabh\u00e4ngigen W\u00e4hlergemeinschaft Radevormwald\",\"publisher\":{\"@id\":\"https:\/\/www.true-trust.de\/Backup\/#organization\"},\"potentialAction\":[{\"@type\":\"SearchAction\",\"target\":{\"@type\":\"EntryPoint\",\"urlTemplate\":\"https:\/\/www.true-trust.de\/Backup\/?s={search_term_string}\"},\"query-input\":\"required name=search_term_string\"}],\"inLanguage\":\"de\"},{\"@type\":\"Organization\",\"@id\":\"https:\/\/www.true-trust.de\/Backup\/#organization\",\"name\":\"UWG Radevormwald e. V.\",\"url\":\"https:\/\/www.true-trust.de\/Backup\/\",\"logo\":{\"@type\":\"ImageObject\",\"inLanguage\":\"de\",\"@id\":\"https:\/\/www.true-trust.de\/Backup\/#\/schema\/logo\/image\/\",\"url\":\"https:\/\/www.true-trust.de\/Backup\/wp-content\/uploads\/2012\/01\/uwg.jpg\",\"contentUrl\":\"https:\/\/www.true-trust.de\/Backup\/wp-content\/uploads\/2012\/01\/uwg.jpg\",\"width\":\"300\",\"height\":\"217\",\"caption\":\"UWG Radevormwald e. V.\"},\"image\":{\"@id\":\"https:\/\/www.true-trust.de\/Backup\/#\/schema\/logo\/image\/\"},\"sameAs\":[\"https:\/\/twitter.com\/UWGRadevormwald\"]}]}<\/script>\n<!-- \/ Yoast SEO plugin. -->","yoast_head_json":{"title":"Galerie &#8211; UWG Radevormwald UWG Radevormwald","description":"Guten Tag, im Laufe eines Jahres organisiert die UWG auch au\u00dferhalb der politischen Arbeit viele Aktivit\u00e4ten rund um Radevormwald. So ist es in den","robots":{"index":"index","follow":"follow","max-snippet":"max-snippet:-1","max-image-preview":"max-image-preview:large","max-video-preview":"max-video-preview:-1"},"canonical":"https:\/\/www.true-trust.de\/Backup\/bilder\/","og_locale":"de_DE","og_type":"article","og_title":"Galerie &#8211; UWG Radevormwald UWG Radevormwald","og_description":"Guten Tag, im Laufe eines Jahres organisiert die UWG auch au\u00dferhalb der politischen Arbeit viele Aktivit\u00e4ten rund um Radevormwald. So ist es in den","og_url":"https:\/\/www.true-trust.de\/Backup\/bilder\/","og_site_name":"UWG Radevormwald","article_modified_time":"2016-12-04T15:48:33+00:00","twitter_card":"summary_large_image","twitter_site":"@UWGRadevormwald","twitter_misc":{"Gesch\u00e4tzte Lesezeit":"1\u00a0Minute"},"schema":{"@context":"https:\/\/schema.org","@graph":[{"@type":"WebPage","@id":"https:\/\/www.true-trust.de\/Backup\/bilder\/","url":"https:\/\/www.true-trust.de\/Backup\/bilder\/","name":"Galerie &#8211; UWG Radevormwald UWG Radevormwald","isPartOf":{"@id":"https:\/\/www.true-trust.de\/Backup\/#website"},"datePublished":"2011-03-25T02:44:20+00:00","dateModified":"2016-12-04T15:48:33+00:00","description":"Guten Tag, im Laufe eines Jahres organisiert die UWG auch au\u00dferhalb der politischen Arbeit viele Aktivit\u00e4ten rund um Radevormwald. So ist es in den","breadcrumb":{"@id":"https:\/\/www.true-trust.de\/Backup\/bilder\/#breadcrumb"},"inLanguage":"de","potentialAction":[{"@type":"ReadAction","target":["https:\/\/www.true-trust.de\/Backup\/bilder\/"]}]},{"@type":"BreadcrumbList","@id":"https:\/\/www.true-trust.de\/Backup\/bilder\/#breadcrumb","itemListElement":[{"@type":"ListItem","position":1,"name":"Startseite","item":"https:\/\/www.true-trust.de\/Backup\/"},{"@type":"ListItem","position":2,"name":"Galerie"}]},{"@type":"WebSite","@id":"https:\/\/www.true-trust.de\/Backup\/#website","url":"https:\/\/www.true-trust.de\/Backup\/","name":"UWG Radevormwald","description":"Webseite der Unabh\u00e4ngigen W\u00e4hlergemeinschaft Radevormwald","publisher":{"@id":"https:\/\/www.true-trust.de\/Backup\/#organization"},"potentialAction":[{"@type":"SearchAction","target":{"@type":"EntryPoint","urlTemplate":"https:\/\/www.true-trust.de\/Backup\/?s={search_term_string}"},"query-input":"required name=search_term_string"}],"inLanguage":"de"},{"@type":"Organization","@id":"https:\/\/www.true-trust.de\/Backup\/#organization","name":"UWG Radevormwald e. V.","url":"https:\/\/www.true-trust.de\/Backup\/","logo":{"@type":"ImageObject","inLanguage":"de","@id":"https:\/\/www.true-trust.de\/Backup\/#\/schema\/logo\/image\/","url":"https:\/\/www.true-trust.de\/Backup\/wp-content\/uploads\/2012\/01\/uwg.jpg","contentUrl":"https:\/\/www.true-trust.de\/Backup\/wp-content\/uploads\/2012\/01\/uwg.jpg","width":"300","height":"217","caption":"UWG Radevormwald e. V."},"image":{"@id":"https:\/\/www.true-trust.de\/Backup\/#\/schema\/logo\/image\/"},"sameAs":["https:\/\/twitter.com\/UWGRadevormwald"]}]}},"_links":{"self":[{"href":"https:\/\/www.true-trust.de\/Backup\/wp-json\/wp\/v2\/pages\/17","targetHints":{"allow":["GET"]}}],"collection":[{"href":"https:\/\/www.true-trust.de\/Backup\/wp-json\/wp\/v2\/pages"}],"about":[{"href":"https:\/\/www.true-trust.de\/Backup\/wp-json\/wp\/v2\/types\/page"}],"author":[{"embeddable":true,"href":"https:\/\/www.true-trust.de\/Backup\/wp-json\/wp\/v2\/users\/8"}],"replies":[{"embeddable":true,"href":"https:\/\/www.true-trust.de\/Backup\/wp-json\/wp\/v2\/comments?post=17"}],"version-history":[{"count":17,"href":"https:\/\/www.true-trust.de\/Backup\/wp-json\/wp\/v2\/pages\/17\/revisions"}],"predecessor-version":[{"id":2431,"href":"https:\/\/www.true-trust.de\/Backup\/wp-json\/wp\/v2\/pages\/17\/revisions\/2431"}],"wp:attachment":[{"href":"https:\/\/www.true-trust.de\/Backup\/wp-json\/wp\/v2\/media?parent=17"}],"curies":[{"name":"wp","href":"https:\/\/api.w.org\/{rel}","templated":true}]}}