{"id":16,"date":"2011-03-25T03:43:03","date_gmt":"2011-03-25T02:43:03","guid":{"rendered":"https:\/\/www.true-trust.de\/Backup\/?page_id=16"},"modified":"2020-12-17T11:46:55","modified_gmt":"2020-12-17T10:46:55","slug":"impressum","status":"publish","type":"page","link":"https:\/\/www.true-trust.de\/Backup\/impressum\/","title":{"rendered":"Impressum"},"content":{"rendered":"<p><span style=\"font-family: arial,helvetica,sans-serif; font-size: 10pt;\">Unabh\u00e4ngige W\u00e4hlergemeinschaft Radevormwald e.V.<\/span><br \/>\n<span style=\"font-family: arial,helvetica,sans-serif; font-size: 10pt;\"> Burgstra\u00dfe 8<\/span><br \/>\n<span style=\"font-family: arial,helvetica,sans-serif; font-size: 10pt;\"> 42477 Radevormwald<\/span><br \/>\n<span style=\"font-family: arial,helvetica,sans-serif; font-size: 10pt;\"> Telefon 02195 &#8211; 93 29 24<\/span><br \/>\n<span style=\"font-family: arial,helvetica,sans-serif; font-size: 10pt;\"> Telefax 02195 &#8211; 92 69 94<\/span><br \/>\n<span style=\"font-family: arial,helvetica,sans-serif; font-size: 10pt;\"> email&nbsp;&nbsp; &nbsp; : <a href=\"mailto:info@uwg-radevormwald.de\">info@uwg-radevormwald.de<\/a><\/span><br \/>\n<span style=\"font-family: arial,helvetica,sans-serif; font-size: 10pt;\"> Internet&nbsp; : <a href=\"https:\/\/www.true-trust.de\/Backup\">www.uwg-radevormwald.de<\/a> <\/span><\/p>\n<p><span style=\"font-family: arial,helvetica,sans-serif; font-size: 10pt;\">Inhaltlich verantwortlich gem\u00e4\u00df \u00a7 10 Absatz 3 MDStV: Ursula Brand (Anschrift wie oben)<\/span><\/p>\n<p><span style=\"font-family: arial,helvetica,sans-serif; font-size: 10pt;\">Webmaster: Bernd-Eric Hoffmann<\/span><\/p>\n<p><span style=\"font-size: 10pt;\"><strong><span style=\"font-family: arial,helvetica,sans-serif; text-decoration: underline;\">Vertretungsberechtigter Vorstand:<\/span><\/strong><\/span><\/p>\n<p><span style=\"font-family: arial,helvetica,sans-serif; font-size: 10pt;\">Ursula Brand -Vorsitzende-<\/span><br \/>\n<span style=\"font-family: arial,helvetica,sans-serif; font-size: 10pt;\">Monika Zierden -Stellvertretende Vorsitzende-<\/span><br \/>\n<span style=\"font-family: arial,helvetica,sans-serif; font-size: 10pt;\"> Regina \u00dcbel&nbsp;-Kassiererin-<\/span><br \/>\n<span style=\"font-family: arial,helvetica,sans-serif; font-size: 10pt;\"><span style=\"font-family: arial,helvetica,sans-serif;\">Klaus Steinm\u00fcller&nbsp; -Schriftf\u00fchrer-<\/span><\/span><br \/>\n<span style=\"font-family: arial,helvetica,sans-serif; font-size: 10pt;\"> Armin Barg&nbsp;-Pressesprecher-<\/span><br \/>\n<span style=\"font-family: arial,helvetica,sans-serif; font-size: 10pt;\"> Registergericht: Amtsgericht K\u00f6ln<\/span><br \/>\n<span style=\"font-family: arial,helvetica,sans-serif; font-size: 10pt;\"> Registernummer: VR 16141<\/span><\/p>\n<p><span style=\"font-size: 10pt;\"><strong><span style=\"font-family: arial,helvetica,sans-serif; text-decoration: underline;\">Urheberrechte:<\/span><\/strong><\/span><\/p>\n<p><span style=\"font-family: arial,helvetica,sans-serif; font-size: 10pt;\">Der Inhalt einschlie\u00dflich Bilder und die Gestaltung unserer Website unterliegen dem Schutz des Urheberrechts und anderer Gesetze zum Schutz geistigen Eigentums. Die Verbreitung oder Ver\u00e4nderung des Inhalts dieser Seiten einschlie\u00dflich des sogenannten &#8220;Framings&#8221; und \u00e4hnlicher Ma\u00dfnahmen ist nicht erlaubt. Des Weiteren darf dieser Inhalt nicht zu kommerziellen Zwecken kopiert, verbreitet, ver\u00e4ndert oder Dritten zug\u00e4nglich gemacht werden.<\/span><\/p>\n<p><span style=\"font-size: 10pt;\"><strong><span style=\"font-family: arial,helvetica,sans-serif; text-decoration: underline;\">Haftung:<\/span><\/strong><\/span><\/p>\n<p><span style=\"font-family: arial,helvetica,sans-serif; font-size: 10pt;\">Die Informationen, die wir Ihnen auf dieser Website zur Verf\u00fcgung stellen, wurden mit gr\u00f6\u00dftm\u00f6glicher Sorgfalt zusammengestellt und werden laufend aktualisiert. Trotz sorgf\u00e4ltigster Kontrolle kann die Fehlerfreiheit nicht garantiert werden. Wir schlie\u00dfen daher jede Haftung oder Garantie hinsichtlich der Genauigkeit, Vollst\u00e4ndigkeit, der Aktualit\u00e4t und\/oder des Inhalts der auf dieser Website bereitgestellten Informationen aus. Dies gilt insbesondere auch f\u00fcr Websites, auf die mittels Hyperlink verwiesen wird. Es handelt sich dabei um fremde Websites, auf deren Inhalt wir keinen Einfluss haben. Wir sind auch nicht verantwortlich f\u00fcr die Datenschutzvorkehrungen der Betreiber derartiger Websites. Die Nutzung der Inhalte der Website erfolgt auf eigene Gefahr des Nutzers. Namentlich gekennzeichnete Beitr\u00e4ge geben die Meinung des jeweiligen Autors und nicht immer die Meinung des Anbieters wieder. Mit der reinen Nutzung der Website des Anbieters kommt keinerlei Vertragsverh\u00e4ltnis zwischen dem Nutzer und dem Anbieter zustande. Wir behalten uns das Recht vor, jederzeit ohne Ank\u00fcndigung, \u00c4nderungen oder Erg\u00e4nzungen der bereitgestellten Informationen oder Daten vorzunehmen. Soweit unsere Internetseiten in die Zukunft gerichtete Aussagen enthalten sollten, sind dies Vermutungen und unterliegen damit Risiken und Unsicherheiten. Wir sind nicht verpflichtet, solche in die Zukunft gerichteten Aussagen zu aktualisieren. Eine Haftung f\u00fcr solche Aussagen wird ausdr\u00fccklich ausgeschlossen.<\/span><\/p>\n","protected":false},"excerpt":{"rendered":"<p>Unabh\u00e4ngige W\u00e4hlergemeinschaft Radevormwald e.V. Burgstra\u00dfe 8 42477 Radevormwald Telefon 02195 &#8211; 93 29 24 Telefax 02195 &#8211; 92 69 94 email&nbsp;&nbsp; &nbsp; : info@uwg-radevormwald.de Internet&nbsp; : www.uwg-radevormwald.de Inhaltlich verantwortlich gem\u00e4\u00df \u00a7 10 Absatz 3 MDStV: Ursula Brand (Anschrift wie oben) Webmaster: Bernd-Eric Hoffmann Vertretungsberechtigter Vorstand: Ursula Brand -Vorsitzende- Monika Zierden -Stellvertretende Vorsitzende- Regina \u00dcbel&nbsp;-Kassiererin- Klaus [&hellip;]<\/p>\n","protected":false},"author":8,"featured_media":0,"parent":0,"menu_order":8,"comment_status":"closed","ping_status":"closed","template":"","meta":{"ngg_post_thumbnail":0,"_mc_calendar":[],"footnotes":""},"class_list":["post-16","page","type-page","status-publish","hentry"],"yoast_head":"<!-- This site is optimized with the Yoast SEO plugin v21.3 - https:\/\/yoast.com\/wordpress\/plugins\/seo\/ -->\n<title>Impressum &#8211; UWG Radevormwald UWG Radevormwald<\/title>\n<meta name=\"description\" content=\"Unabh\u00e4ngige W\u00e4hlergemeinschaft Radevormwald e.V. Burgstra\u00dfe 8 42477 Radevormwald Telefon 02195 - 93 29 24 Telefax 02195 - 92 69 94 email&nbsp;&nbsp;\" \/>\n<meta name=\"robots\" content=\"index, follow, max-snippet:-1, max-image-preview:large, max-video-preview:-1\" \/>\n<link rel=\"canonical\" href=\"https:\/\/www.true-trust.de\/Backup\/impressum\/\" \/>\n<meta property=\"og:locale\" content=\"de_DE\" \/>\n<meta property=\"og:type\" content=\"article\" \/>\n<meta property=\"og:title\" content=\"Impressum &#8211; UWG Radevormwald UWG Radevormwald\" \/>\n<meta property=\"og:description\" content=\"Unabh\u00e4ngige W\u00e4hlergemeinschaft Radevormwald e.V. Burgstra\u00dfe 8 42477 Radevormwald Telefon 02195 - 93 29 24 Telefax 02195 - 92 69 94 email&nbsp;&nbsp;\" \/>\n<meta property=\"og:url\" content=\"https:\/\/www.true-trust.de\/Backup\/impressum\/\" \/>\n<meta property=\"og:site_name\" content=\"UWG Radevormwald\" \/>\n<meta property=\"article:modified_time\" content=\"2020-12-17T10:46:55+00:00\" \/>\n<meta name=\"twitter:card\" content=\"summary_large_image\" \/>\n<meta name=\"twitter:site\" content=\"@UWGRadevormwald\" \/>\n<meta name=\"twitter:label1\" content=\"Gesch\u00e4tzte Lesezeit\" \/>\n\t<meta name=\"twitter:data1\" content=\"2\u00a0Minuten\" \/>\n<script type=\"application\/ld+json\" class=\"yoast-schema-graph\">{\"@context\":\"https:\/\/schema.org\",\"@graph\":[{\"@type\":\"WebPage\",\"@id\":\"https:\/\/www.true-trust.de\/Backup\/impressum\/\",\"url\":\"https:\/\/www.true-trust.de\/Backup\/impressum\/\",\"name\":\"Impressum &#8211; UWG Radevormwald UWG Radevormwald\",\"isPartOf\":{\"@id\":\"https:\/\/www.true-trust.de\/Backup\/#website\"},\"datePublished\":\"2011-03-25T02:43:03+00:00\",\"dateModified\":\"2020-12-17T10:46:55+00:00\",\"description\":\"Unabh\u00e4ngige W\u00e4hlergemeinschaft Radevormwald e.V. Burgstra\u00dfe 8 42477 Radevormwald Telefon 02195 - 93 29 24 Telefax 02195 - 92 69 94 email&nbsp;&nbsp;\",\"breadcrumb\":{\"@id\":\"https:\/\/www.true-trust.de\/Backup\/impressum\/#breadcrumb\"},\"inLanguage\":\"de\",\"potentialAction\":[{\"@type\":\"ReadAction\",\"target\":[\"https:\/\/www.true-trust.de\/Backup\/impressum\/\"]}]},{\"@type\":\"BreadcrumbList\",\"@id\":\"https:\/\/www.true-trust.de\/Backup\/impressum\/#breadcrumb\",\"itemListElement\":[{\"@type\":\"ListItem\",\"position\":1,\"name\":\"Startseite\",\"item\":\"https:\/\/www.true-trust.de\/Backup\/\"},{\"@type\":\"ListItem\",\"position\":2,\"name\":\"Impressum\"}]},{\"@type\":\"WebSite\",\"@id\":\"https:\/\/www.true-trust.de\/Backup\/#website\",\"url\":\"https:\/\/www.true-trust.de\/Backup\/\",\"name\":\"UWG Radevormwald\",\"description\":\"Webseite der Unabh\u00e4ngigen W\u00e4hlergemeinschaft Radevormwald\",\"publisher\":{\"@id\":\"https:\/\/www.true-trust.de\/Backup\/#organization\"},\"potentialAction\":[{\"@type\":\"SearchAction\",\"target\":{\"@type\":\"EntryPoint\",\"urlTemplate\":\"https:\/\/www.true-trust.de\/Backup\/?s={search_term_string}\"},\"query-input\":\"required name=search_term_string\"}],\"inLanguage\":\"de\"},{\"@type\":\"Organization\",\"@id\":\"https:\/\/www.true-trust.de\/Backup\/#organization\",\"name\":\"UWG Radevormwald e. V.\",\"url\":\"https:\/\/www.true-trust.de\/Backup\/\",\"logo\":{\"@type\":\"ImageObject\",\"inLanguage\":\"de\",\"@id\":\"https:\/\/www.true-trust.de\/Backup\/#\/schema\/logo\/image\/\",\"url\":\"https:\/\/www.true-trust.de\/Backup\/wp-content\/uploads\/2012\/01\/uwg.jpg\",\"contentUrl\":\"https:\/\/www.true-trust.de\/Backup\/wp-content\/uploads\/2012\/01\/uwg.jpg\",\"width\":\"300\",\"height\":\"217\",\"caption\":\"UWG Radevormwald e. V.\"},\"image\":{\"@id\":\"https:\/\/www.true-trust.de\/Backup\/#\/schema\/logo\/image\/\"},\"sameAs\":[\"https:\/\/twitter.com\/UWGRadevormwald\"]}]}<\/script>\n<!-- \/ Yoast SEO plugin. -->","yoast_head_json":{"title":"Impressum &#8211; UWG Radevormwald UWG Radevormwald","description":"Unabh\u00e4ngige W\u00e4hlergemeinschaft Radevormwald e.V. Burgstra\u00dfe 8 42477 Radevormwald Telefon 02195 - 93 29 24 Telefax 02195 - 92 69 94 email&nbsp;&nbsp;","robots":{"index":"index","follow":"follow","max-snippet":"max-snippet:-1","max-image-preview":"max-image-preview:large","max-video-preview":"max-video-preview:-1"},"canonical":"https:\/\/www.true-trust.de\/Backup\/impressum\/","og_locale":"de_DE","og_type":"article","og_title":"Impressum &#8211; UWG Radevormwald UWG Radevormwald","og_description":"Unabh\u00e4ngige W\u00e4hlergemeinschaft Radevormwald e.V. Burgstra\u00dfe 8 42477 Radevormwald Telefon 02195 - 93 29 24 Telefax 02195 - 92 69 94 email&nbsp;&nbsp;","og_url":"https:\/\/www.true-trust.de\/Backup\/impressum\/","og_site_name":"UWG Radevormwald","article_modified_time":"2020-12-17T10:46:55+00:00","twitter_card":"summary_large_image","twitter_site":"@UWGRadevormwald","twitter_misc":{"Gesch\u00e4tzte Lesezeit":"2\u00a0Minuten"},"schema":{"@context":"https:\/\/schema.org","@graph":[{"@type":"WebPage","@id":"https:\/\/www.true-trust.de\/Backup\/impressum\/","url":"https:\/\/www.true-trust.de\/Backup\/impressum\/","name":"Impressum &#8211; UWG Radevormwald UWG Radevormwald","isPartOf":{"@id":"https:\/\/www.true-trust.de\/Backup\/#website"},"datePublished":"2011-03-25T02:43:03+00:00","dateModified":"2020-12-17T10:46:55+00:00","description":"Unabh\u00e4ngige W\u00e4hlergemeinschaft Radevormwald e.V. Burgstra\u00dfe 8 42477 Radevormwald Telefon 02195 - 93 29 24 Telefax 02195 - 92 69 94 email&nbsp;&nbsp;","breadcrumb":{"@id":"https:\/\/www.true-trust.de\/Backup\/impressum\/#breadcrumb"},"inLanguage":"de","potentialAction":[{"@type":"ReadAction","target":["https:\/\/www.true-trust.de\/Backup\/impressum\/"]}]},{"@type":"BreadcrumbList","@id":"https:\/\/www.true-trust.de\/Backup\/impressum\/#breadcrumb","itemListElement":[{"@type":"ListItem","position":1,"name":"Startseite","item":"https:\/\/www.true-trust.de\/Backup\/"},{"@type":"ListItem","position":2,"name":"Impressum"}]},{"@type":"WebSite","@id":"https:\/\/www.true-trust.de\/Backup\/#website","url":"https:\/\/www.true-trust.de\/Backup\/","name":"UWG Radevormwald","description":"Webseite der Unabh\u00e4ngigen W\u00e4hlergemeinschaft Radevormwald","publisher":{"@id":"https:\/\/www.true-trust.de\/Backup\/#organization"},"potentialAction":[{"@type":"SearchAction","target":{"@type":"EntryPoint","urlTemplate":"https:\/\/www.true-trust.de\/Backup\/?s={search_term_string}"},"query-input":"required name=search_term_string"}],"inLanguage":"de"},{"@type":"Organization","@id":"https:\/\/www.true-trust.de\/Backup\/#organization","name":"UWG Radevormwald e. V.","url":"https:\/\/www.true-trust.de\/Backup\/","logo":{"@type":"ImageObject","inLanguage":"de","@id":"https:\/\/www.true-trust.de\/Backup\/#\/schema\/logo\/image\/","url":"https:\/\/www.true-trust.de\/Backup\/wp-content\/uploads\/2012\/01\/uwg.jpg","contentUrl":"https:\/\/www.true-trust.de\/Backup\/wp-content\/uploads\/2012\/01\/uwg.jpg","width":"300","height":"217","caption":"UWG Radevormwald e. V."},"image":{"@id":"https:\/\/www.true-trust.de\/Backup\/#\/schema\/logo\/image\/"},"sameAs":["https:\/\/twitter.com\/UWGRadevormwald"]}]}},"_links":{"self":[{"href":"https:\/\/www.true-trust.de\/Backup\/wp-json\/wp\/v2\/pages\/16","targetHints":{"allow":["GET"]}}],"collection":[{"href":"https:\/\/www.true-trust.de\/Backup\/wp-json\/wp\/v2\/pages"}],"about":[{"href":"https:\/\/www.true-trust.de\/Backup\/wp-json\/wp\/v2\/types\/page"}],"author":[{"embeddable":true,"href":"https:\/\/www.true-trust.de\/Backup\/wp-json\/wp\/v2\/users\/8"}],"replies":[{"embeddable":true,"href":"https:\/\/www.true-trust.de\/Backup\/wp-json\/wp\/v2\/comments?post=16"}],"version-history":[{"count":13,"href":"https:\/\/www.true-trust.de\/Backup\/wp-json\/wp\/v2\/pages\/16\/revisions"}],"predecessor-version":[{"id":21622,"href":"https:\/\/www.true-trust.de\/Backup\/wp-json\/wp\/v2\/pages\/16\/revisions\/21622"}],"wp:attachment":[{"href":"https:\/\/www.true-trust.de\/Backup\/wp-json\/wp\/v2\/media?parent=16"}],"curies":[{"name":"wp","href":"https:\/\/api.w.org\/{rel}","templated":true}]}}