{"id":15,"date":"2011-03-25T03:42:11","date_gmt":"2011-03-25T02:42:11","guid":{"rendered":"https:\/\/www.true-trust.de\/Backup\/?page_id=15"},"modified":"2016-11-29T11:33:01","modified_gmt":"2016-11-29T10:33:01","slug":"mitgliedschaft","status":"publish","type":"page","link":"https:\/\/www.true-trust.de\/Backup\/uwg-in-rade\/mitgliedschaft\/","title":{"rendered":"Mitgliedschaft"},"content":{"rendered":"<p>Hier wird Ihnen Online die M\u00f6glichkeit geboten, Antr\u00e4ge zur Mitgliedschaft bei der <strong><span style=\"color: #0066ff;\">UWG<\/span><\/strong>, die aktuelle Satzung etc.<\/p>\n<ul>\n<li>einzusehen<\/li>\n<li>herunterzuladen<\/li>\n<\/ul>\n<p>Sie ben\u00f6tigen f\u00fcr das Lesen ein Programm, das &#8220;PDF&#8221;-Dateien wiedergeben\/bearbeiten kann.<\/p>\n<ul>\n<li><a href=\"https:\/\/www.true-trust.de\/Backup\/wp-content\/uploads\/2011\/03\/satzung_2009_04.pdf\">Satzung<\/a><\/li>\n<\/ul>\n<ul>\n<li><a href=\"https:\/\/www.true-trust.de\/Backup\/wp-content\/uploads\/2011\/03\/Mitgliedsantrag.pdf\">Mitgliedsantrag<\/a><\/li>\n<\/ul>\n<p>Im Verlauf der n\u00e4chsten Wochen werden wir Ihnen auch die M\u00f6glichkeit bieten, &#8220;Online&#8221; direkt die Mitgliedschaft in der UWG zu erwerben.<\/p>\n","protected":false},"excerpt":{"rendered":"<p>Hier wird Ihnen Online die M\u00f6glichkeit geboten, Antr\u00e4ge zur Mitgliedschaft bei der UWG, die aktuelle Satzung etc. einzusehen herunterzuladen Sie ben\u00f6tigen f\u00fcr das Lesen ein Programm, das &#8220;PDF&#8221;-Dateien wiedergeben\/bearbeiten kann. Satzung Mitgliedsantrag Im Verlauf der n\u00e4chsten Wochen werden wir Ihnen auch die M\u00f6glichkeit bieten, &#8220;Online&#8221; direkt die Mitgliedschaft in der UWG zu erwerben.<\/p>\n","protected":false},"author":8,"featured_media":0,"parent":5,"menu_order":3,"comment_status":"closed","ping_status":"closed","template":"","meta":{"ngg_post_thumbnail":0,"_mc_calendar":[],"footnotes":""},"class_list":["post-15","page","type-page","status-publish","hentry"],"yoast_head":"<!-- This site is optimized with the Yoast SEO plugin v21.3 - https:\/\/yoast.com\/wordpress\/plugins\/seo\/ -->\n<title>Mitgliedschaft &#8211; UWG Radevormwald UWG Radevormwald<\/title>\n<meta name=\"description\" content=\"Hier wird Ihnen Online die M\u00f6glichkeit geboten, Antr\u00e4ge zur Mitgliedschaft bei der UWG, die aktuelle Satzung etc. einzusehen herunterzuladen Sie ben\u00f6tigen\" \/>\n<meta name=\"robots\" content=\"index, follow, max-snippet:-1, max-image-preview:large, max-video-preview:-1\" \/>\n<link rel=\"canonical\" href=\"https:\/\/www.true-trust.de\/Backup\/uwg-in-rade\/mitgliedschaft\/\" \/>\n<meta property=\"og:locale\" content=\"de_DE\" \/>\n<meta property=\"og:type\" content=\"article\" \/>\n<meta property=\"og:title\" content=\"Mitgliedschaft &#8211; UWG Radevormwald UWG Radevormwald\" \/>\n<meta property=\"og:description\" content=\"Hier wird Ihnen Online die M\u00f6glichkeit geboten, Antr\u00e4ge zur Mitgliedschaft bei der UWG, die aktuelle Satzung etc. einzusehen herunterzuladen Sie ben\u00f6tigen\" \/>\n<meta property=\"og:url\" content=\"https:\/\/www.true-trust.de\/Backup\/uwg-in-rade\/mitgliedschaft\/\" \/>\n<meta property=\"og:site_name\" content=\"UWG Radevormwald\" \/>\n<meta property=\"article:modified_time\" content=\"2016-11-29T10:33:01+00:00\" \/>\n<meta name=\"twitter:card\" content=\"summary_large_image\" \/>\n<meta name=\"twitter:site\" content=\"@UWGRadevormwald\" \/>\n<script type=\"application\/ld+json\" class=\"yoast-schema-graph\">{\"@context\":\"https:\/\/schema.org\",\"@graph\":[{\"@type\":\"WebPage\",\"@id\":\"https:\/\/www.true-trust.de\/Backup\/uwg-in-rade\/mitgliedschaft\/\",\"url\":\"https:\/\/www.true-trust.de\/Backup\/uwg-in-rade\/mitgliedschaft\/\",\"name\":\"Mitgliedschaft &#8211; UWG Radevormwald UWG Radevormwald\",\"isPartOf\":{\"@id\":\"https:\/\/www.true-trust.de\/Backup\/#website\"},\"datePublished\":\"2011-03-25T02:42:11+00:00\",\"dateModified\":\"2016-11-29T10:33:01+00:00\",\"description\":\"Hier wird Ihnen Online die M\u00f6glichkeit geboten, Antr\u00e4ge zur Mitgliedschaft bei der UWG, die aktuelle Satzung etc. einzusehen herunterzuladen Sie ben\u00f6tigen\",\"breadcrumb\":{\"@id\":\"https:\/\/www.true-trust.de\/Backup\/uwg-in-rade\/mitgliedschaft\/#breadcrumb\"},\"inLanguage\":\"de\",\"potentialAction\":[{\"@type\":\"ReadAction\",\"target\":[\"https:\/\/www.true-trust.de\/Backup\/uwg-in-rade\/mitgliedschaft\/\"]}]},{\"@type\":\"BreadcrumbList\",\"@id\":\"https:\/\/www.true-trust.de\/Backup\/uwg-in-rade\/mitgliedschaft\/#breadcrumb\",\"itemListElement\":[{\"@type\":\"ListItem\",\"position\":1,\"name\":\"Startseite\",\"item\":\"https:\/\/www.true-trust.de\/Backup\/\"},{\"@type\":\"ListItem\",\"position\":2,\"name\":\"UWG in Rade\",\"item\":\"https:\/\/www.true-trust.de\/Backup\/uwg-in-rade\/\"},{\"@type\":\"ListItem\",\"position\":3,\"name\":\"Mitgliedschaft\"}]},{\"@type\":\"WebSite\",\"@id\":\"https:\/\/www.true-trust.de\/Backup\/#website\",\"url\":\"https:\/\/www.true-trust.de\/Backup\/\",\"name\":\"UWG Radevormwald\",\"description\":\"Webseite der Unabh\u00e4ngigen W\u00e4hlergemeinschaft Radevormwald\",\"publisher\":{\"@id\":\"https:\/\/www.true-trust.de\/Backup\/#organization\"},\"potentialAction\":[{\"@type\":\"SearchAction\",\"target\":{\"@type\":\"EntryPoint\",\"urlTemplate\":\"https:\/\/www.true-trust.de\/Backup\/?s={search_term_string}\"},\"query-input\":\"required name=search_term_string\"}],\"inLanguage\":\"de\"},{\"@type\":\"Organization\",\"@id\":\"https:\/\/www.true-trust.de\/Backup\/#organization\",\"name\":\"UWG Radevormwald e. V.\",\"url\":\"https:\/\/www.true-trust.de\/Backup\/\",\"logo\":{\"@type\":\"ImageObject\",\"inLanguage\":\"de\",\"@id\":\"https:\/\/www.true-trust.de\/Backup\/#\/schema\/logo\/image\/\",\"url\":\"https:\/\/www.true-trust.de\/Backup\/wp-content\/uploads\/2012\/01\/uwg.jpg\",\"contentUrl\":\"https:\/\/www.true-trust.de\/Backup\/wp-content\/uploads\/2012\/01\/uwg.jpg\",\"width\":\"300\",\"height\":\"217\",\"caption\":\"UWG Radevormwald e. V.\"},\"image\":{\"@id\":\"https:\/\/www.true-trust.de\/Backup\/#\/schema\/logo\/image\/\"},\"sameAs\":[\"https:\/\/twitter.com\/UWGRadevormwald\"]}]}<\/script>\n<!-- \/ Yoast SEO plugin. -->","yoast_head_json":{"title":"Mitgliedschaft &#8211; UWG Radevormwald UWG Radevormwald","description":"Hier wird Ihnen Online die M\u00f6glichkeit geboten, Antr\u00e4ge zur Mitgliedschaft bei der UWG, die aktuelle Satzung etc. einzusehen herunterzuladen Sie ben\u00f6tigen","robots":{"index":"index","follow":"follow","max-snippet":"max-snippet:-1","max-image-preview":"max-image-preview:large","max-video-preview":"max-video-preview:-1"},"canonical":"https:\/\/www.true-trust.de\/Backup\/uwg-in-rade\/mitgliedschaft\/","og_locale":"de_DE","og_type":"article","og_title":"Mitgliedschaft &#8211; UWG Radevormwald UWG Radevormwald","og_description":"Hier wird Ihnen Online die M\u00f6glichkeit geboten, Antr\u00e4ge zur Mitgliedschaft bei der UWG, die aktuelle Satzung etc. einzusehen herunterzuladen Sie ben\u00f6tigen","og_url":"https:\/\/www.true-trust.de\/Backup\/uwg-in-rade\/mitgliedschaft\/","og_site_name":"UWG Radevormwald","article_modified_time":"2016-11-29T10:33:01+00:00","twitter_card":"summary_large_image","twitter_site":"@UWGRadevormwald","schema":{"@context":"https:\/\/schema.org","@graph":[{"@type":"WebPage","@id":"https:\/\/www.true-trust.de\/Backup\/uwg-in-rade\/mitgliedschaft\/","url":"https:\/\/www.true-trust.de\/Backup\/uwg-in-rade\/mitgliedschaft\/","name":"Mitgliedschaft &#8211; UWG Radevormwald UWG Radevormwald","isPartOf":{"@id":"https:\/\/www.true-trust.de\/Backup\/#website"},"datePublished":"2011-03-25T02:42:11+00:00","dateModified":"2016-11-29T10:33:01+00:00","description":"Hier wird Ihnen Online die M\u00f6glichkeit geboten, Antr\u00e4ge zur Mitgliedschaft bei der UWG, die aktuelle Satzung etc. einzusehen herunterzuladen Sie ben\u00f6tigen","breadcrumb":{"@id":"https:\/\/www.true-trust.de\/Backup\/uwg-in-rade\/mitgliedschaft\/#breadcrumb"},"inLanguage":"de","potentialAction":[{"@type":"ReadAction","target":["https:\/\/www.true-trust.de\/Backup\/uwg-in-rade\/mitgliedschaft\/"]}]},{"@type":"BreadcrumbList","@id":"https:\/\/www.true-trust.de\/Backup\/uwg-in-rade\/mitgliedschaft\/#breadcrumb","itemListElement":[{"@type":"ListItem","position":1,"name":"Startseite","item":"https:\/\/www.true-trust.de\/Backup\/"},{"@type":"ListItem","position":2,"name":"UWG in Rade","item":"https:\/\/www.true-trust.de\/Backup\/uwg-in-rade\/"},{"@type":"ListItem","position":3,"name":"Mitgliedschaft"}]},{"@type":"WebSite","@id":"https:\/\/www.true-trust.de\/Backup\/#website","url":"https:\/\/www.true-trust.de\/Backup\/","name":"UWG Radevormwald","description":"Webseite der Unabh\u00e4ngigen W\u00e4hlergemeinschaft Radevormwald","publisher":{"@id":"https:\/\/www.true-trust.de\/Backup\/#organization"},"potentialAction":[{"@type":"SearchAction","target":{"@type":"EntryPoint","urlTemplate":"https:\/\/www.true-trust.de\/Backup\/?s={search_term_string}"},"query-input":"required name=search_term_string"}],"inLanguage":"de"},{"@type":"Organization","@id":"https:\/\/www.true-trust.de\/Backup\/#organization","name":"UWG Radevormwald e. V.","url":"https:\/\/www.true-trust.de\/Backup\/","logo":{"@type":"ImageObject","inLanguage":"de","@id":"https:\/\/www.true-trust.de\/Backup\/#\/schema\/logo\/image\/","url":"https:\/\/www.true-trust.de\/Backup\/wp-content\/uploads\/2012\/01\/uwg.jpg","contentUrl":"https:\/\/www.true-trust.de\/Backup\/wp-content\/uploads\/2012\/01\/uwg.jpg","width":"300","height":"217","caption":"UWG Radevormwald e. V."},"image":{"@id":"https:\/\/www.true-trust.de\/Backup\/#\/schema\/logo\/image\/"},"sameAs":["https:\/\/twitter.com\/UWGRadevormwald"]}]}},"_links":{"self":[{"href":"https:\/\/www.true-trust.de\/Backup\/wp-json\/wp\/v2\/pages\/15","targetHints":{"allow":["GET"]}}],"collection":[{"href":"https:\/\/www.true-trust.de\/Backup\/wp-json\/wp\/v2\/pages"}],"about":[{"href":"https:\/\/www.true-trust.de\/Backup\/wp-json\/wp\/v2\/types\/page"}],"author":[{"embeddable":true,"href":"https:\/\/www.true-trust.de\/Backup\/wp-json\/wp\/v2\/users\/8"}],"replies":[{"embeddable":true,"href":"https:\/\/www.true-trust.de\/Backup\/wp-json\/wp\/v2\/comments?post=15"}],"version-history":[{"count":1,"href":"https:\/\/www.true-trust.de\/Backup\/wp-json\/wp\/v2\/pages\/15\/revisions"}],"predecessor-version":[{"id":1877,"href":"https:\/\/www.true-trust.de\/Backup\/wp-json\/wp\/v2\/pages\/15\/revisions\/1877"}],"up":[{"embeddable":true,"href":"https:\/\/www.true-trust.de\/Backup\/wp-json\/wp\/v2\/pages\/5"}],"wp:attachment":[{"href":"https:\/\/www.true-trust.de\/Backup\/wp-json\/wp\/v2\/media?parent=15"}],"curies":[{"name":"wp","href":"https:\/\/api.w.org\/{rel}","templated":true}]}}